{"id":682341,"date":"2026-01-09T22:09:00","date_gmt":"2026-01-09T19:09:00","guid":{"rendered":"https:\/\/nbg.eu\/product\/manly-city-g10-black-s90v\/"},"modified":"2026-01-21T12:28:45","modified_gmt":"2026-01-21T09:28:45","slug":"manly-city-g10-black-s90v","status":"publish","type":"product","link":"https:\/\/nbg.eu\/lv\/product\/manly-city-g10-black-s90v\/","title":{"rendered":"Manly City G10 Black S90V"},"content":{"rendered":"<h2>Manly City G10 Melna S90V: Izcilas ikdienas nazis<\/h2>\n<p>K\u0101 liecina t\u0101 nosaukums, Manly City G10 Melna S90V ir izcils ikdienas nazis pils\u0113t\u0101. Tas ir veidots, iev\u0113rojot m\u016bsu filozofiju pied\u0101v\u0101t lietot\u0101jiem r\u016bp\u012bgi atlas\u012btus augstas kvalit\u0101tes materi\u0101lus par pie\u0146emamu cenu, un \u0161is saliekamais nazis lepojas ar pilnu plakanu asmeni, kas izgatavots no CPM S90V t\u0113rauda ar Rockwell ciet\u012bbu 60-62 HRC. T\u0101 apgrie\u017eamais kabatas klips un dubult\u0101 spraud\u0146a poz\u012bcija to padara piln\u012bb\u0101 piem\u0113rotu gan kreilis, gan lab\u0101s rokas lietot\u0101jiem.<\/p>\n<p>Ar kop\u0113jo garumu 17,7 cm, 7,0 cm garu asmeni un 10,5 cm saloc\u012btu garumu, nazis ar 2,7 mm biezu asmeni sver tikai 95 g. Rokturis ir izgatavots no iztur\u012bga 3D G10 materi\u0101la, un nazi var atv\u0113rt ar vienas rokas lieto\u0161anu izmantojot \u012bk\u0161\u0137a pogu. Iztur\u012bgs fiks\u0101cijas meh\u0101nisms nodro\u0161ina dro\u0161u un uzticamu asmens atbr\u012bvo\u0161anu.<\/p>\n<p>Pieejams elegant\u0101 meln\u0101 kr\u0101s\u0101, Manly City G10 Melna S90V ir ide\u0101ls ikdienas l\u012bdzn\u0113s\u0101jams nazis, apvienojot augstas veiktsp\u0113jas parametrus un kvalitat\u012bvu konstrukciju par pieejamu cenu.<\/p>\n","protected":false},"excerpt":{"rendered":"<p>Iz\u0146\u0113muma ikdienas pils\u0113tas nazis ar CPM S90V asmeni, 3D G10 rokturi un atgriezenisku klipsi.<\/p>\n","protected":false},"featured_media":682381,"template":"","meta":{"_acf_changed":false},"product_brand":[15087],"product_cat":[13812,15385,15365],"product_tag":[],"class_list":{"0":"post-682341","1":"product","2":"type-product","3":"status-publish","4":"has-post-thumbnail","6":"product_brand-manly-knives","7":"product_cat-edc","8":"product_cat-folding-knives-lv","9":"product_cat-knives-lv","11":"first","12":"outofstock","13":"taxable","14":"shipping-taxable","15":"purchasable","16":"product-type-simple"},"acf":[],"_links":{"self":[{"href":"https:\/\/nbg.eu\/lv\/wp-json\/wp\/v2\/product\/682341","targetHints":{"allow":["GET"]}}],"collection":[{"href":"https:\/\/nbg.eu\/lv\/wp-json\/wp\/v2\/product"}],"about":[{"href":"https:\/\/nbg.eu\/lv\/wp-json\/wp\/v2\/types\/product"}],"wp:featuredmedia":[{"embeddable":true,"href":"https:\/\/nbg.eu\/lv\/wp-json\/wp\/v2\/media\/682381"}],"wp:attachment":[{"href":"https:\/\/nbg.eu\/lv\/wp-json\/wp\/v2\/media?parent=682341"}],"wp:term":[{"taxonomy":"product_brand","embeddable":true,"href":"https:\/\/nbg.eu\/lv\/wp-json\/wp\/v2\/product_brand?post=682341"},{"taxonomy":"product_cat","embeddable":true,"href":"https:\/\/nbg.eu\/lv\/wp-json\/wp\/v2\/product_cat?post=682341"},{"taxonomy":"product_tag","embeddable":true,"href":"https:\/\/nbg.eu\/lv\/wp-json\/wp\/v2\/product_tag?post=682341"}],"curies":[{"name":"wp","href":"https:\/\/api.w.org\/{rel}","templated":true}]}}