{"id":682590,"date":"2026-01-09T22:08:59","date_gmt":"2026-01-09T19:08:59","guid":{"rendered":"https:\/\/nbg.eu\/product\/manlijas-pilsetas-melns-14c28n\/"},"modified":"2026-01-21T12:29:38","modified_gmt":"2026-01-21T09:29:38","slug":"manlijas-pilsetas-melns-14c28n","status":"publish","type":"product","link":"https:\/\/nbg.eu\/lv\/product\/manlijas-pilsetas-melns-14c28n\/","title":{"rendered":"Manlijas pils\u0113tas melns 14C28N"},"content":{"rendered":"<h2>Manly City Black 14C28N: Iz\u0146\u0113muma ikdienas pils\u0113tas nazis<\/h2>\n<p>Manly City Black 14C28N ir iz\u0146\u0113muma ikdienas pils\u0113tas nazis, kas iemieso m\u016bsu filozofiju pied\u0101v\u0101t lietot\u0101jiem r\u016bp\u012bgi atlas\u012btus galvenos materi\u0101lus par sapr\u0101t\u012bgu cenu. Ar pilnu plakanu asmeni, kas izgatavotas no iztur\u012bg\u0101 Sandvik 14C28N t\u0113rauda, \u0161is salok\u0101mais nazis ir paredz\u0113ts k\u013c\u016bt par uzticamu pal\u012bgu ikdienas uzdevumu veik\u0161an\u0101.<\/p>\n<p>Ar kop\u0113jo garumu 17,7 cm un asmens garumu 7,0 cm, Manly City Black 14C28N ir kompakts un daudzfunkciju darbar\u012bks. Saloc\u012bt\u0101 veid\u0101 tas ir 10,5 cm gar\u0161, \u013caujot to viegli p\u0101rn\u0113s\u0101t un uzglab\u0101t. Asmens biezums 2,7 mm un kop\u0113jais svars 95 g nodro\u0161ina l\u012bdzsvarotu un \u0113rtu lieto\u0161anu.<\/p>\n<p>Viena no \u0161\u0101 na\u017ea izcilaj\u0101m iez\u012bm\u0113m ir t\u0101 apgrie\u017eamais klipis, kas to padara piem\u0113rotu gan kreilie, gan labroc\u012bgie lietot\u0101ji. Roktura materi\u0101ls ir iztur\u012bgs G10, nodro\u0161inot dro\u0161u un nesl\u012bdo\u0161u satv\u0113rienu pat mitr\u0101s vai pras\u012bg\u0101s situ\u0101cij\u0101s.<\/p>\n<p>Apr\u012bkots ar divpus\u0113ju atv\u0113r\u0161anas meh\u0101nismu un dro\u0161u atsl\u0113gmeh\u0101nismu, Manly City Black 14C28N pied\u0101v\u0101 dro\u0161u un stabilu darb\u012bbu, nodro\u0161inot, ka j\u016bsu grie\u0161anas uzdevumi tiek veikti ar p\u0101rliec\u012bbu un precizit\u0101ti. Elegant\u0101 melna kr\u0101sas sh\u0113ma papildina na\u017ea moderno un izsmalcin\u0101to izskatu, padarot to par stil\u012bgu izv\u0113li ikdienas n\u0113s\u0101\u0161anai.<\/p>\n","protected":false},"excerpt":{"rendered":"<p>Manly City Black 14C28N ir izcila ikdienas pils\u0113tas nazis, kam rakstur\u012bgs Sandvik 14C28N t\u0113rauda asmens un revers\u012bvs klips kreis\u0101 vai lab\u0101 rokas lieto\u0161anai.<\/p>\n","protected":false},"featured_media":682772,"template":"","meta":{"_acf_changed":false},"product_brand":[15087],"product_cat":[13812,15385,15365],"product_tag":[],"class_list":{"0":"post-682590","1":"product","2":"type-product","3":"status-publish","4":"has-post-thumbnail","6":"product_brand-manly-knives","7":"product_cat-edc","8":"product_cat-folding-knives-lv","9":"product_cat-knives-lv","11":"first","12":"instock","13":"taxable","14":"shipping-taxable","15":"purchasable","16":"product-type-simple"},"acf":[],"_links":{"self":[{"href":"https:\/\/nbg.eu\/lv\/wp-json\/wp\/v2\/product\/682590","targetHints":{"allow":["GET"]}}],"collection":[{"href":"https:\/\/nbg.eu\/lv\/wp-json\/wp\/v2\/product"}],"about":[{"href":"https:\/\/nbg.eu\/lv\/wp-json\/wp\/v2\/types\/product"}],"wp:featuredmedia":[{"embeddable":true,"href":"https:\/\/nbg.eu\/lv\/wp-json\/wp\/v2\/media\/682772"}],"wp:attachment":[{"href":"https:\/\/nbg.eu\/lv\/wp-json\/wp\/v2\/media?parent=682590"}],"wp:term":[{"taxonomy":"product_brand","embeddable":true,"href":"https:\/\/nbg.eu\/lv\/wp-json\/wp\/v2\/product_brand?post=682590"},{"taxonomy":"product_cat","embeddable":true,"href":"https:\/\/nbg.eu\/lv\/wp-json\/wp\/v2\/product_cat?post=682590"},{"taxonomy":"product_tag","embeddable":true,"href":"https:\/\/nbg.eu\/lv\/wp-json\/wp\/v2\/product_tag?post=682590"}],"curies":[{"name":"wp","href":"https:\/\/api.w.org\/{rel}","templated":true}]}}