{"id":682900,"date":"2026-01-08T18:15:12","date_gmt":"2026-01-08T15:15:12","guid":{"rendered":"https:\/\/nbg.eu\/product\/manly-blaze-rieksta-koks-rwl-34\/"},"modified":"2026-01-21T12:28:45","modified_gmt":"2026-01-21T09:28:45","slug":"manly-blaze-rieksta-koks-rwl-34","status":"publish","type":"product","link":"https:\/\/nbg.eu\/lv\/product\/manly-blaze-rieksta-koks-rwl-34\/","title":{"rendered":"Manly Blaze Rieksta koks RWL-34"},"content":{"rendered":"<h2>Blaze RWL-34 Walnut: Ide\u0101lais Bushcraft nazis<\/h2>\n<p>Ar fiks\u0113tu asmeni un pilna garuma konstrukciju, Blaze RWL-34 Walnut ir galven\u0101 izv\u0113le uzticamai veiktsp\u0113jai lielisk\u0101 dab\u0101. Izgatavots ar precizit\u0101ti un r\u016bp\u012bbu, \u0161is nazis ir ide\u0101lais pal\u012bgs j\u016bsu nomet\u0146o\u0161anas, mak\u0161\u0137er\u0113\u0161anas vai kalnu p\u0101rg\u0101jienu piedz\u012bvojumos.<\/p>\n<p>Rokturis ir izgatavots no bulg\u0101ru valrieksta, nodro\u0161inot \u0113rtu un dro\u0161u satv\u0113rienu pat visgr\u016bt\u0101kos apst\u0101k\u013cos. Vai jums nepiecie\u0161ams griezt cauri bl\u012bvai zemsedzes ve\u0123et\u0101cijai, sagatavot savu nomed\u012bto upuri vai veikt b\u016btiskus izdz\u012bvo\u0161anas uzdevumus, Blaze RWL-34 Walnut ir sp\u0113j\u012bgs tikt gal\u0101 ar \u0161iem uzdevumiem.<\/p>\n<p>Ar 4 mm biezu asmeni, kas izgatavots no augstas kvalit\u0101tes RWL-34 t\u0113rauda, \u0161is nazis var lepoties ar 62 HRC asmens ciet\u012bbu, nodro\u0161inot izcilu iztur\u012bbu un asuma saglab\u0101\u0161anu. Ar kop\u0113jo garumu 24,5 cm un asmens garumu 11,9 cm, Blaze RWL-34 Walnut pied\u0101v\u0101 ide\u0101lu l\u012bdzsvaru starp izm\u0113ru un manevren\u012bbu.<\/p>\n<p>Sv\u0113rot tikai 210 gramus, \u0161is nazis ir viegli p\u0101rn\u0113s\u0101jams un neapgr\u016btin\u0101s j\u016bs, padarot to par ide\u0101lu pavadoni j\u016bsu \u0101ra piedz\u012bvojumiem. Iek\u013cautais \u0101das maksts nodro\u0161ina papildu aizsardz\u012bbu un \u0113rt\u012bbu, \u013caujot jums tur\u0113t savu Blaze RWL-34 Walnut vienm\u0113r pa rokai.<\/p>\n","protected":false},"excerpt":{"rendered":"<p>Blaze RWL-34 Orzech &#8211; ide\u0101lais Bushcraft nazis ar orzecha koka rokturi un 62 HRC asmeni.<\/p>\n","protected":false},"featured_media":683205,"template":"","meta":{"_acf_changed":false},"product_brand":[15087],"product_cat":[15365],"product_tag":[],"class_list":{"0":"post-682900","1":"product","2":"type-product","3":"status-publish","4":"has-post-thumbnail","6":"product_brand-manly-knives","7":"product_cat-knives-lv","9":"first","10":"instock","11":"taxable","12":"shipping-taxable","13":"purchasable","14":"product-type-simple"},"acf":[],"_links":{"self":[{"href":"https:\/\/nbg.eu\/lv\/wp-json\/wp\/v2\/product\/682900","targetHints":{"allow":["GET"]}}],"collection":[{"href":"https:\/\/nbg.eu\/lv\/wp-json\/wp\/v2\/product"}],"about":[{"href":"https:\/\/nbg.eu\/lv\/wp-json\/wp\/v2\/types\/product"}],"wp:featuredmedia":[{"embeddable":true,"href":"https:\/\/nbg.eu\/lv\/wp-json\/wp\/v2\/media\/683205"}],"wp:attachment":[{"href":"https:\/\/nbg.eu\/lv\/wp-json\/wp\/v2\/media?parent=682900"}],"wp:term":[{"taxonomy":"product_brand","embeddable":true,"href":"https:\/\/nbg.eu\/lv\/wp-json\/wp\/v2\/product_brand?post=682900"},{"taxonomy":"product_cat","embeddable":true,"href":"https:\/\/nbg.eu\/lv\/wp-json\/wp\/v2\/product_cat?post=682900"},{"taxonomy":"product_tag","embeddable":true,"href":"https:\/\/nbg.eu\/lv\/wp-json\/wp\/v2\/product_tag?post=682900"}],"curies":[{"name":"wp","href":"https:\/\/api.w.org\/{rel}","templated":true}]}}