{"id":683281,"date":"2025-12-17T17:30:35","date_gmt":"2025-12-17T14:30:35","guid":{"rendered":"https:\/\/nbg.eu\/product\/viriskigs-blaze-melns-g10-rwl-34\/"},"modified":"2026-01-21T11:41:30","modified_gmt":"2026-01-21T08:41:30","slug":"viriskigs-blaze-melns-g10-rwl-34","status":"publish","type":"product","link":"https:\/\/nbg.eu\/lv\/product\/viriskigs-blaze-melns-g10-rwl-34\/","title":{"rendered":"V\u012bri\u0161\u0137\u012bgs Blaze Melns G10 RWL-34"},"content":{"rendered":"<h2>Viril\u0101 uguns Melna G10 RWL-34 &#8211; Gal\u0113j\u0101 Me\u017ea na\u017eu<\/h2>\n<p>Uguns RWL-34 Melns ir ide\u0101lais Me\u017ea nazis. Ar fiks\u0113tu asmeni un pilnu mas\u012bvu konstrukciju + augst\u0101k\u0101s kvalit\u0101tes RWL-34 pulvera t\u0113rauds, \u0161\u012b na\u017ea iztur\u012bba ir garant\u0113ta. Rokturis ir izgatavots no tekstur\u0113t\u0101 melna G10, notur\u012bgs pret koroziju. Nazi var viegli iz\u0146emt no maksts (izgatavots no kaideksa) ar vienas rokas kust\u012bbu, un jostas stiprin\u0101jums var b\u016bt horizont\u0101ls vai vertik\u0101ls.<\/p>\n<p>Ja jums nepiecie\u0161ams uzticams nazis kalnos, nometn\u0113s vai zvejojot, tad Uguns ir j\u016bsu izv\u0113le.<\/p>\n<h2>Tehnisk\u0101s specifik\u0101cijas<\/h2>\n<p>Nosaukums: Uguns \u2013 RWL-34 Melns<br \/>\nTips: Fiks\u0113ts asmens<br \/>\nKop\u0113jais garums: 24,5 cm<br \/>\nAsmens garums: 11,9 cm<br \/>\nAsmens biezums: 4 mm<br \/>\nGriez\u0113jmalas ciet\u012bba: 62 hrc<br \/>\nSvars: 210g<br \/>\nAsmens materi\u0101ls: RWL-34<br \/>\nRoktura materi\u0101ls: G10<br \/>\nMaksts materi\u0101ls: Kaidekss<\/p>\n","protected":false},"excerpt":{"rendered":"<p>Blaze RWL-34 Melns: ide\u0101lais Bushcraft nazis ar fiks\u0113tu asmeni, pilnu k\u0101tu un RWL-34 pulverSteel.<\/p>\n","protected":false},"featured_media":683338,"template":"","meta":{"_acf_changed":false},"product_brand":[15087],"product_cat":[2876],"product_tag":[],"class_list":{"0":"post-683281","1":"product","2":"type-product","3":"status-publish","4":"has-post-thumbnail","6":"product_brand-manly-knives","7":"product_cat-rahohvatki","9":"first","10":"instock","11":"taxable","12":"shipping-taxable","13":"purchasable","14":"product-type-simple"},"acf":[],"_links":{"self":[{"href":"https:\/\/nbg.eu\/lv\/wp-json\/wp\/v2\/product\/683281","targetHints":{"allow":["GET"]}}],"collection":[{"href":"https:\/\/nbg.eu\/lv\/wp-json\/wp\/v2\/product"}],"about":[{"href":"https:\/\/nbg.eu\/lv\/wp-json\/wp\/v2\/types\/product"}],"wp:featuredmedia":[{"embeddable":true,"href":"https:\/\/nbg.eu\/lv\/wp-json\/wp\/v2\/media\/683338"}],"wp:attachment":[{"href":"https:\/\/nbg.eu\/lv\/wp-json\/wp\/v2\/media?parent=683281"}],"wp:term":[{"taxonomy":"product_brand","embeddable":true,"href":"https:\/\/nbg.eu\/lv\/wp-json\/wp\/v2\/product_brand?post=683281"},{"taxonomy":"product_cat","embeddable":true,"href":"https:\/\/nbg.eu\/lv\/wp-json\/wp\/v2\/product_cat?post=683281"},{"taxonomy":"product_tag","embeddable":true,"href":"https:\/\/nbg.eu\/lv\/wp-json\/wp\/v2\/product_tag?post=683281"}],"curies":[{"name":"wp","href":"https:\/\/api.w.org\/{rel}","templated":true}]}}