{"id":683360,"date":"2025-12-17T17:40:13","date_gmt":"2025-12-17T14:40:13","guid":{"rendered":"https:\/\/nbg.eu\/product\/viriskigs-blaze-melns-g10-d2\/"},"modified":"2026-01-21T11:39:01","modified_gmt":"2026-01-21T08:39:01","slug":"viriskigs-blaze-melns-g10-d2","status":"publish","type":"product","link":"https:\/\/nbg.eu\/lv\/product\/viriskigs-blaze-melns-g10-d2\/","title":{"rendered":"V\u012bri\u0161\u0137\u012bgs Blaze Melns G10 D2"},"content":{"rendered":"<h2>Blaze D2 Black: Uzticams Bushcraft nazis atkl\u0101t\u0101 gaisa piedz\u012bvojumiem<\/h2>\n<p>Blaze D2 Black ir ide\u0101lais Bushcraft nazis, paredz\u0113ts izmanto\u0161anai nelabv\u0113l\u012bgos apst\u0101k\u013cos \u0101rpus telp\u0101m. Ar savu fiks\u0113to asmeni un pilnu k\u0101ta konstrukciju \u0161is nazis pied\u0101v\u0101 nebiju\u0161u stabilit\u0101ti un iztur\u012bbu, nodro\u0161inot, ka tas var iztur\u0113t visliel\u0101kos uzdevumus. Tekst\u016br\u0113tais melns G10 rokturis ir korozijas iztur\u012bgs, nodro\u0161inot dro\u0161u satv\u0113rienu pat mitros apst\u0101k\u013cos.<\/p>\n<p>Blaze var viegli iz\u0146emt no Kydex maksts ar vienas rokas kust\u012bbu, \u013caujot \u0101tri piek\u013c\u016bt tam, kad tas ir visvair\u0101k nepiecie\u0161ams. Daudzfunkcion\u0101lais siksnas stiprin\u0101jums var tikt novietots horizont\u0101li vai vertik\u0101li, atvieglojot p\u0101rn\u0113s\u0101\u0161anu piedz\u012bvojumu laik\u0101.<\/p>\n<p>Neatkar\u012bgi no t\u0101, vai j\u016bs tiekat gal\u0101 ar dabas izaicin\u0101jumiem, kempingu vai zveju, Blaze D2 Black ir uzticams pavadonis, uz kuru varat pa\u013cauties. R\u016bp\u012bgi izstr\u0101d\u0101ts, \u0161is nazis lepojas ar 61HRC griez\u0113jmalas ciet\u012bbu, nodro\u0161inot, ka tas var ar vieglumu veikt pla\u0161u uzdevumu kl\u0101stu. Ar savu 1.2379 (D2) asmens materi\u0101lu un iztur\u012bgo konstrukciju Blaze D2 Black ir veidots ilgai lieto\u0161anai, padarot to par b\u016btisku r\u012bku jebkuram \u0101rk\u0101rtajos apst\u0101k\u013cos darbojo\u0161amies entuziastam.<\/p>\n","protected":false},"excerpt":{"rendered":"<p>Blaze D2 Melns &#8211; ide\u0101ls Bushcraft nazis. Tekstur\u0113ts G10 rokturis, D2 t\u0113rauda asmens, Kydex maksts.<\/p>\n","protected":false},"featured_media":683412,"template":"","meta":{"_acf_changed":false},"product_brand":[15087],"product_cat":[2876],"product_tag":[],"class_list":{"0":"post-683360","1":"product","2":"type-product","3":"status-publish","4":"has-post-thumbnail","6":"product_brand-manly-knives","7":"product_cat-rahohvatki","9":"first","10":"instock","11":"taxable","12":"shipping-taxable","13":"purchasable","14":"product-type-simple"},"acf":[],"_links":{"self":[{"href":"https:\/\/nbg.eu\/lv\/wp-json\/wp\/v2\/product\/683360","targetHints":{"allow":["GET"]}}],"collection":[{"href":"https:\/\/nbg.eu\/lv\/wp-json\/wp\/v2\/product"}],"about":[{"href":"https:\/\/nbg.eu\/lv\/wp-json\/wp\/v2\/types\/product"}],"wp:featuredmedia":[{"embeddable":true,"href":"https:\/\/nbg.eu\/lv\/wp-json\/wp\/v2\/media\/683412"}],"wp:attachment":[{"href":"https:\/\/nbg.eu\/lv\/wp-json\/wp\/v2\/media?parent=683360"}],"wp:term":[{"taxonomy":"product_brand","embeddable":true,"href":"https:\/\/nbg.eu\/lv\/wp-json\/wp\/v2\/product_brand?post=683360"},{"taxonomy":"product_cat","embeddable":true,"href":"https:\/\/nbg.eu\/lv\/wp-json\/wp\/v2\/product_cat?post=683360"},{"taxonomy":"product_tag","embeddable":true,"href":"https:\/\/nbg.eu\/lv\/wp-json\/wp\/v2\/product_tag?post=683360"}],"curies":[{"name":"wp","href":"https:\/\/api.w.org\/{rel}","templated":true}]}}