{"id":683435,"date":"2025-12-17T18:06:26","date_gmt":"2025-12-17T15:06:26","guid":{"rendered":"https:\/\/nbg.eu\/product\/nocpix-m6t25s-siltumkamera-automasinai-ar-inteligentu-karstuma-objektu-noteiksanu\/"},"modified":"2026-01-21T11:45:00","modified_gmt":"2026-01-21T08:45:00","slug":"nocpix-m6t25s-siltumkamera-automasinai-ar-inteligentu-karstuma-objektu-noteiksanu","status":"publish","type":"product","link":"https:\/\/nbg.eu\/lv\/product\/nocpix-m6t25s-siltumkamera-automasinai-ar-inteligentu-karstuma-objektu-noteiksanu\/","title":{"rendered":"Nocpix M6T25S siltumkamera automa\u0161\u012bnai ar inteli\u0123entu karstuma objektu noteik\u0161anu"},"content":{"rendered":"<h2>Nocpix M6T25S Term\u0101l\u0101 automa\u0161\u012bnas kamera ar inteli\u0123ento karstumu noteik\u0161anu objektiem<\/h2>\n<p>Iev\u0113rojiet Nocpix MT s\u0113riju, inovat\u012bvo kupola skeneri no Nocpix, kas ir izstr\u0101d\u0101ts \u012bpa\u0161i med\u012bb\u0101m. Tas ir j\u016bsu ide\u0101l\u0101 izv\u0113le ne tikai brauk\u0161anai med\u012bb\u0101s, bet ar\u012b piem\u0113rots da\u017e\u0101d\u0101m med\u012bbu metod\u0113m un paradumiem. Apr\u012bkots ar modernu AI mode\u013ciem un augstas veiktsp\u0113jas apstr\u0101des jaudu, MT nodro\u0161ina stabilu veiktsp\u0113ju pat brauk\u0161anas laik\u0101 un pied\u0101v\u0101 prec\u012bzu upuru noteik\u0161anu, fiks\u0113\u0161anu un izseko\u0161anu, nodro\u0161inot augstas kvalit\u0101tes att\u0113lus un izcilu med\u012bbu pieredzi.<\/p>\n<h2>AI inteli\u0123enta veiktsp\u0113ja<\/h2>\n<p>Darbin\u0101ts ar YOLO V5 dzi\u013c\u0101s m\u0101c\u012b\u0161an\u0101s modeli un 2T apstr\u0101des jaudu, \u0161\u012b sist\u0113ma ir izstr\u0101d\u0101ta, lai uzlabotu j\u016bsu med\u012bbu pieredzi. Dzi\u013c\u0101s m\u0101c\u012b\u0161an\u0101s modelis, kas apm\u0101c\u012bts ar milz\u012bgu datu kopu, \u013cauj \u0101tr\u0101m autom\u0101tisk\u0101m upuru atpaz\u012b\u0161anai un izseko\u0161anai, ar prec\u012bz\u0101m aptveres r\u0101mjiem m\u0113r\u0137a atz\u012bm\u0113\u0161anai. Tas padara visu med\u012bbu procesu \u2013 identific\u0113\u0161anu, m\u0113r\u0137\u0113\u0161anu un izseko\u0161anu \u2013 daudz viegl\u0101ku un vienm\u0113r\u012bg\u0101ku, samazinot piep\u016bli, kas nepiecie\u0161ama katras darb\u012bbas veik\u0161anai.<\/p>\n<h2>Bez birst\u0113m 360\u00b0 panor\u0101mas skats ar 90\u00b0 sl\u012bpuma diapazonu<\/h2>\n<p>MT pied\u0101v\u0101 pla\u0161u 360\u00b0 panor\u0101mas skatu ar 90\u00b0 sl\u012bpuma diapazonu, nodro\u0161inot pilnu p\u0101rkl\u0101jumu. Tas nodro\u0161ina piln\u012bgu, nep\u0101rtrauktu j\u016bsu upura izseko\u0161anu, bez jebk\u0101diem aklajiem punktiem.<\/p>\n<h2>Gala stabiliz\u0101cija<\/h2>\n<p>2-ass stabiliz\u0101cija pie\u0161\u0137ir MT sp\u0113ju nodro\u0161in\u0101t stabilu att\u0113lu, autom\u0101tiska kalibr\u0113\u0161ana kori\u0123\u0113 l\u0113cas nob\u012bdi, ko izraisa ce\u013ca bedres vai citi \u0101r\u0113jie vides faktori, uzturot nemain\u012bgu virzienu.<\/p>\n<h2>\u013boti kluss lietot\u0101ja pieredze<\/h2>\n<p>M6T25S izmanto bezsuku motoru 360 gr\u0101du horizont\u0101lajai rot\u0101cijai un dinamisku balans\u0113\u0161anas dizainu, kas noz\u012bm\u0113, ka tas darbojas ar zemu decibel\u013cu l\u012bmeni rot\u0101cijas un sl\u012bpuma laik\u0101, nodro\u0161inot, ka j\u016bsu med\u012bbu pieredze paliek netrauc\u0113ta un pat\u012bkama.<\/p>\n<h2>Vair\u0101kas savieno\u0161anas un termin\u0101la att\u0113lo\u0161anas metodes<\/h2>\n<p>Lai ietilptu da\u017e\u0101dos lieto\u0161anas paradumos un scen\u0101rijos, tiek atbalst\u012btas divas savieno\u0161anas metodes: kabelis un WiFi. Kabe\u013ca savieno\u0161ana nodro\u0161ina relat\u012bvi stabil\u0101ku att\u0113la p\u0101rraidi, kam\u0113r WiFi pied\u0101v\u0101 \u0113rt\u0101ku un bezvadu pieredzi. Re\u0101llaika att\u0113la p\u0101rraide ir pieejama jebkur\u0101 ier\u012bc\u0113 ar instal\u0113tu Nocpix lietotni, tostarp, bet ne tikai, iPad, mobilajiem t\u0101lru\u0146iem u.c.<\/p>\n","protected":false},"excerpt":{"rendered":"<p>Nocpix M6T25S termovizu\u0101l\u0101 automa\u0161\u012bnas kamera ar intelektu\u0101lu karstuma objektu noteik\u0161anu. Intelektu\u0101l\u0101 mekl\u0113\u0161ana, efekt\u012bvais diapazons 2300m, t\u0101lvad\u012bba, 2 uzl\u0101d\u0113jamas baterijas l\u012bdz 7 stundu darb\u012bbas laikam.<\/p>\n<p>Ja prece nav pieejama, l\u016bdzu, sazinieties ar mums: shop@nbg.eu vai +359896147790<\/p>\n","protected":false},"featured_media":683595,"template":"","meta":{"_acf_changed":false},"product_brand":[14459],"product_cat":[13798],"product_tag":[],"class_list":{"0":"post-683435","1":"product","2":"type-product","3":"status-publish","4":"has-post-thumbnail","6":"product_brand-nocpix","7":"product_cat-termiska","9":"first","10":"instock","11":"taxable","12":"shipping-taxable","13":"purchasable","14":"product-type-simple"},"acf":[],"_links":{"self":[{"href":"https:\/\/nbg.eu\/lv\/wp-json\/wp\/v2\/product\/683435","targetHints":{"allow":["GET"]}}],"collection":[{"href":"https:\/\/nbg.eu\/lv\/wp-json\/wp\/v2\/product"}],"about":[{"href":"https:\/\/nbg.eu\/lv\/wp-json\/wp\/v2\/types\/product"}],"wp:featuredmedia":[{"embeddable":true,"href":"https:\/\/nbg.eu\/lv\/wp-json\/wp\/v2\/media\/683595"}],"wp:attachment":[{"href":"https:\/\/nbg.eu\/lv\/wp-json\/wp\/v2\/media?parent=683435"}],"wp:term":[{"taxonomy":"product_brand","embeddable":true,"href":"https:\/\/nbg.eu\/lv\/wp-json\/wp\/v2\/product_brand?post=683435"},{"taxonomy":"product_cat","embeddable":true,"href":"https:\/\/nbg.eu\/lv\/wp-json\/wp\/v2\/product_cat?post=683435"},{"taxonomy":"product_tag","embeddable":true,"href":"https:\/\/nbg.eu\/lv\/wp-json\/wp\/v2\/product_tag?post=683435"}],"curies":[{"name":"wp","href":"https:\/\/api.w.org\/{rel}","templated":true}]}}