{"id":683636,"date":"2026-01-08T18:14:29","date_gmt":"2026-01-08T15:14:29","guid":{"rendered":"https:\/\/nbg.eu\/product\/termografiska-kamera-nocpix-vista-h50-50mm-12%ce%bcm-640x512-15mk-netd\/"},"modified":"2026-04-14T16:04:16","modified_gmt":"2026-04-14T13:04:16","slug":"termografiska-kamera-nocpix-vista-h50-50mm-12%ce%bcm-640x512-15mk-netd","status":"publish","type":"product","link":"https:\/\/nbg.eu\/lv\/product\/termografiska-kamera-nocpix-vista-h50-50mm-12%ce%bcm-640x512-15mk-netd\/","title":{"rendered":"Nocpix Termokamera VISTA H50"},"content":{"rendered":"<h2>Nocpix VISTA H50 &#8211; Dienas un nakts izmanto\u0161anai paredz\u0113ta termokamera ar modern\u0101m tehnolo\u0123ij\u0101m<\/h2>\n<p>Nocpix VISTA H50 ir termokamera ar modern\u0101m tehnolo\u0123ij\u0101m, kas paredz\u0113ta dienas un nakts izmanto\u0161anai. T\u0101 nodro\u0161ina izcilu att\u0113lu kvalit\u0101ti pat skarbajos laikapst\u0101k\u013cos, piem\u0113ram, migl\u0101, smog\u0101 un lietus laik\u0101, un var konstat\u0113t m\u0113r\u0137us caur \u0161\u0137\u0113r\u0161\u013ciem, piem\u0113ram, zariem, augstu z\u0101li un biezu lapotni, kas parasti kav\u0113 redzam\u012bbu.<\/p>\n<p>VISTA H50 ir \u013coti daudzfunkcion\u0101la un piem\u0113rota da\u017e\u0101d\u0101m lieto\u0161anas jom\u0101m, tostarp med\u012bb\u0101m, dro\u0161\u012bbai, uzraudz\u012bbai, teritorijas navig\u0101cijai un mekl\u0113\u0161anas un gl\u0101b\u0161anas oper\u0101cij\u0101m. T\u0101s uzlabot\u0101 term\u0101l\u0101 tehnolo\u0123ija nodro\u0161ina uzticamu veiktsp\u0113ju, sniedzot skaidrus att\u0113lus un prec\u012bzus m\u0113r\u012bjumus sare\u017e\u0123\u012bt\u0101s vid\u0113s.<\/p>\n<h2>Galvenie tehniskie r\u0101d\u012bt\u0101ji:<\/h2>\n<p>Iz\u0161\u0137irtsp\u0113ja: 640 x 512<br \/>\nPikse\u013ca izm\u0113rs: 12<br \/>\nNETD, mK: \u226415<br \/>\nKadru \u0101trums: 50<br \/>\nL\u0113ca: 50mm F0.9<br \/>\nRedzes lauks: 8.8 x 7.0<br \/>\nRedzes lauks (line\u0101rs): 15 x 12<br \/>\nPalielin\u0101\u0161ana: 4~40<br \/>\nKonstat\u0113\u0161anas att\u0101lums: 2600<br \/>\nAtt\u0101lums no ac\u012bm: 25<br \/>\nIzejas pupillas diametrs: 8<br \/>\nDioptras: -4 ~ +6<br \/>\nDispleja tips: AMOLED<br \/>\nDispleja iz\u0161\u0137irtsp\u0113ja: 2560 x 2560<br \/>\nAkumulators: Nomain\u0101ms litija jonu akumulators IBP-7 \/ 4400mAh<br \/>\nMaksim\u0101lais darb\u012bbas laiks: 5.5<br \/>\nWi-Fi\/Lietotne: J\u0100<br \/>\nMikrofons: J\u0100<br \/>\nAtmi\u0146as ietilp\u012bba: 64GB<br \/>\nIP klase: IP67<br \/>\nMaksim\u0101l\u0101 darba temperat\u016bra: -20 ~ +50<br \/>\nSvars (unces): 22.93<br \/>\nSvars (g): 650<br \/>\nIzm\u0113ri (collas): 7.64 x 2.76 x 3.23<br \/>\nIzm\u0113ri (mm): 194 x 70 x 82<\/p>\n","protected":false},"excerpt":{"rendered":"<p>Nocpix VISTA H50 ir 640&#215;512 12um termokamera ar \u226415mK NETD, 50mm F0.9 objekt\u012bvu un 2560&#215;2560 AMOLED displeju.<\/p>\n<p>Ja prece nav pieejama, l\u016bdzu, sazinieties ar mums: shop@nbg.eu vai +359896147790<\/p>\n<p>\n","protected":false},"featured_media":683701,"template":"","meta":{"_acf_changed":false},"product_brand":[14459],"product_cat":[13798,16084],"product_tag":[],"class_list":{"0":"post-683636","1":"product","2":"type-product","3":"status-publish","4":"has-post-thumbnail","6":"product_brand-nocpix","7":"product_cat-termiska","8":"product_cat-thermal-cameras-lv","10":"first","11":"instock","12":"taxable","13":"shipping-taxable","14":"purchasable","15":"product-type-simple"},"acf":[],"_links":{"self":[{"href":"https:\/\/nbg.eu\/lv\/wp-json\/wp\/v2\/product\/683636","targetHints":{"allow":["GET"]}}],"collection":[{"href":"https:\/\/nbg.eu\/lv\/wp-json\/wp\/v2\/product"}],"about":[{"href":"https:\/\/nbg.eu\/lv\/wp-json\/wp\/v2\/types\/product"}],"wp:featuredmedia":[{"embeddable":true,"href":"https:\/\/nbg.eu\/lv\/wp-json\/wp\/v2\/media\/683701"}],"wp:attachment":[{"href":"https:\/\/nbg.eu\/lv\/wp-json\/wp\/v2\/media?parent=683636"}],"wp:term":[{"taxonomy":"product_brand","embeddable":true,"href":"https:\/\/nbg.eu\/lv\/wp-json\/wp\/v2\/product_brand?post=683636"},{"taxonomy":"product_cat","embeddable":true,"href":"https:\/\/nbg.eu\/lv\/wp-json\/wp\/v2\/product_cat?post=683636"},{"taxonomy":"product_tag","embeddable":true,"href":"https:\/\/nbg.eu\/lv\/wp-json\/wp\/v2\/product_tag?post=683636"}],"curies":[{"name":"wp","href":"https:\/\/api.w.org\/{rel}","templated":true}]}}