{"id":683742,"date":"2026-01-08T18:13:33","date_gmt":"2026-01-08T15:13:33","guid":{"rendered":"https:\/\/nbg.eu\/product\/siltumkamera-nocpix-vista-h35-bez-attaluma-meritaja-35mm-12um-640x512-15mk-net\/"},"modified":"2026-04-14T16:04:34","modified_gmt":"2026-04-14T13:04:34","slug":"siltumkamera-nocpix-vista-h35-bez-attaluma-meritaja-35mm-12um-640x512-15mk-net","status":"publish","type":"product","link":"https:\/\/nbg.eu\/lv\/product\/siltumkamera-nocpix-vista-h35-bez-attaluma-meritaja-35mm-12um-640x512-15mk-net\/","title":{"rendered":"Nocpix Termokamera VISTA H35"},"content":{"rendered":"<h2>Nocpix VISTA H35 termiskais monokul\u0101rs &#8211; 35 mm 12 \u03bcm 640&#215;512 \u226415 mK NET<\/h2>\n<p>Nocpix VISTA H35 ir daudzfunkcion\u0101ls termiskais monokul\u0101rs, kas konstru\u0113ts uzticamai lieto\u0161anai gan dien\u0101, gan nakt\u012b. \u0160\u012b progres\u012bv\u0101 ier\u012bce pied\u0101v\u0101 izcilu term\u0101lo att\u0113lu sniegumu, nodro\u0161inot skaidrus un detaliz\u0113tus att\u0113lus pat sare\u017e\u0123\u012btos laikapst\u0101k\u013cos, piem\u0113ram, migl\u0101, smog\u0101 un liet\u016b. T\u0101 sp\u0113j noteikt m\u0113r\u0137us caur \u0161\u0137\u0113r\u0161\u013ciem, piem\u0113ram, zaru, augsta z\u0101les un bl\u012bvu lapu segumu, nodro\u0161inot efekt\u012bvu darb\u012bbu apk\u0101rtn\u0113, kur\u0101 tradicion\u0101l\u0101 optika ir nepiem\u0113rota.<\/p>\n<p>Ide\u0101li piem\u0113rots da\u017e\u0101diem lietojumiem, VISTA H35 ir perfekts med\u012bb\u0101m, nov\u0113ro\u0161anai, dro\u0161\u012bbai, teritoriju navig\u0101cijai un mekl\u0113\u0161anas un gl\u0101b\u0161anas misij\u0101m. Ar savu modern\u0101ko tehnolo\u0123iju un iztur\u012bgo konstrukciju VISTA H35 nodro\u0161ina prec\u012bzu konstat\u0113\u0161anu un m\u0113r\u012b\u0161anu vissare\u017e\u0123\u012bt\u0101kajos apst\u0101k\u013cos.<\/p>\n<h2>Funkcijas<\/h2>\n<p>-640\u00d7512 12\u03bcm detektors<br \/>\nNETD\u226415mK<br \/>\n-60Hz augsta kadr\u0113\u0161anas \u0101trums<br \/>\n-F0,9 objekt\u012bvs<br \/>\n-AMOLED 2560\u00d72560 apa\u013c\u0161 displejs<br \/>\n-IBP-7 \u0101tri nomain\u0101ms uzl\u0101d\u0113jams akumulators<br \/>\n-Gludi digit\u0101lie m\u0113rogi: 1\u00d7~8\u00d7<br \/>\n-Ultra t\u012brs re\u017e\u012bms<br \/>\n-Acu aizsardz\u012bba ar zemu spilgtumu, kr\u0101su paleti un siltu nokr\u0101su<br \/>\n-Elektroniska att\u0113la stabiliz\u0101cija<\/p>\n","protected":false},"excerpt":{"rendered":"<p>Termiskie kamera Nocpix VISTA H35 bez t\u0101lm\u0113r\u012bt\u0101ja &#8211; 35mm 12um 640&#215;512 &lt;15mk NET<\/p>\n","protected":false},"featured_media":683871,"template":"","meta":{"_acf_changed":false},"product_brand":[14459],"product_cat":[13798,16084],"product_tag":[],"class_list":{"0":"post-683742","1":"product","2":"type-product","3":"status-publish","4":"has-post-thumbnail","6":"product_brand-nocpix","7":"product_cat-termiska","8":"product_cat-thermal-cameras-lv","10":"first","11":"instock","12":"taxable","13":"shipping-taxable","14":"purchasable","15":"product-type-simple"},"acf":[],"_links":{"self":[{"href":"https:\/\/nbg.eu\/lv\/wp-json\/wp\/v2\/product\/683742","targetHints":{"allow":["GET"]}}],"collection":[{"href":"https:\/\/nbg.eu\/lv\/wp-json\/wp\/v2\/product"}],"about":[{"href":"https:\/\/nbg.eu\/lv\/wp-json\/wp\/v2\/types\/product"}],"wp:featuredmedia":[{"embeddable":true,"href":"https:\/\/nbg.eu\/lv\/wp-json\/wp\/v2\/media\/683871"}],"wp:attachment":[{"href":"https:\/\/nbg.eu\/lv\/wp-json\/wp\/v2\/media?parent=683742"}],"wp:term":[{"taxonomy":"product_brand","embeddable":true,"href":"https:\/\/nbg.eu\/lv\/wp-json\/wp\/v2\/product_brand?post=683742"},{"taxonomy":"product_cat","embeddable":true,"href":"https:\/\/nbg.eu\/lv\/wp-json\/wp\/v2\/product_cat?post=683742"},{"taxonomy":"product_tag","embeddable":true,"href":"https:\/\/nbg.eu\/lv\/wp-json\/wp\/v2\/product_tag?post=683742"}],"curies":[{"name":"wp","href":"https:\/\/api.w.org\/{rel}","templated":true}]}}