{"id":683914,"date":"2026-01-08T18:14:25","date_gmt":"2026-01-08T15:14:25","guid":{"rendered":"https:\/\/nbg.eu\/product\/termografiska-kamera-nocpix-rico-2-h50r\/"},"modified":"2026-04-14T16:04:20","modified_gmt":"2026-04-14T13:04:20","slug":"termografiska-kamera-nocpix-rico-2-h50r","status":"publish","type":"product","link":"https:\/\/nbg.eu\/lv\/product\/termografiska-kamera-nocpix-rico-2-h50r\/","title":{"rendered":"Nocpix Termokamera Rico 2 H50R"},"content":{"rendered":"<h2>Nocpix Rico 2 H50R: T\u0101l\u0161\u0101v\u0113js ekspertu<\/h2>\n<p>Nocpix RICO 2 H50R term\u0101l\u0101s att\u0113lo\u0161anas iero\u010du t\u0113mek\u013cu s\u0113rija ir paredz\u0113ta medniekiem, kuri prasa vislab\u0101ko skaidr\u012bbu, diapazonu un \u0113rt\u012bbu. Izstr\u0101d\u0101ts ar vado\u0161u nozares term\u0101lo sensoru un augstu kadru \u0101trumu, tas nodro\u0161ina \u013coti augstu att\u0113lu kvalit\u0101ti, kas padara m\u0113r\u0137a identific\u0113\u0161anu un izseko\u0161anu vienk\u0101r\u0161u. T\u0101 gar\u0101 fokusa garums un ieb\u016bv\u0113tais LRF nodro\u0161ina, ka varat prec\u012bzi izm\u0113r\u012bt t\u0101lus m\u0113r\u0137us, savuk\u0101rt progres\u012bvais optiskais dizains nodro\u0161ina iespaid\u012bgu skat\u012b\u0161an\u0101s pieredzi bez izkrop\u013cojumiem. Ar bezpak\u0101penisko t\u0101lummai\u0146as sviru un izcilu acu atbalstu Nocpix RICO 2 H50R s\u0113rija \u013cauj medniekiem vienk\u0101r\u0161i regul\u0113t palielin\u0101\u0161anu un justies \u0113rti ilgsto\u0161\u0101s med\u012bb\u0101s. Ar sav\u0101m inovat\u012bvaj\u0101m tehnolo\u0123ij\u0101m un lietot\u0101ju centr\u0113to dizainu Nocpix RICO 2 H50R s\u0113rija tie\u0161\u0101m \u013cauj jums med\u012bt \u0101rpus t\u0101, kas ir iesp\u0113jams.<\/p>\n<h2>Galven\u0101s \u012bpa\u0161\u012bbas:<\/h2>\n<p>G\u016bstiet labumu no augstas klases otr\u0101s paaudzes 12\u03bcm@60Hz sensora ar NETD \u226420mK, kas nodro\u0161ina asas, augsta kontrasta att\u0113lus un uzlabotu m\u0113r\u0137a identific\u0113\u0161anu.<\/p>\n<p>Nocpix RICO 2 H50R ir apr\u012bkots ar liel\u0101kiem objekt\u012bva l\u0113c\u0101m (50 mm\/F1.0, 42 mm\/F1.0), kas nodro\u0161ina uzlabotu gaismas uztver\u0161anas sp\u0113ju, lai sasniegtu izcilu att\u0113lu skaidr\u012bbu un pagarin\u0101tu atkl\u0101\u0161anas diapazonu.<\/p>\n<p>RICO 2 s\u0113rija \u013cauj jums bez p\u016bl\u0113m regul\u0113t palielin\u0101\u0161anu ar bezpak\u0101penisko LPVO stila t\u0101lummai\u0146as sviru, nodro\u0161inot \u0101tras un bez piep\u016bles veicamas korekcijas, lai prec\u012bzi iesaist\u012btu m\u0113r\u0137us jebkur\u0101 att\u0101lum\u0101.<\/p>\n<p>RICO 2 s\u0113rija var lepoties ar iespaid\u012bgu atkl\u0101\u0161anas diapazonu l\u012bdz 2600 m, sniedzot jums iev\u0113rojamu priek\u0161roc\u012bbu t\u0101laj\u0101s med\u012bb\u0101s un prec\u012bz\u0101 m\u0113r\u0137\u0113\u0161an\u0101.<\/p>\n<p>Nocpix RICO 2 H50R ir apr\u012bkots ar integr\u0113tu LRF, kas pied\u0101v\u0101 l\u0101zera atkl\u0101\u0161anu l\u012bdz 1200m ar patieso optisko asi, nodro\u0161inot prec\u012bzus att\u0101luma m\u0113r\u012bjumus, saglab\u0101jot elegantu dizainu.<\/p>\n<p>Uzlabojiet \u0161\u0101viena izvietojumu ar autom\u0101tisk\u0101m ballistiskaj\u0101m apr\u0113\u0137iniem, izmantojot integr\u0113to LRF, lai ar vieglu roku prec\u012bzi iedurtos t\u0101los att\u0101lumos.<\/p>\n<p>1.03&#8243; 2560\u00d72560 OLED displejs (H50R), izkrop\u013cojumbr\u012bvs acul\u0101rs, 70mm acu atbalsts un 23mm izejas pupila nodro\u0161ina skaidru, \u0113rtu skat\u012b\u0161anos ilgsto\u0161\u0101m sesij\u0101m.<\/p>\n<p>H50R modelis ir apr\u012bkots ar nebiju\u0161u 70mm att\u0101lumu, kas nodro\u0161ina maksim\u0101lu \u0113rt\u012bbu ilgsto\u0161ai lieto\u0161anai bez acu noguruma un garant\u0113 acu dro\u0161\u012bbu.<\/p>\n","protected":false},"excerpt":{"rendered":"<p>Termokamera Nocpix Rico 2 H50R. Ilgsto\u0161as darb\u012bbas ekspertis. 640&#215;512 sensors, 60Hz, integr\u0113ts LRF, nep\u0101rtraukts t\u0101lummai\u0146a.<\/p>\n<p>Ja prece nav pieejama, l\u016bdzu, sazinieties ar mums: shop@nbg.eu vai +359896147790<\/p>\n<p>\n","protected":false},"featured_media":684523,"template":"","meta":{"_acf_changed":false},"product_brand":[14459],"product_cat":[13798,16084],"product_tag":[],"class_list":{"0":"post-683914","1":"product","2":"type-product","3":"status-publish","4":"has-post-thumbnail","6":"product_brand-nocpix","7":"product_cat-termiska","8":"product_cat-thermal-cameras-lv","10":"first","11":"instock","12":"taxable","13":"shipping-taxable","14":"purchasable","15":"product-type-simple"},"acf":[],"_links":{"self":[{"href":"https:\/\/nbg.eu\/lv\/wp-json\/wp\/v2\/product\/683914","targetHints":{"allow":["GET"]}}],"collection":[{"href":"https:\/\/nbg.eu\/lv\/wp-json\/wp\/v2\/product"}],"about":[{"href":"https:\/\/nbg.eu\/lv\/wp-json\/wp\/v2\/types\/product"}],"wp:featuredmedia":[{"embeddable":true,"href":"https:\/\/nbg.eu\/lv\/wp-json\/wp\/v2\/media\/684523"}],"wp:attachment":[{"href":"https:\/\/nbg.eu\/lv\/wp-json\/wp\/v2\/media?parent=683914"}],"wp:term":[{"taxonomy":"product_brand","embeddable":true,"href":"https:\/\/nbg.eu\/lv\/wp-json\/wp\/v2\/product_brand?post=683914"},{"taxonomy":"product_cat","embeddable":true,"href":"https:\/\/nbg.eu\/lv\/wp-json\/wp\/v2\/product_cat?post=683914"},{"taxonomy":"product_tag","embeddable":true,"href":"https:\/\/nbg.eu\/lv\/wp-json\/wp\/v2\/product_tag?post=683914"}],"curies":[{"name":"wp","href":"https:\/\/api.w.org\/{rel}","templated":true}]}}