{"id":684922,"date":"2026-01-08T18:13:14","date_gmt":"2026-01-08T15:13:14","guid":{"rendered":"https:\/\/nbg.eu\/product\/siltumkamera-nocpix-ace-h50-12um-640x512-15mk-netd\/"},"modified":"2026-04-14T16:04:49","modified_gmt":"2026-04-14T13:04:49","slug":"siltumkamera-nocpix-ace-h50-12um-640x512-15mk-netd","status":"publish","type":"product","link":"https:\/\/nbg.eu\/lv\/product\/siltumkamera-nocpix-ace-h50-12um-640x512-15mk-netd\/","title":{"rendered":"Nocpix Termokamera ACE H50"},"content":{"rendered":"<h2>Nocpix ACE H50 termiskais t\u0101lskatis: neaizsniedzama med\u012bbu sniegums<\/h2>\n<p>Nocpix ACE H50 termiskais t\u0101lskatis apvieno progres\u012bvu tehnolo\u0123iju ar iztur\u012bgu iztur\u012bbu, lai nodro\u0161in\u0101tu neaizsniedzamu med\u012bbu pieredzi. Tam ir 640&#215;512 pikse\u013cu iz\u0161\u0137irtsp\u0113jas termiskais sensors ar \u226412mK NETD, kas nodro\u0161ina izcilu att\u0113la skaidr\u012bbu, k\u0101 ar\u012b 3100 metru noteik\u0161anas diapazonu. Inovat\u012bv\u0101 Vision+ sist\u0113ma pied\u0101v\u0101 oku\u013c\u0101ro palielin\u0101jumu skaidriem tuvajiem skata le\u0146\u0137iem, vienlaikus divvirzienu baro\u0161anas sist\u0113ma nodro\u0161ina ilgsto\u0161u lieto\u0161anu. Izgatavots no augstas stipr\u012bbas alum\u012bnija sakaus\u0113juma un ar IP67 aizsardz\u012bbu, \u0161is t\u0101lskatis ir paredz\u0113ts izcilai veiktsp\u0113jai jebkur\u0101 \u0101ra vid\u0113 un sp\u0113j piel\u0101goties jebkurai situ\u0101cijai.<\/p>\n<p>Nocpix ACE H50 termiskais t\u0101lskatis ir modern\u0101kais r\u012bks, kas paredz\u0113ts, lai p\u0101rdefin\u0113tu med\u012bbu pieredzi, vai nu navig\u0113jot tum\u0161aj\u0101 nakt\u012b, vai piek\u013c\u016bstot upurim sare\u017e\u0123\u012bt\u0101 teritorij\u0101. K\u0101 NocPix priek\u0161\u0113j\u0101s l\u012bnijas ACE s\u0113rijas da\u013ca, \u0161is termiskais optiskais vizieris izce\u013cas ar savu p\u0101r\u0101ko att\u0113la kvalit\u0101ti un precizit\u0101ti, pateicoties uz\u0146\u0113muma izstr\u0101d\u0101tajam augstas iz\u0161\u0137irtsp\u0113jas termiskajam sensoram un progres\u012bvaj\u0101m Reality+ un Vision+ sist\u0113m\u0101m.<\/p>\n<p>Nocpix ACE H50 kodols ir t\u0101 Gen-2 HD termiskais sensors, kam ir 640&#215;512 iz\u0161\u0137irtsp\u0113ja un 60 kadri sekund\u0113, nodro\u0161inot neticami stabilu sniegumu. Ar NETD \u226412mK \u0161is t\u0101lskatis konstat\u0113 pat vismaz\u0101k\u0101s temperat\u016bras at\u0161\u0137ir\u012bbas, nodro\u0161inot detaliz\u0113tus un vienm\u0113r\u012bgus termiskos att\u0113lus, kas ide\u0101li piem\u0113roti \u0101tri kusto\u0161os m\u0113r\u0137u izseko\u0161anai re\u0101laj\u0101 laik\u0101. Papildu Reality+ att\u0113lu apstr\u0101des algoritms v\u0113l vair\u0101k uzlabo to, nov\u0113r\u0161ot apk\u0101rt\u0113j\u0101s temperat\u016bras trok\u0161\u0146us un nodro\u0161inot p\u0101r\u0101ku kontrastu un skaidr\u012bbu, pat gr\u016btos med\u012bbu apst\u0101k\u013cos.<\/p>\n<p>ACE H50 ir apr\u012bkots ar 50mm\/F0.9 l\u0113cu, kas \u013cauj 20% vair\u0101k gaismas nok\u013c\u016bt uz sensora, radot spilgt\u0101kus un skaidr\u0101kus att\u0113lus. Tas ir b\u016btiski medniekiem, kuri str\u0101d\u0101 uz precizit\u0101ti, jo uzlabot\u0101 gaismas caurlaid\u012bba nodro\u0161ina lab\u0101ku redzam\u012bbu v\u0101jas gaismas apst\u0101k\u013cos. Turkl\u0101t 3100 metru noteik\u0161anas diapazons padara ACE \u012bpa\u0161u, atvieglojot t\u0101lu m\u0113r\u0137u identific\u0113\u0161anu un izseko\u0161anu efekt\u012bv\u0101k nek\u0101 jebkad.<\/p>\n<p>Integr\u0113t\u0101 Vision+ sist\u0113ma uzlabo vizu\u0101lo pieredzi ar 1,03 collu apa\u013co AMOLED displeju ar 2560&#215;2560 pikse\u013cu iz\u0161\u0137irtsp\u0113ju. T\u0101 optisk\u0101 palielin\u0101\u0161anas sist\u0113ma, kas paredz\u0113ta, lai izvair\u012btos no miglo\u0161an\u0101s un izkrop\u013cojumiem, ko parasti asoci\u0113 ar tradicion\u0101lajiem elektroniskajiem palielin\u0101jumiem, nodro\u0161ina medniekiem skaidras, augstas iz\u0161\u0137irtsp\u0113jas tuvuma skat\u012bjumus bez deta\u013cu zaud\u0113\u0161anas. Tas nodro\u0161ina iegrimu\u0161u, \u0113rtu skat\u012b\u0161an\u0101s pieredzi, vai nu nov\u0113rojot upuri no att\u0101luma, vai pietuvin\u0101ti m\u0113r\u0137a precizit\u0101tei.<\/p>\n<p>Izveidots ilgsto\u0161ai lieto\u0161anai dab\u0101, ACE ir apr\u012bkots ar divvirzienu akumulatoru sist\u0113mu ar ieb\u016bv\u0113tu 4000mAh akumulatoru un papildu no\u0146emamu 18650 akumulatoru, \u013caujot nep\u0101rtraukti darboties ilg\u0101s med\u012bbu sesij\u0101s. Iztur\u012bgais dizains, kas izgatavots no augstas kvalit\u0101tes alum\u012bnija sakaus\u0113juma, nodro\u0161ina, ka ACE var iztur\u0113t bargas dabas apst\u0101k\u013cus un intens\u012bvu lieto\u0161anu, izturot stingrus triecieniztur\u012bbas testus. Ar IP67 \u016bdensiztur\u012bbas nov\u0113rt\u0113jumu, t\u0101lskatis paliek uzticams nelabv\u0113l\u012bgos laikapst\u0101k\u013cos, sniedzot medniekiem miera saj\u016btu neatkar\u012bgi no vides.<\/p>\n<p>Izstr\u0101d\u0101ts, \u0146emot v\u0113r\u0101 mednieku vajadz\u012bbas, NocPix ACE H50 iek\u013cauj b\u016btisk\u0101s funkcijas, piem\u0113ram, triecienaktiviz\u0113tu video ierakst\u012b\u0161anu un bezaizkaves dizainu, lai atvieglotu lieto\u0161anu dab\u0101. Ar lietot\u0101jam draudz\u012bgiem papildin\u0101jumiem, piem\u0113ram, fokusa regul\u0113t\u0101ju, uzl\u0101des p\u0101rsegu un iesp\u0113ju atska\u0146ot video tie\u0161i no Galerijas funkcijas, \u0161is t\u0101lskatis apvieno augstu veiktsp\u0113ju ar \u0113rt\u012bb\u0101m, lai nodro\u0161in\u0101tu optim\u0101lu med\u012bbu pieredzi.<\/p>\n","protected":false},"excerpt":{"rendered":"<p>NocPix ACE H50 termisk\u0101 \u0161aujamierk\u0101pe pied\u0101v\u0101 640&#215;512 iz\u0161\u0137irtsp\u0113ju, \u226415mK NETD, 3100m atkl\u0101\u0161anas diapazonu un divk\u0101r\u0161u bateriju sist\u0113mu, lai nodro\u0161in\u0101tu izcilu med\u012bbu pieredzi.<\/p>\n<p>Ja prece nav pieejama, l\u016bdzu, sazinieties ar mums: shop@nbg.eu vai +359896147790<\/p>\n<p>\n","protected":false},"featured_media":684994,"template":"","meta":{"_acf_changed":false},"product_brand":[14459],"product_cat":[13798,16084],"product_tag":[],"class_list":{"0":"post-684922","1":"product","2":"type-product","3":"status-publish","4":"has-post-thumbnail","6":"product_brand-nocpix","7":"product_cat-termiska","8":"product_cat-thermal-cameras-lv","10":"first","11":"instock","12":"taxable","13":"shipping-taxable","14":"purchasable","15":"product-type-simple"},"acf":[],"_links":{"self":[{"href":"https:\/\/nbg.eu\/lv\/wp-json\/wp\/v2\/product\/684922","targetHints":{"allow":["GET"]}}],"collection":[{"href":"https:\/\/nbg.eu\/lv\/wp-json\/wp\/v2\/product"}],"about":[{"href":"https:\/\/nbg.eu\/lv\/wp-json\/wp\/v2\/types\/product"}],"wp:featuredmedia":[{"embeddable":true,"href":"https:\/\/nbg.eu\/lv\/wp-json\/wp\/v2\/media\/684994"}],"wp:attachment":[{"href":"https:\/\/nbg.eu\/lv\/wp-json\/wp\/v2\/media?parent=684922"}],"wp:term":[{"taxonomy":"product_brand","embeddable":true,"href":"https:\/\/nbg.eu\/lv\/wp-json\/wp\/v2\/product_brand?post=684922"},{"taxonomy":"product_cat","embeddable":true,"href":"https:\/\/nbg.eu\/lv\/wp-json\/wp\/v2\/product_cat?post=684922"},{"taxonomy":"product_tag","embeddable":true,"href":"https:\/\/nbg.eu\/lv\/wp-json\/wp\/v2\/product_tag?post=684922"}],"curies":[{"name":"wp","href":"https:\/\/api.w.org\/{rel}","templated":true}]}}