{"id":685078,"date":"2026-01-08T18:13:21","date_gmt":"2026-01-08T15:13:21","guid":{"rendered":"https:\/\/nbg.eu\/product\/thermal-monocular-nocpix-lumi-p13\/"},"modified":"2026-04-14T16:04:42","modified_gmt":"2026-04-14T13:04:42","slug":"thermal-monocular-nocpix-lumi-p13","status":"publish","type":"product","link":"https:\/\/nbg.eu\/lv\/product\/thermal-monocular-nocpix-lumi-p13\/","title":{"rendered":"Nocpix Termomonoku\u0101rs LUMI P13"},"content":{"rendered":"<h2>Maksim\u0101la veiktsp\u0113ja ar minim\u0101lu svaru &#8211; Nocpix LUMI P13: Vienm\u0113r uzturiet skatienu uz apk\u0101rtni<\/h2>\n<p>LUMI termisk\u0101s att\u0113lo\u0161anas monokul\u0101ru s\u0113rija ir paredz\u0113ta lieto\u0161anai gan dien\u0101, gan nakt\u012b un pied\u0101v\u0101 jums izcilu att\u0113la kvalit\u0101ti pat sare\u017e\u0123\u012btos laika apst\u0101k\u013cos, piem\u0113ram, migl\u0101, smog\u0101 vai lietus laik\u0101. Pat ja \u0161\u0137\u0113r\u0161\u013ci, piem\u0113ram, zari, augstas z\u0101les vai bl\u012bva lapu kupena, apgr\u016btina redzam\u012bbu, pateicoties \u0161ai tehnolo\u0123ijai, j\u016bs vienm\u0113r var\u0113siet skaidri redz\u0113t, kas ir priek\u0161\u0101. Tie ir ar\u012b tik kompakti un vieglie, ka j\u016bs varat tos viegli p\u0101rn\u0113s\u0101t visur sev l\u012bdzi.<\/p>\n<p>LUMI termokameras ir ide\u0101li piem\u0113rotas da\u017e\u0101diem pielietojumiem, piem\u0113ram, med\u012bb\u0101m, uzraudz\u012bbai, dro\u0161\u012bbai, teritorijas orient\u0101cijai vai mekl\u0113\u0161anas un gl\u0101b\u0161anas oper\u0101cij\u0101m.<\/p>\n<h2>Nep\u0101rsp\u0113jama att\u0113lo\u0161anas veiktsp\u0113ja asu att\u0113lu ieg\u016b\u0161anai<\/h2>\n<p>LUMI s\u0113rija izvirza jaunus standartus att\u0113la kvalit\u0101tes jom\u0101. Apr\u012bkota ar vismodern\u0101kaj\u0101m att\u0113lo\u0161anas algoritmiem un jaud\u012bgu termisko sensoru ar NETD &lt; 20 mK, kamera nodro\u0161ina asus un re\u0101listiskus att\u0113lus. AMOLED displejs ar iz\u0161\u0137irtsp\u0113ju 1440 x 1080 pikse\u013ci nodro\u0161ina izcilu att\u0113la att\u0113lo\u0161anu, savuk\u0101rt Ultra Clear re\u017e\u012bms papildu optimiz\u0113 att\u0113la skaidr\u012bbu, \u012bpa\u0161i sare\u017e\u0123\u012btos laika apst\u0101k\u013cos.<\/p>\n<h2>Personaliz\u0113ta skat\u012b\u0161anas pieredze &#8211; Piel\u0101gojiet savu ier\u012bci piln\u012bb\u0101<\/h2>\n<p>Pateicoties 256 x 192 px sensoram un da\u017e\u0101d\u0101m piel\u0101go\u0161anas iesp\u0113j\u0101m, j\u016bs varat piel\u0101got ier\u012bci prec\u012bzi atbilsto\u0161i sav\u0101m vajadz\u012bb\u0101m. Izv\u0113lieties starp 5 kr\u0101su re\u017e\u012bmiem un optimiz\u0113jiet savu skatu ar 10 spilgtuma, asuma un kontrasta l\u012bme\u0146iem &#8211; lai nepaliktu nepaman\u012bts neviens elements.<\/p>\n<h2>Pieredzes dal\u012b\u0161ana ar LUMI ir vienk\u0101r\u0161a<\/h2>\n<p>\u012apa\u0161u mirk\u013cu fiks\u0113\u0161ana ir b\u016btiska m\u016bsdienu medniekiem. Ar Nocpix LUMI P13 j\u016bs ne tikai varat viegli dal\u012bties ar saviem ierakstiem, izmantojot lietotni, bet ar\u012b atska\u0146ot tos tie\u0161i ier\u012bc\u0113 &#8211; ide\u0101li, lai nekav\u0113joties dal\u012btos ar citiem sav\u0101 pieredz\u0113.<\/p>\n<h2>To var lietot elast\u012bgi, pateicoties no\u0146emamajai bateriju sist\u0113mai<\/h2>\n<p>LUMI s\u0113rija ir apr\u012bkota ar standarta 18650 baterij\u0101m, kas nodro\u0161ina maksim\u0101lu elast\u012bbu. Neatkar\u012bgi no t\u0101, kur j\u016bs dodoties, ar iek\u013cauto bateriju l\u0101d\u0113t\u0101ju j\u016bs atkal b\u016bsiet gatavi doties uzreiz &#8211; un j\u016bs var\u0113siet turpin\u0101t savu misiju.<\/p>\n","protected":false},"excerpt":{"rendered":"<p>Maksim\u0101ls sniegums ar minim\u0101lu svaru &#8211; Nocpix LUMI P13: Vienm\u0113r turiet savu m\u0113r\u0137i ac\u012bs.<\/p>\n<p>Ja prece nav pieejama, l\u016bdzu, sazinieties ar mums: shop@nbg.eu vai +359896147790<\/p>\n<p>\n","protected":false},"featured_media":685210,"template":"","meta":{"_acf_changed":false},"product_brand":[14459],"product_cat":[16083,13798],"product_tag":[],"class_list":{"0":"post-685078","1":"product","2":"type-product","3":"status-publish","4":"has-post-thumbnail","6":"product_brand-nocpix","7":"product_cat-monoculars-lv","8":"product_cat-termiska","10":"first","11":"instock","12":"taxable","13":"shipping-taxable","14":"purchasable","15":"product-type-simple"},"acf":[],"_links":{"self":[{"href":"https:\/\/nbg.eu\/lv\/wp-json\/wp\/v2\/product\/685078","targetHints":{"allow":["GET"]}}],"collection":[{"href":"https:\/\/nbg.eu\/lv\/wp-json\/wp\/v2\/product"}],"about":[{"href":"https:\/\/nbg.eu\/lv\/wp-json\/wp\/v2\/types\/product"}],"wp:featuredmedia":[{"embeddable":true,"href":"https:\/\/nbg.eu\/lv\/wp-json\/wp\/v2\/media\/685210"}],"wp:attachment":[{"href":"https:\/\/nbg.eu\/lv\/wp-json\/wp\/v2\/media?parent=685078"}],"wp:term":[{"taxonomy":"product_brand","embeddable":true,"href":"https:\/\/nbg.eu\/lv\/wp-json\/wp\/v2\/product_brand?post=685078"},{"taxonomy":"product_cat","embeddable":true,"href":"https:\/\/nbg.eu\/lv\/wp-json\/wp\/v2\/product_cat?post=685078"},{"taxonomy":"product_tag","embeddable":true,"href":"https:\/\/nbg.eu\/lv\/wp-json\/wp\/v2\/product_tag?post=685078"}],"curies":[{"name":"wp","href":"https:\/\/api.w.org\/{rel}","templated":true}]}}