{"id":685230,"date":"2026-01-08T18:13:20","date_gmt":"2026-01-08T15:13:20","guid":{"rendered":"https:\/\/nbg.eu\/product\/termiskais-monokulars-nocpix-lumi-l35r-ar-lazera-dalinataju\/"},"modified":"2026-04-14T16:04:45","modified_gmt":"2026-04-14T13:04:45","slug":"termiskais-monokulars-nocpix-lumi-l35r-ar-lazera-dalinataju","status":"publish","type":"product","link":"https:\/\/nbg.eu\/lv\/product\/termiskais-monokulars-nocpix-lumi-l35r-ar-lazera-dalinataju\/","title":{"rendered":"Nocpix Termomonoku\u0101rs LUMI L35R LRF"},"content":{"rendered":"<h2>Thermal Monocular Nocpix LUMI L35R ar l\u0101zera t\u0101lm\u0113ru<\/h2>\n<p>Nocpix LUMI L35R ir sp\u0113c\u012bgs un kompakts termiskais monoklis ar integr\u0113tu l\u0101zera t\u0101lm\u0113ru. Ar vismodern\u0101ko sensoru sav\u0101 klas\u0113 ar NETD \u226418mK, \u0161\u012b termisk\u0101 kamera nodro\u0161ina augstas iz\u0161\u0137irtsp\u0113jas att\u0113lus pat ekstr\u0113mos laika apst\u0101k\u013cos. Viegl\u0101 un ergonomisk\u0101 konstrukcija atvieglo lieto\u0161anu, savuk\u0101rt no\u0146emam\u0101 bateriju sist\u0113ma ar standarta 18650 baterij\u0101m nodro\u0161ina paildzin\u0101tu darb\u012bbas laiku.<\/p>\n<p>Integr\u0113tais l\u0101zera t\u0101lm\u0113rs \u013cauj prec\u012bzi noteikt m\u0113r\u0137a att\u0101lumu, un progres\u012bvie R+ AI att\u0113lveido\u0161anas algoritmi uzlabo att\u0113lu deta\u013cas un izmanto pilnu sensora potenci\u0101lu. Monoklim ir \u016bdens- un putek\u013cdro\u0161s dizains, kas paredz\u0113ts \u0113rtai lieto\u0161anai \u0101rpus telp\u0101m, ar funkcij\u0101m, piem\u0113ram, elektronisk\u0101 att\u0113la stabiliz\u0101cija, acu atstatuma kr\u0101su paletes un \u013coti klusi pogas.<\/p>\n<p>Ar sensora darb\u012bbas diapazonu l\u012bdz 1800 m, Nocpix LUMI L35R ir daudzfunkcion\u0101ls termiskais att\u0113lveido\u0161anas risin\u0101jums med\u012bb\u0101m, dro\u0161\u012bbai un \u0101ra aktivit\u0101t\u0113m. Ar 3 gadu pilnu ra\u017eot\u0101ja garantiju, \u0161is termiskais monoklis nodro\u0161ina izcilu veiktsp\u0113ju un uzticam\u012bbu.<\/p>\n","protected":false},"excerpt":{"rendered":"<p>Termov\u012bzijas monok\u016blis Nocpix LUMI L35R ar l\u0101zera t\u0101lm\u0113ru: augst\u0101s iz\u0161\u0137irtsp\u0113jas sensors \u226418 mK NETD, kompakts un viegls, no\u0146emama baterija.<\/p>\n<p>Ja prece nav pieejama, l\u016bdzu, sazinieties ar mums: shop@nbg.eu vai +359896147790<\/p>\n","protected":false},"featured_media":685281,"template":"","meta":{"_acf_changed":false},"product_brand":[14459],"product_cat":[16083,13798],"product_tag":[],"class_list":{"0":"post-685230","1":"product","2":"type-product","3":"status-publish","4":"has-post-thumbnail","6":"product_brand-nocpix","7":"product_cat-monoculars-lv","8":"product_cat-termiska","10":"first","11":"instock","12":"taxable","13":"shipping-taxable","14":"purchasable","15":"product-type-simple"},"acf":[],"_links":{"self":[{"href":"https:\/\/nbg.eu\/lv\/wp-json\/wp\/v2\/product\/685230","targetHints":{"allow":["GET"]}}],"collection":[{"href":"https:\/\/nbg.eu\/lv\/wp-json\/wp\/v2\/product"}],"about":[{"href":"https:\/\/nbg.eu\/lv\/wp-json\/wp\/v2\/types\/product"}],"wp:featuredmedia":[{"embeddable":true,"href":"https:\/\/nbg.eu\/lv\/wp-json\/wp\/v2\/media\/685281"}],"wp:attachment":[{"href":"https:\/\/nbg.eu\/lv\/wp-json\/wp\/v2\/media?parent=685230"}],"wp:term":[{"taxonomy":"product_brand","embeddable":true,"href":"https:\/\/nbg.eu\/lv\/wp-json\/wp\/v2\/product_brand?post=685230"},{"taxonomy":"product_cat","embeddable":true,"href":"https:\/\/nbg.eu\/lv\/wp-json\/wp\/v2\/product_cat?post=685230"},{"taxonomy":"product_tag","embeddable":true,"href":"https:\/\/nbg.eu\/lv\/wp-json\/wp\/v2\/product_tag?post=685230"}],"curies":[{"name":"wp","href":"https:\/\/api.w.org\/{rel}","templated":true}]}}