{"id":685311,"date":"2025-12-17T17:50:25","date_gmt":"2025-12-17T14:50:25","guid":{"rendered":"https:\/\/nbg.eu\/product\/termiskais-monokulars-nocpix-lumi-l19\/"},"modified":"2026-01-21T11:59:28","modified_gmt":"2026-01-21T08:59:28","slug":"termiskais-monokulars-nocpix-lumi-l19","status":"publish","type":"product","link":"https:\/\/nbg.eu\/lv\/product\/termiskais-monokulars-nocpix-lumi-l19\/","title":{"rendered":"Termiskais monokul\u0101rs Nocpix LUMI L19"},"content":{"rendered":"<h2>Maksim\u0101la veiktsp\u0113ja ar minim\u0101lu svaru \u2013 Nocpix LUMI L19: J\u016bsu nov\u0113rot\u0101js me\u017eiem un p\u013cav\u0101m<\/h2>\n<p>LUMI term\u0101l\u0101s att\u0113lo\u0161anas monokul\u0101r\u0101 s\u0113rija ir paredz\u0113ta gan dienas, gan nakts lieto\u0161anai un pied\u0101v\u0101 jums izcilu att\u0113la kvalit\u0101ti pat sare\u017e\u0123\u012btos laika apst\u0101k\u013cos, piem\u0113ram, migl\u0101, smog\u0101 vai liet\u016b. Pat ja \u0161\u0137\u0113r\u0161\u013ci, piem\u0113ram, zari, augsta z\u0101le vai bl\u012bva lapotne, apgr\u016btina redzam\u012bbu, \u0161\u012b tehnolo\u0123ija jums \u013caus vienm\u0113r skaidri redz\u0113t to, kas ir j\u016bsu priek\u0161\u0101. T\u0101s ir ar\u012b tik kompaktas un vieglas, ka varat t\u0101s viegli nest l\u012bdzi visur.<\/p>\n<p>LUMI term\u0101l\u0101s kameras ir ide\u0101li piem\u0113rotas da\u017e\u0101d\u0101m lieto\u0161anas jom\u0101m, piem\u0113ram, med\u012bb\u0101m, uzraudz\u012bbai, dro\u0161\u012bbai, teritorijas orient\u0101cijai vai mekl\u0113\u0161anas un gl\u0101b\u0161anas oper\u0101cij\u0101m.<\/p>\n<h2>Nep\u0101rsp\u0113jama att\u0113lu kvalit\u0101te asu att\u0113lu ieg\u016b\u0161anai<\/h2>\n<p>LUMI s\u0113rija izvirza jaunus standartus att\u0113la kvalit\u0101t\u0113. Apr\u012bkota ar vismodern\u0101kajiem att\u0113lo\u0161anas algoritmiem un jaud\u012bgu term\u0101lo sensoru ar NETD &lt; 18 mK, kamera nodro\u0161ina asus un re\u0101listiskus att\u0113lus. AMOLED displejs ar 1024 x 768 pikse\u013cu iz\u0161\u0137irtsp\u0113ju nodro\u0161ina izcilu att\u0113lu att\u0113lo\u0161anu, savuk\u0101rt Ultra Clear re\u017e\u012bms papildus optimiz\u0113 att\u0113la skaidr\u012bbu, \u012bpa\u0161i gr\u016btos laika apst\u0101k\u013cos.<\/p>\n<h2>Piel\u0101gota skat\u012b\u0161anas pieredze \u2013 piln\u012bb\u0101 piel\u0101gojiet savu ier\u012bci<\/h2>\n<p>Pateicoties vid\u0113ja izm\u0113ra 384 x 288 px sensoram un da\u017e\u0101d\u0101m iestat\u012bjumu iesp\u0113j\u0101m, j\u016bs varat piel\u0101got ier\u012bci prec\u012bzi atbilsto\u0161i sav\u0101m vajadz\u012bb\u0101m. Izv\u0113lieties no 5 kr\u0101su re\u017e\u012bmiem un optimiz\u0113jiet savu skatu ar 10 gai\u0161uma, asuma un kontrasta l\u012bme\u0146iem &#8211; lai nepalaistu gar\u0101m nevienu s\u012bkumu.<\/p>\n<h2>Viegla pieredzes koplieto\u0161ana<\/h2>\n<p>\u012apa\u0161u mirk\u013cu fiks\u0113\u0161ana ir b\u016btiska m\u016bsdienu medniekiem. Ar Nocpix LUMI j\u016bs ne tikai viegli varat kop\u012bgot savus ierakstus, izmantojot lietotni, bet ar\u012b atska\u0146ot tos tie\u0161i uz ier\u012bces &#8211; ide\u0101li, lai nekav\u0113joties dal\u012btos ar sav\u0101m pieredz\u0113m ar citiem.<\/p>\n<h2>Var izmantot elast\u012bgi, pateicoties no\u0146emamajai akumulatoru sist\u0113mai<\/h2>\n<p>LUMI s\u0113rija ir apr\u012bkota ar standarta 18650 akumulatoriem, nodro\u0161inot jums maksim\u0101lu elast\u012bbu. Neatkar\u012bgi no t\u0101, kur dodaties, ar iek\u013cauto akumulatoru l\u0101d\u0113t\u0101ju j\u016bs b\u016bsiet gatavi turpin\u0101t uzdevumu jebkur\u0101 br\u012bd\u012b.<\/p>\n","protected":false},"excerpt":{"rendered":"<p>Maksim\u0101la veiktsp\u0113ja ar minim\u0101lu svaru \u2013 Nocpix LUMI L19: J\u016bsu nov\u0113rot\u0101js me\u017eiem un p\u013cav\u0101m<\/p>\n","protected":false},"featured_media":685581,"template":"","meta":{"_acf_changed":false},"product_brand":[14459],"product_cat":[13798],"product_tag":[],"class_list":{"0":"post-685311","1":"product","2":"type-product","3":"status-publish","4":"has-post-thumbnail","6":"product_brand-nocpix","7":"product_cat-termiska","9":"first","10":"outofstock","11":"taxable","12":"shipping-taxable","13":"purchasable","14":"product-type-simple"},"acf":[],"_links":{"self":[{"href":"https:\/\/nbg.eu\/lv\/wp-json\/wp\/v2\/product\/685311","targetHints":{"allow":["GET"]}}],"collection":[{"href":"https:\/\/nbg.eu\/lv\/wp-json\/wp\/v2\/product"}],"about":[{"href":"https:\/\/nbg.eu\/lv\/wp-json\/wp\/v2\/types\/product"}],"wp:featuredmedia":[{"embeddable":true,"href":"https:\/\/nbg.eu\/lv\/wp-json\/wp\/v2\/media\/685581"}],"wp:attachment":[{"href":"https:\/\/nbg.eu\/lv\/wp-json\/wp\/v2\/media?parent=685311"}],"wp:term":[{"taxonomy":"product_brand","embeddable":true,"href":"https:\/\/nbg.eu\/lv\/wp-json\/wp\/v2\/product_brand?post=685311"},{"taxonomy":"product_cat","embeddable":true,"href":"https:\/\/nbg.eu\/lv\/wp-json\/wp\/v2\/product_cat?post=685311"},{"taxonomy":"product_tag","embeddable":true,"href":"https:\/\/nbg.eu\/lv\/wp-json\/wp\/v2\/product_tag?post=685311"}],"curies":[{"name":"wp","href":"https:\/\/api.w.org\/{rel}","templated":true}]}}