{"id":685638,"date":"2025-12-17T17:47:09","date_gmt":"2025-12-17T14:47:09","guid":{"rendered":"https:\/\/nbg.eu\/product\/termiska-monokula-lumi-h35r-ar-lazera-talmeru\/"},"modified":"2026-01-21T11:58:52","modified_gmt":"2026-01-21T08:58:52","slug":"termiska-monokula-lumi-h35r-ar-lazera-talmeru","status":"publish","type":"product","link":"https:\/\/nbg.eu\/lv\/product\/termiska-monokula-lumi-h35r-ar-lazera-talmeru\/","title":{"rendered":"Termisk\u0101 monokula LUMI H35R ar l\u0101zera t\u0101lm\u0113ru"},"content":{"rendered":"<h2>Siltumkamera ar sensora darb\u012bbas diapazonu l\u012bdz 1800 m, \u013coti kompakta un viegla!<\/h2>\n<p>Ieb\u016bv\u0113ts l\u0101zera t\u0101lm\u0113rs.<\/p>\n<p>Augstas iz\u0161\u0137irtsp\u0113jas sensors un \u012bpa\u0161i jaud\u012bgs: \u2264 18 mK NETD.<\/p>\n<p>No\u0146emams akumulatoru sist\u0113ma ar 18650 akumulatoriem<\/p>\n<p>Video ierakst\u012b\u0161ana, \u016bdensdro\u0161s un \u012bpa\u0161i kluss darb\u012bba.<\/p>\n<p>3 gadi pilna ra\u017eot\u0101ja garantija!<\/p>\n<h2>Citas iez\u012bmes:<\/h2>\n<p>-Ieb\u016bv\u0113ts l\u0101zera t\u0101lm\u0113rs prec\u012bzai m\u0113r\u0137a att\u0101luma noteik\u0161anai<\/p>\n<p>-Augstas kvalit\u0101tes att\u0113li: Pat ekstr\u0113mos laika apst\u0101k\u013cos att\u0113lu kvalit\u0101te paliek stabila.<\/p>\n<p>-Sensors, kas paredz\u0113ts \u012bpa\u0161i med\u012bbu nol\u016bkiem: nodro\u0161ina stabilu darb\u012bbu ar NETD \u2264 18mK, lai sasniegtu labu att\u0113lu kvalit\u0101ti.<\/p>\n<p>-F0,9 objekt\u012bvs: 20% liel\u0101ka gaismas caurlaid\u012bba sal\u012bdzin\u0101jum\u0101 ar F1,0 objekt\u012bvu gai\u0161\u0101kiem un skaidr\u0101kiem att\u0113liem.<\/p>\n<p>-Reality+ att\u0113lu optimiz\u0101cija: Uzlaboti algoritmi uzlabo att\u0113la kvalit\u0101ti un nov\u0113r\u0161 att\u0113la trauc\u0113jumus.<\/p>\n<p>-Elektronisk\u0101 att\u0113la stabiliz\u0101cija: Nodro\u0161ina vienm\u0113r\u012bgu un stabilu video.<\/p>\n<p>-Acu miera kr\u0101su palete: \u012apa\u0161as sarkanas un za\u013cas palete samazina acu nogurumu ilgsto\u0161as lieto\u0161anas laik\u0101.<\/p>\n<p>-No\u0146emams 18650 akumulators: Ar apgrieztu polarit\u0101ti \u0113rtai nomai\u0146ai, ide\u0101li nakt\u012b.<\/p>\n<p>-\u013boti klusi pogas: Klusa darb\u012bba, kas netrauc\u0113 savva\u013cas dz\u012bvniekus.<\/p>\n<p>-Kompakts dizains: Ier\u012bce ir maz\u0101ka par mobilajiem t\u0101lru\u0146iem un viegli p\u0101rn\u0113s\u0101jama.<\/p>\n<p>-IP67 aizsardz\u012bbas klase: Putek\u013cu un \u016bdens necaurlaid\u012bgs lieto\u0161anai ekstrem\u0101los apst\u0101k\u013cos.<\/p>\n<p>-Ergonomisks dizains: \u012apa\u0161i izstr\u0101d\u0101ts \u0101r\u0101 lieto\u0161anai, \u0113rti un lietot\u0101jam draudz\u012bgs.<\/p>\n<p>-Viegls: Ier\u012bces svars ir maz\u0101ks par 345g.<\/p>\n<p>-10 mm pupilu att\u0101lums: Nodro\u0161ina optim\u0101lu redzam\u012bbu un \u0113rtu skat\u012b\u0161an\u0101s le\u0146\u0137i.<\/p>\n<p>-Uzticama nakt\u012b: Pateicoties klusijai un \u0113rtai darb\u012bbai, to var izmantot optim\u0101li pat tum\u0161\u0101 vid\u0113.<\/p>\n<p>-No\u0146emams akumulators: \u013bauj pagarin\u0101t darb\u012bbas laiku, nomainot akumulatorus.<\/p>\n<p>-Liela apert\u016bra: Palielina gaismas uztveri un att\u0113la spilgtumu sare\u017e\u0123\u012btos apgaismojuma apst\u0101k\u013cos.<\/p>\n<p>-Ieb\u016bv\u0113ts mikrofons: \u013bauj veikt audio ierakstus.<\/p>\n<p>-32GB atmi\u0146a: Fotogr\u0101fij\u0101m, video un audio ierakstiem.<\/p>\n<p>-Viegli lietot: Ide\u0101li lietot\u0101jiem, kuri v\u0113las kompaktu un vieglu ier\u012bci.<\/p>\n<p>-R+ AI att\u0113lu algoritmi: Uzlabo att\u0113la deta\u013cas un izmanto sensora pilnu potenci\u0101lu.<\/p>\n","protected":false},"excerpt":{"rendered":"<p>Visska\u0146ot\u0101kais sensors sav\u0101 klas\u0113 (&lt;18mK NETD). Integr\u0113ts l\u0101zera t\u0101lm\u0113rs. \u012apa\u0161i viegli lietojams: viegls un kompakts korpuss. Nomai\u0146as bateriju sist\u0113ma ar standarta 18650 baterij\u0101m.<\/p>\n","protected":false},"featured_media":685693,"template":"","meta":{"_acf_changed":false},"product_brand":[14459],"product_cat":[13798],"product_tag":[],"class_list":{"0":"post-685638","1":"product","2":"type-product","3":"status-publish","4":"has-post-thumbnail","6":"product_brand-nocpix","7":"product_cat-termiska","9":"first","10":"instock","11":"taxable","12":"shipping-taxable","13":"purchasable","14":"product-type-simple"},"acf":[],"_links":{"self":[{"href":"https:\/\/nbg.eu\/lv\/wp-json\/wp\/v2\/product\/685638","targetHints":{"allow":["GET"]}}],"collection":[{"href":"https:\/\/nbg.eu\/lv\/wp-json\/wp\/v2\/product"}],"about":[{"href":"https:\/\/nbg.eu\/lv\/wp-json\/wp\/v2\/types\/product"}],"wp:featuredmedia":[{"embeddable":true,"href":"https:\/\/nbg.eu\/lv\/wp-json\/wp\/v2\/media\/685693"}],"wp:attachment":[{"href":"https:\/\/nbg.eu\/lv\/wp-json\/wp\/v2\/media?parent=685638"}],"wp:term":[{"taxonomy":"product_brand","embeddable":true,"href":"https:\/\/nbg.eu\/lv\/wp-json\/wp\/v2\/product_brand?post=685638"},{"taxonomy":"product_cat","embeddable":true,"href":"https:\/\/nbg.eu\/lv\/wp-json\/wp\/v2\/product_cat?post=685638"},{"taxonomy":"product_tag","embeddable":true,"href":"https:\/\/nbg.eu\/lv\/wp-json\/wp\/v2\/product_tag?post=685638"}],"curies":[{"name":"wp","href":"https:\/\/api.w.org\/{rel}","templated":true}]}}