{"id":685795,"date":"2025-12-18T16:23:59","date_gmt":"2025-12-18T13:23:59","guid":{"rendered":"https:\/\/nbg.eu\/product\/termala-binoklu-nocpix-quest-h35r-lrf-640x512-netd-15mk\/"},"modified":"2026-01-21T12:22:39","modified_gmt":"2026-01-21T09:22:39","slug":"termala-binoklu-nocpix-quest-h35r-lrf-640x512-netd-15mk","status":"publish","type":"product","link":"https:\/\/nbg.eu\/lv\/product\/termala-binoklu-nocpix-quest-h35r-lrf-640x512-netd-15mk\/","title":{"rendered":"Term\u0101l\u0101 binok\u013cu Nocpix Quest H35R LRF 640&#215;512 NETD &lt;15mK"},"content":{"rendered":"<h2>Nocpix QUEST H35R LRF 640&#215;512 term\u0101lie binok\u013ci<\/h2>\n<p>QUEST ir viegls un p\u0101rn\u0113s\u0101jams, pied\u0101v\u0101jot detekt\u0113\u0161anas diapazonu l\u012bdz 2600m un ieb\u016bv\u0113tu slepenoto t\u0101lumm\u0113r\u012bt\u0101ju ar diapazonu l\u012bdz 1000m, lai nodro\u0161in\u0101tu augst\u0101ku precizit\u0101ti un redzam\u012bbu. T\u0101 tradicion\u0101lais binok\u013cu dizains ietver piln\u012bgu gumijas p\u0101rkl\u0101jumu un IP67 klasi, lai nodro\u0161in\u0101tu iztur\u012bbu un komfortu sare\u017e\u0123\u012btos apst\u0101k\u013cos. Apr\u012bkots ar augstas veiktsp\u0113jas 640&#215;512 sensoru (NETD \u226415mK, 60Hz), QUEST nodro\u0161ina izcilu att\u0113la skaidr\u012bbu, augstu termisko jut\u012bbu un probl\u0113mu atrisin\u0101\u0161anu sare\u017e\u0123\u012bt\u0101 vid\u0113.<\/p>\n<h2>Izcila vizu\u0101l\u0101 pieredze<\/h2>\n<p>Nocpix QUEST ietver R+ att\u0113la uzlabo\u0161anu, lai nodro\u0161in\u0101tu augst\u0101ku skaidr\u012bbu un precizit\u0101ti, apvienojum\u0101 ar 1920&#215;1200 AMOLED displeju, lai rad\u012btu aizraujo\u0161u un ac\u012bm draudz\u012bgu skat\u012b\u0161an\u0101s pieredzi.<\/p>\n<h2>Izcils sensors nodro\u0161ina izcil\u012bbu<\/h2>\n<p>Nocpix QUEST ir apr\u012bkots ar augstas veiktsp\u0113jas sensoru (640&#215;512@12\u00b5m), kas nodro\u0161ina izcilu att\u0113la skaidr\u012bbu. Ar NETD \u226415mK un 60Hz kadru \u0101trumu tas nodro\u0161ina augstu termisko jut\u012bbu, sniedzot skaidrus un vizu\u0101lus att\u0113lus pat vissare\u017e\u0123\u012bt\u0101kajos apst\u0101k\u013cos.<\/p>\n<h2>Jaud\u012bgas detekt\u0113\u0161anas iesp\u0113jas<\/h2>\n<p>Nocpix QUEST pied\u0101v\u0101 detekt\u0113\u0161anas diapazonu l\u012bdz 2600 m un ieb\u016bv\u0113tu sl\u0113pto t\u0101lumm\u0113r\u012bt\u0101ju ar diapazonu l\u012bdz 1000 m, \u013caujot redz\u0113t t\u0101l\u0101k un prec\u012bz\u0101k nek\u0101 jebkad agr\u0101k. Tas ar\u012b atbalsta balistiskus apr\u0113\u0137inus, nodro\u0161inot datu atbalstu kooperat\u012bvai med\u012b\u0161anai.<\/p>\n<h2>Vienas rokas darb\u012bba<\/h2>\n<p>Nocpix QUEST pied\u0101v\u0101 ergonomisku, nesl\u012bdo\u0161u lieto\u0161anu ar vienk\u0101r\u0161u 4 pogu izk\u0101rtojumu un centr\u0101li izvietot\u0101m ritenti\u0146a pog\u0101m, lai nodro\u0161in\u0101tu \u0113rtu vienas rokas darb\u012bbu un dro\u0161u satv\u0113rienu visos apst\u0101k\u013cos.<\/p>\n<h2>Viegls un p\u0101rn\u0113s\u0101jams<\/h2>\n<p>QUEST svars ir tikai 700g un tas ietver speci\u0101lu nes\u0101mo somi\u0146u, pied\u0101v\u0101jot vieglu p\u0101rn\u0113s\u0101jam\u012bbu un komfortu \u0101rtelpu aktivit\u0101t\u0113m, piem\u0113ram, med\u012bb\u0101m un izp\u0113tei.<\/p>\n<h2>Atbr\u012bvojiet no satraukuma par baro\u0161anu<\/h2>\n<p>QUEST s\u0113rija ir apr\u012bkota ar dubult\u0101s baterijas dizainu ar ieb\u016bv\u0113tu un nomain\u0101mu 18650 bateriju, lai nodro\u0161in\u0101tu bezr\u016bp\u012bgu aizst\u0101\u0161anu un nep\u0101rtrauktu lieto\u0161anu j\u016bsu piedz\u012bvojumu laik\u0101.<\/p>\n<h2>Lab\u0101k\u0101 binok\u013cu pieredze<\/h2>\n<p>QUEST ietver tradicion\u0101lo binok\u013cu dizainu ar sofistic\u0113tu pilno gumijas p\u0101rkl\u0101jumu un IP67 klasi \u016bdens un putek\u013cu iztur\u012bbai, nodro\u0161inot gan iztur\u012bbu, gan visp\u0101r\u0113ju komfortu.<\/p>\n","protected":false},"excerpt":{"rendered":"<p>Nocpix Quest H35R LRF 640&#215;512 NETD &lt;15mK: Vieglas, portat\u012bvas termisk\u0101s binok\u013ci ar 2600m noteik\u0161anas diapazonu, 1000m LRF un izcilu att\u0113la skaidr\u012bbu.<\/p>\n","protected":false},"featured_media":686416,"template":"","meta":{"_acf_changed":false},"product_brand":[14459],"product_cat":[14687,13798],"product_tag":[],"class_list":{"0":"post-685795","1":"product","2":"type-product","3":"status-publish","4":"has-post-thumbnail","6":"product_brand-nocpix","7":"product_cat-binokli","8":"product_cat-termiska","10":"first","11":"instock","12":"taxable","13":"shipping-taxable","14":"purchasable","15":"product-type-simple"},"acf":[],"_links":{"self":[{"href":"https:\/\/nbg.eu\/lv\/wp-json\/wp\/v2\/product\/685795","targetHints":{"allow":["GET"]}}],"collection":[{"href":"https:\/\/nbg.eu\/lv\/wp-json\/wp\/v2\/product"}],"about":[{"href":"https:\/\/nbg.eu\/lv\/wp-json\/wp\/v2\/types\/product"}],"wp:featuredmedia":[{"embeddable":true,"href":"https:\/\/nbg.eu\/lv\/wp-json\/wp\/v2\/media\/686416"}],"wp:attachment":[{"href":"https:\/\/nbg.eu\/lv\/wp-json\/wp\/v2\/media?parent=685795"}],"wp:term":[{"taxonomy":"product_brand","embeddable":true,"href":"https:\/\/nbg.eu\/lv\/wp-json\/wp\/v2\/product_brand?post=685795"},{"taxonomy":"product_cat","embeddable":true,"href":"https:\/\/nbg.eu\/lv\/wp-json\/wp\/v2\/product_cat?post=685795"},{"taxonomy":"product_tag","embeddable":true,"href":"https:\/\/nbg.eu\/lv\/wp-json\/wp\/v2\/product_tag?post=685795"}],"curies":[{"name":"wp","href":"https:\/\/api.w.org\/{rel}","templated":true}]}}