{"id":686425,"date":"2026-01-08T18:14:39","date_gmt":"2026-01-08T15:14:39","guid":{"rendered":"https:\/\/nbg.eu\/product\/termiskais-stiprinajums-nocpix-mate-ultra-s60r\/"},"modified":"2026-04-14T16:04:12","modified_gmt":"2026-04-14T13:04:12","slug":"termiskais-stiprinajums-nocpix-mate-ultra-s60r","status":"publish","type":"product","link":"https:\/\/nbg.eu\/lv\/product\/termiskais-stiprinajums-nocpix-mate-ultra-s60r\/","title":{"rendered":"Nocpix Termoadapteris Mate Ultra S60R"},"content":{"rendered":"<h2>P\u0101rveidojiet savu dienas tv\u0113rumu par modernu termisko optisko t\u0113mekli ar vien\u012bgo 1280&#215;1024 Nocpix MATE Ultra S60R termisko stiprin\u0101jumu \u2013 lab\u0101ko priek\u0161\u0113jo mont\u0113jamo termisko stiprin\u0101jumu, kas izstr\u0101d\u0101ts profesion\u0101liem medniekiem, savva\u013cas nov\u0113rot\u0101jiem un \u0161\u0101v\u0113jiem, kuri pieprasa precizit\u0101ti.<\/h2>\n<p>Ar n\u0101kam\u0101s paaudzes att\u0113lveido\u0161anas tehnolo\u0123iju, Nocpix MATE Ultra S60R nodro\u0161ina nep\u0101rsp\u0113jamu skaidr\u012bbu, liela att\u0101luma detekt\u0113\u0161anu un modernu funkcijas augst\u0101kai veiktsp\u0113jai jebkur\u0101 vid\u0113.<\/p>\n<h2>Izcila att\u0113la kvalit\u0101te un detekt\u0113\u0161anas diapazons<\/h2>\n<p>Nocpix MATE Ultra S60R pamat\u0101 ir Gen-2 HD 1280\u00d71024 termiskais sensors ar ultra-smalku pikse\u013ca soli 12 \u03bcm un jut\u012bbu NETD \u226415mK, nodro\u0161inot, ka pat vistum\u0161\u0101k\u0101s termisk\u0101s at\u0161\u0137ir\u012bbas tiek konstat\u0113tas. Lielais 60mm F1.0 l\u0113cas uztv\u0113rs vair\u0101k termisk\u0101s ener\u0123ijas, lai nodro\u0161in\u0101tu krist\u0101ldzidrus att\u0113lus un palielin\u0101tu diapazona, pied\u0101v\u0101jot detekt\u0113\u0161anas att\u0101lumus l\u012bdz 3100 m. Vai j\u016bs med\u012bsiet staltbrie\u017ei ausmas laik\u0101 vai p\u0101rl\u016bkosiet pla\u0161as lauku teritorijas nakt\u012b, S60R nodro\u0161in\u0101s, ka nepaliks nepaman\u012bts neviens s\u012bkums.<\/p>\n<h2>Att\u0113la apstr\u0101de ar Reality+ AI<\/h2>\n<p>Apr\u012bkots ar diviem att\u0113lveido\u0161anas algoritmiem \u2013 jaud\u012bgu att\u0113lu procesoru, kas apvienots ar intelektu\u0101lo Reality+ tehnolo\u0123iju \u2013 MATE Ultra S60R autom\u0101tiski piel\u0101gojas j\u016bsu t\u0113mek\u013ca palielin\u0101\u0161anai. Tas nodro\u0161ina asus att\u0113lus, prec\u012bzu t\u0101lummai\u0146u un vienm\u0113r\u012bgu att\u0113la stabilit\u0101ti, pat migl\u0101, liet\u016b vai sare\u017e\u0123\u012btos zema apgaismojuma apst\u0101k\u013cos.<\/p>\n<p>Magic Zoom (bez LITE) \u2013 autom\u0101tiska att\u0113la un interfeisa piel\u0101go\u0161ana re\u0101laj\u0101 laik\u0101, lai nodro\u0161in\u0101tu vienm\u0113r\u012bgu t\u0101lummai\u0146u.<\/p>\n<p>7 da\u017e\u0101di kr\u0101su palete \u2013 izv\u0113lieties lab\u0101ko termisko skatu jebkur\u0101 situ\u0101cij\u0101.<\/p>\n<p>1920\u00d71080 AMOLED displejs \u2013 \u012bpa\u0161i skaidri att\u0113li ar dz\u012bvu kontrastu.<\/p>\n<h2>Izstr\u0101d\u0101ts precizit\u0101tei un \u0113tiskai med\u012bb\u0101m<\/h2>\n<p>Ar ieb\u016bv\u0113tu l\u0101zera t\u0101lm\u0113ru (l\u012bdz 1200m) un integr\u0113tu ballistisko kalkulatoru, S60R pal\u012bdz pie\u0146emt inform\u0113tus un \u0113tiskus l\u0113mumus par \u0161\u0101vieniem. Att\u0113la iek\u0161\u0113j\u0101 att\u0113la (PIP) re\u017e\u012bms uzlabo m\u0113r\u0137a precizit\u0101ti, un atsitiena aktiviz\u0113t\u0101 video (RAV) nodro\u0161ina, ka tiek uz\u0146emts ikviens kritiskais br\u012bdis.<\/p>\n<p>Uz\u0146emiet fotoatt\u0113lus, video un audio ar 64GB atmi\u0146u<\/p>\n<p>Wi-Fi un att\u0101l\u0101 savienojam\u012bba ar N-Link<\/p>\n<p>Sl\u0113d\u0146a tehnolo\u0123ija klusai un uzticamai darb\u012bbai<\/p>\n<h2>Iztur\u012bgs, praktisks un uzticams<\/h2>\n<p>Izstr\u0101d\u0101ts laukdarbiem, MATE Ultra S60R ir gan notur\u012bgs, gan viegli lietojams. Tam ir liels 60mm acul\u0101rs ar &lt;1% krop\u013cojumiem, uzturot stabilu tr\u0101p\u012b\u0161anas punktu un nep\u0101rtrauktu novietojumu l\u012bdz pat 16x palielin\u0101\u0161anai. Darbin\u0101ms ar nomain\u0101m\u0101m 18650 baterij\u0101m (4x iek\u013cautas ULTRA), tas nodro\u0161ina ilgsto\u0161u uzticam\u012bbu pagarin\u0101t\u0101m \u0101rpustelpu sesij\u0101m.<\/p>\n<h2>Galvenie tehniskie parametri<\/h2>\n<p>-Gen-2 Sub 15mk 1280\u00d71024 60Hz sensors (Ultra)<\/p>\n<p>-F1.0 l\u0113ca \u2013 izcila gaismas uztvere<\/p>\n<p>-Detekt\u0113\u0161anas diapazons l\u012bdz 3100 m<\/p>\n<p>-1200 m ieb\u016bv\u0113ts l\u0101zera t\u0101lm\u0113rs (bez LITE)<\/p>\n<p>-Reality+ att\u0113la apstr\u0101de ar m\u0101ksl\u012bgo intelektu<\/p>\n<p>-Ballistikas apr\u0113\u0137inu atbalsts<\/p>\n<p>-Foto\/video\/audio ierakst\u012b\u0161ana, 64GB atmi\u0146a<\/p>\n<p>-Atsitiena aktiviz\u0113ts video (RAV)<\/p>\n<p>-AMOLED displejs ar 1920\u00d71080 iz\u0161\u0137irtsp\u0113ju<\/p>\n<p>-7 kr\u0101su palete<\/p>\n<p>-Wi-Fi\/N-Link t\u0101lvad\u012bbas sader\u012bba<\/p>\n<p>-Nomain\u0101mas 18650 baterijas<\/p>\n<h2>K\u0101p\u0113c izv\u0113l\u0113ties Nocpix MATE Ultra S60R?<\/h2>\n<p>Ja mekl\u0113jat ide\u0101lo termisk\u0101 att\u0113lveido\u0161anas stiprin\u0101jumu j\u016bsu t\u0113meklim, MATE Ultra S60R pied\u0101v\u0101 perfektu kombin\u0101ciju \u2013 liela att\u0101luma detekt\u0113\u0161ana, modern\u0101k\u0101 AI att\u0113lveido\u0161anas tehnolo\u0123ija un uzticama darb\u012bba lauk\u0101. Neatkar\u012bgi no t\u0101, vai to izmanto med\u012bb\u0101m, savva\u013cas nov\u0113ro\u0161anai vai taktisk\u0101m vajadz\u012bb\u0101m, tas p\u0101rdefin\u0113 to, ko termiskais att\u0113lveido\u0161anas stiprin\u0101jums var sasniegt.<\/p>\n","protected":false},"excerpt":{"rendered":"<p>P\u0101rv\u0113rtiet savu dienas skopiju par modernu termisko \u0161aujamieroci ar vien\u012bgo 1280\u00d71024 Nocpix MATE Ultra S60R termisko stiprin\u0101jumu &#8211; vislab\u0101ko priek\u0161\u0113jo termisko stiprin\u0101jumu, kas paredz\u0113ts profesion\u0101liem medniekiem, savva\u013cas nov\u0113rot\u0101jiem un \u0161\u0101v\u0113jiem, kuri prasa precizit\u0101ti.<\/p>\n<p>Ja prece nav pieejama, l\u016bdzu, sazinieties ar mums: shop@nbg.eu vai +359896147790<\/p>\n","protected":false},"featured_media":686516,"template":"","meta":{"_acf_changed":false},"product_brand":[14459],"product_cat":[13798,16084],"product_tag":[],"class_list":{"0":"post-686425","1":"product","2":"type-product","3":"status-publish","4":"has-post-thumbnail","6":"product_brand-nocpix","7":"product_cat-termiska","8":"product_cat-thermal-cameras-lv","10":"first","11":"instock","12":"taxable","13":"shipping-taxable","14":"purchasable","15":"product-type-simple"},"acf":[],"_links":{"self":[{"href":"https:\/\/nbg.eu\/lv\/wp-json\/wp\/v2\/product\/686425","targetHints":{"allow":["GET"]}}],"collection":[{"href":"https:\/\/nbg.eu\/lv\/wp-json\/wp\/v2\/product"}],"about":[{"href":"https:\/\/nbg.eu\/lv\/wp-json\/wp\/v2\/types\/product"}],"wp:featuredmedia":[{"embeddable":true,"href":"https:\/\/nbg.eu\/lv\/wp-json\/wp\/v2\/media\/686516"}],"wp:attachment":[{"href":"https:\/\/nbg.eu\/lv\/wp-json\/wp\/v2\/media?parent=686425"}],"wp:term":[{"taxonomy":"product_brand","embeddable":true,"href":"https:\/\/nbg.eu\/lv\/wp-json\/wp\/v2\/product_brand?post=686425"},{"taxonomy":"product_cat","embeddable":true,"href":"https:\/\/nbg.eu\/lv\/wp-json\/wp\/v2\/product_cat?post=686425"},{"taxonomy":"product_tag","embeddable":true,"href":"https:\/\/nbg.eu\/lv\/wp-json\/wp\/v2\/product_tag?post=686425"}],"curies":[{"name":"wp","href":"https:\/\/api.w.org\/{rel}","templated":true}]}}