{"id":686570,"date":"2026-01-08T18:15:06","date_gmt":"2026-01-08T15:15:06","guid":{"rendered":"https:\/\/nbg.eu\/product\/termiskais-aptverums-nocpix-mate-h50r\/"},"modified":"2026-04-14T16:04:09","modified_gmt":"2026-04-14T13:04:09","slug":"termiskais-aptverums-nocpix-mate-h50r","status":"publish","type":"product","link":"https:\/\/nbg.eu\/lv\/product\/termiskais-aptverums-nocpix-mate-h50r\/","title":{"rendered":"Nocpix Termot\u0113m\u0113klis Mate H50R"},"content":{"rendered":"<h2>P\u0101rv\u0113rst savu dienas apjomu par modernu term\u0101l\u0101 \u0161autenes apjomu ar Nocpix MATE H50R<\/h2>\n<p>P\u0101rv\u0113rtiet savu dienas apjomu par modernu term\u0101l\u0101 \u0161autenes apjomu ar vien\u012bgo 640X512 Nocpix MATE H50R term\u0101lo apjomu &#8211; lab\u0101ko priek\u0161\u0113j\u0101s uzst\u0101d\u012b\u0161anas term\u0101lo apjomu, kas paredz\u0113ts profesion\u0101liem medniekiem, savva\u013cas nov\u0113rot\u0101jiem un \u0161\u0101v\u0113jiem, kuri prasa precizit\u0101ti.<\/p>\n<p>Izgatavots ar n\u0101kam\u0101s paaudzes att\u0113lo\u0161anas tehnolo\u0123iju, Nocpix MATE H50R nodro\u0161ina nep\u0101rsp\u0113jamu skaidr\u012bbu, liel\u0101 att\u0101luma detekt\u0113\u0161anu un jaun\u0101k\u0101s funkcijas augst\u0101kai veiktsp\u0113jai jebkur\u0101 vid\u0113.<\/p>\n<h2>Izcila att\u0113la kvalit\u0101te un detekt\u0113\u0161anas diapazons<\/h2>\n<p>Nocpix MATE Ultra H50R pamat\u0101 ir 2. paaudzes HD 640X512 term\u0101lais sensors ar ultra-smalku pikse\u013ca soli 12 \u03bcm un jut\u012bbu NETD \u226415mK, nodro\u0161inot, ka pat vistum\u0161\u0101k\u0101s siltuma at\u0161\u0137ir\u012bbas tiks noteiktas. Liels 50mm F1.0 objekt\u012bvs uztver vair\u0101k siltumener\u0123ijas, nodro\u0161inot krist\u0101lskaidrus att\u0113lus un papla\u0161in\u0101tu diapazonu, pied\u0101v\u0101jot detekt\u0113\u0161anas att\u0101lumus l\u012bdz 2600 m. Vai j\u016bs k\u0101rt\u0113j\u0101 ausma\u013ca pievirpin\u0101t brie\u017ei vai naksn\u012bgi sken\u0113jat pla\u0161us laukus, H50R nodro\u0161ina, ka nekas nenok\u013c\u016bst neiev\u0113rots.<\/p>\n<h2>Progres\u012bva att\u0113la apstr\u0101de ar Reality+ AI<\/h2>\n<p>Apr\u012bkots ar divu att\u0113la algoritmu &#8211; sp\u0113c\u012bga att\u0113la procesora un inteli\u0123enta Reality+ tehnolo\u0123ijas &#8211; kombin\u0101ciju, MATE Ultra H50R autom\u0101tiski piel\u0101gojas j\u016bsu apjoma t\u0101lummai\u0146ai. Tas nodro\u0161ina skaidrus vizu\u0101los materi\u0101lus, prec\u012bzu t\u0101lummai\u0146u un stabilu att\u0113la stabilit\u0101ti pat migl\u0101, liet\u016b vai sare\u017e\u0123\u012btos zemas gaismas apst\u0101k\u013cos.<\/p>\n<h2>Veidots precizit\u0101tei un \u0113tiskai med\u012bb\u0101m<\/h2>\n<p>Ar ieb\u016bv\u0113tu l\u0101zera t\u0101lm\u0113tru (l\u012bdz 1200m) un integr\u0113tu ballistisko kalkulatoru H50R pal\u012bdz jums pie\u0146emt inform\u0113tus un \u0113tiski atbild\u012bgus l\u0113mumus \u0161au\u0161anai. Picture-in-picture (PIP) re\u017e\u012bms uzlabo t\u0113m\u0113\u0161anas precizit\u0101ti, un atsitiena aktiviz\u0113ta video (RAV) nodro\u0161ina, ka katrs kritiskais br\u012bdis tiek uz\u0146emts.<\/p>\n<h2>Iztur\u012bgs, praktiski un uzticams<\/h2>\n<p>Izstr\u0101d\u0101ts lauka darbam, MATE Ultra H50R ir gan iztur\u012bgs, gan viegli lietojams. Tam ir liels 60mm acularas ar &lt;1% krop\u013cojumu, saglab\u0101jot stabilu iedarb\u012bbas punktu un konsekvenci uz 16x palielin\u0101\u0161anu. Darbin\u0101ms ar nomain\u0101m\u0101m 18650 baterij\u0101m (4x iek\u013cautas ULTRA versij\u0101), tas pied\u0101v\u0101 ilgtermi\u0146a uzticam\u012bbu papla\u0161in\u0101tas \u0101ra sesijas.<\/p>\n","protected":false},"excerpt":{"rendered":"<p>P\u0101rveidojiet savu dienas skatu par m\u016bsdien\u012bgu term\u0101lajam r\u016bpniecisk\u0101 karab\u012bnes skatu ar vien\u012bgo 640X512 Nocpix MATE H50R term\u0101lo stiprin\u0101jumu &#8211; lab\u0101ko priek\u0161\u0113j\u0101 stiprin\u0101juma term\u0101lo stiprin\u0101jumu, kas paredz\u0113ts profesion\u0101liem medniekiem, savva\u013cas v\u0113rot\u0101jiem un \u0161\u0101v\u0113jiem, kuri pieprasa precizit\u0101ti.<\/p>\n<p>Ja prece nav pieejama, l\u016bdzu, sazinieties ar mums: shop@nbg.eu vai +359896147790<\/p>\n","protected":false},"featured_media":686670,"template":"","meta":{"_acf_changed":false},"product_brand":[14459],"product_cat":[13798],"product_tag":[],"class_list":{"0":"post-686570","1":"product","2":"type-product","3":"status-publish","4":"has-post-thumbnail","6":"product_brand-nocpix","7":"product_cat-termiska","9":"first","10":"instock","11":"taxable","12":"shipping-taxable","13":"purchasable","14":"product-type-simple"},"acf":[],"_links":{"self":[{"href":"https:\/\/nbg.eu\/lv\/wp-json\/wp\/v2\/product\/686570","targetHints":{"allow":["GET"]}}],"collection":[{"href":"https:\/\/nbg.eu\/lv\/wp-json\/wp\/v2\/product"}],"about":[{"href":"https:\/\/nbg.eu\/lv\/wp-json\/wp\/v2\/types\/product"}],"wp:featuredmedia":[{"embeddable":true,"href":"https:\/\/nbg.eu\/lv\/wp-json\/wp\/v2\/media\/686670"}],"wp:attachment":[{"href":"https:\/\/nbg.eu\/lv\/wp-json\/wp\/v2\/media?parent=686570"}],"wp:term":[{"taxonomy":"product_brand","embeddable":true,"href":"https:\/\/nbg.eu\/lv\/wp-json\/wp\/v2\/product_brand?post=686570"},{"taxonomy":"product_cat","embeddable":true,"href":"https:\/\/nbg.eu\/lv\/wp-json\/wp\/v2\/product_cat?post=686570"},{"taxonomy":"product_tag","embeddable":true,"href":"https:\/\/nbg.eu\/lv\/wp-json\/wp\/v2\/product_tag?post=686570"}],"curies":[{"name":"wp","href":"https:\/\/api.w.org\/{rel}","templated":true}]}}