{"id":686703,"date":"2026-01-08T18:14:07","date_gmt":"2026-01-08T15:14:07","guid":{"rendered":"https:\/\/nbg.eu\/product\/termografiska-kamera-nocpix-ace-l35-sensors-384x288-35mm-leca\/"},"modified":"2026-04-14T16:04:27","modified_gmt":"2026-04-14T13:04:27","slug":"termografiska-kamera-nocpix-ace-l35-sensors-384x288-35mm-leca","status":"publish","type":"product","link":"https:\/\/nbg.eu\/lv\/product\/termografiska-kamera-nocpix-ace-l35-sensors-384x288-35mm-leca\/","title":{"rendered":"Nocpix Termokamera ACE L35"},"content":{"rendered":"<h2>Nocpix ACE L35 termokamera<\/h2>\n<p>Nocpix ACE L35 ir veidots, apvienojot lietot\u0101ju piepras\u012bt\u0101s pirmklas\u012bg\u0101s funkcijas vienk\u0101r\u0161ot\u0101 optik\u0101, kas l\u012bdzsvaro progres\u012bv\u0101s iesp\u0113jas ar vieglumu lieto\u0161an\u0101 lauk\u0101. Dom\u0101ts, lai justos k\u0101 tradicion\u0101l\u0101 dienas optika, ACE ir sader\u012bgs ar p\u0101rpl\u016bdes darb\u012bbas vai pusautom\u0101tiskajiem \u0161auten\u0113m, izmantojot standarta 30 mm stiprin\u0101jumus un gredzenu. Iek\u0161\u0113j\u0101 USB-C uzl\u0101d\u0113\u0161anas akumulatora un no\u0146emama 18650 uzl\u0101d\u0113jama akumulatora kombin\u0101cija \u013cauj lietot\u0101jiem akumulatorus nomain\u012bt ce\u013c\u0101, lai ieg\u016btu neierobe\u017eotu darb\u012bbas laiku. 1x l\u012bdz 3x akul\u0101ra palielin\u0101t\u0101js nodro\u0161ina optisko palielin\u0101jumu 2560\u00d72560 ap\u013cveida AMOLED displejam akul\u0101r\u0101. Vision+ sist\u0113ma apvieno \u0161o augstas iz\u0161\u0137irtsp\u0113jas displeju ar 18 mK NETD sensoru, lai ieg\u016btu neticami detaliz\u0113tu un prec\u012bzu att\u0113lu.<\/p>\n<p>Nocpix ACE L35 pied\u0101v\u0101 pieejam\u0101ku opciju ACE l\u012bnij\u0101 pl\u0113s\u0113jiem un savva\u013cas dz\u012bvnieku medniekiem, kuriem nav nepiecie\u0161ams l\u0101zera t\u0101lm\u0113rs vai augst\u0101ka iz\u0161\u0137irtsp\u0113jas sensors. Ar \u0101rk\u0101rt\u012bgi izdev\u012bgu cenu ACE L35 saglab\u0101 visas p\u0101r\u0113j\u0101s ACE termisko \u0161auten\u0161u vizoru l\u012bnijas funkcijas.<\/p>\n<p>Optiskais akul\u0101ra palielin\u0101t\u0101js ar 1-3x palielin\u0101jumu nodro\u0161ina papildu displeja palielin\u0101jumu, neizmainot m\u0113rogu vai digit\u0101lo palielin\u0101jumu. Augstas kvalit\u0101tes ap\u013cveida AMOLED displeju ar iz\u0161\u0137irtsp\u0113ju 2560\u00d72560 nodro\u0161ina palielin\u0101tu skaidr\u012bbu un detaliz\u0101ciju. Vienk\u0101r\u0161otas vad\u012bbas ier\u012bces pied\u0101v\u0101 uzlabotu ergonomiku un lab\u0101ku lietot\u0101ja pieredzi lauk\u0101. Tas izmanto parasto 18650 uzl\u0101d\u0113jamos akumulatorus. Ballistisko kalkulatora funkcija att\u0113lo lodes krituma v\u0113rt\u012bbas, pamatojoties uz ievadi no l\u0101zera t\u0101lm\u0113ra un lietot\u0101ja piel\u0101gota patronas profila. Uzl\u0101d\u0113jiet ier\u012bci ar \u012bpa\u0161i konstru\u0113tu blo\u0137\u0113jamu USB-C piesl\u0113gvietu.<\/p>\n","protected":false},"excerpt":{"rendered":"<p>No\u010dpiks ACE L35 termokamera ar 384 \u00d7 288 sensoru, 35 mm objektivu, 4 x digit\u0101lo t\u0101lummai\u0146u un 60 Hz kadru \u0101trumu ar 1970 jardu atkl\u0101\u0161anas diapazonu.<\/p>\n<p>Ja prece nav pieejama, l\u016bdzu, sazinieties ar mums: shop@nbg.eu vai +359896147790<\/p>\n","protected":false},"featured_media":686777,"template":"","meta":{"_acf_changed":false},"product_brand":[14459],"product_cat":[16084],"product_tag":[],"class_list":{"0":"post-686703","1":"product","2":"type-product","3":"status-publish","4":"has-post-thumbnail","6":"product_brand-nocpix","7":"product_cat-thermal-cameras-lv","9":"first","10":"instock","11":"taxable","12":"shipping-taxable","13":"purchasable","14":"product-type-simple"},"acf":[],"_links":{"self":[{"href":"https:\/\/nbg.eu\/lv\/wp-json\/wp\/v2\/product\/686703","targetHints":{"allow":["GET"]}}],"collection":[{"href":"https:\/\/nbg.eu\/lv\/wp-json\/wp\/v2\/product"}],"about":[{"href":"https:\/\/nbg.eu\/lv\/wp-json\/wp\/v2\/types\/product"}],"wp:featuredmedia":[{"embeddable":true,"href":"https:\/\/nbg.eu\/lv\/wp-json\/wp\/v2\/media\/686777"}],"wp:attachment":[{"href":"https:\/\/nbg.eu\/lv\/wp-json\/wp\/v2\/media?parent=686703"}],"wp:term":[{"taxonomy":"product_brand","embeddable":true,"href":"https:\/\/nbg.eu\/lv\/wp-json\/wp\/v2\/product_brand?post=686703"},{"taxonomy":"product_cat","embeddable":true,"href":"https:\/\/nbg.eu\/lv\/wp-json\/wp\/v2\/product_cat?post=686703"},{"taxonomy":"product_tag","embeddable":true,"href":"https:\/\/nbg.eu\/lv\/wp-json\/wp\/v2\/product_tag?post=686703"}],"curies":[{"name":"wp","href":"https:\/\/api.w.org\/{rel}","templated":true}]}}