{"id":686820,"date":"2026-01-08T18:13:27","date_gmt":"2026-01-08T15:13:27","guid":{"rendered":"https:\/\/nbg.eu\/product\/termiska-kamera-nocpix-ace-h50r-12%ce%bcm-640x512-zeiss-rail\/"},"modified":"2026-04-14T17:19:25","modified_gmt":"2026-04-14T14:19:25","slug":"termiska-kamera-nocpix-ace-h50r-12%ce%bcm-640x512-zeiss-rail","status":"publish","type":"product","link":"https:\/\/nbg.eu\/lv\/product\/termiska-kamera-nocpix-ace-h50r-12%ce%bcm-640x512-zeiss-rail\/","title":{"rendered":"Nocpix Termokamera ACE H50R ZEISS RAIL"},"content":{"rendered":"<h2>Nocpix ACE H50R termiskais med\u012bbu t\u0113meklis: nep\u0101rsp\u0113ta med\u012bbu precizit\u0101te un skaidr\u012bba<\/h2>\n<p>Nocpix ACE H50R termiskais med\u012bbu t\u0113meklis apvieno progres\u012bvu tehnolo\u0123iju ar iztur\u012bgu notur\u012bbu, lai nodro\u0161in\u0101tu nep\u0101rsp\u0113jamu med\u012bbu pieredzi. Tam ir 640&#215;512 iz\u0161\u0137irtsp\u0113jas termiskais sensors ar \u226412mK NETD, nodro\u0161inot izcilu att\u0113lu skaidr\u012bbu, 3100 metru atkl\u0101\u0161anas diapazonu un integr\u0113tu l\u0101zera t\u0101lm\u0113ru prec\u012bziem m\u0113r\u012bjumiem l\u012bdz 1200 metriem. Novatorisk\u0101 Vision+ sist\u0113ma pied\u0101v\u0101 akul\u0101ro palielin\u0101\u0161anu skaidriem tuviem skatatiem, kam\u0113r dubult\u0101 akumulatoru sist\u0113ma nodro\u0161ina ilgsto\u0161u lieto\u0161anu. Tas ir veidots no augstas iztur\u012bbas alum\u012bnija sakaus\u0113juma un atbilst IP67 aizsardz\u012bbas standartam, t\u0101d\u0113j\u0101di paredz\u0113ts p\u0101rsp\u0113t jebkuru \u0101rtelpu vidi un piel\u0101goties jebkurai situ\u0101cijai.<\/p>\n<p>Nocpix ACE H50 termiskais med\u012bbu t\u0113meklis ir modern\u0101kais r\u012bks, kas paredz\u0113ts, lai p\u0101rk\u0101rtotu med\u012bbu pieredzi, neatkar\u012bgi no t\u0101, vai tu navig\u0113 tums\u0101 vai sekoji med\u012bjumam cauri sare\u017e\u0123\u012btam reljefu. K\u0101 Nocpix flagmana ACE s\u0113rijas da\u013ca, \u0161is termiskais optiskais t\u0113meklis izc\u0113l\u0101s ar savu izcilo att\u0113la kvalit\u0101ti un precizit\u0101ti, pateicoties iek\u0161\u0113ji izstr\u0101d\u0101tajam augstas iz\u0161\u0137irtsp\u0113jas termiskajam sensoram un progres\u012bvai Reality+ un Vision+ sist\u0113m\u0101m.<\/p>\n<p>Nocpix ACE H50R kodols ir t\u0101 2. paaudzes HD termiskais sensors, kas var lepoties ar 640&#215;512 iz\u0161\u0137irtsp\u0113ju un 60 kadriem sekund\u0113, nodro\u0161inot neticami stabilu veiktsp\u0113ju. Ar \u226412mK NETD \u0161is t\u0113meklis atkl\u0101j pat vismaz\u0101k\u0101s temperat\u016bras at\u0161\u0137ir\u012bbas, sniedzot detaliz\u0113tus un vienm\u0113r\u012bgus termiskos att\u0113lus, kas ide\u0101li piem\u0113roti \u0101tri kust\u012bgu m\u0113r\u0137u izseko\u0161anai re\u0101laj\u0101 laik\u0101. Progres\u012bvais Reality+ att\u0113lu apstr\u0101des algoritms to v\u0113l vair\u0101k uzlabo, izsl\u0113dzot vides temperat\u016bras trauc\u0113jumus, nodro\u0161inot izcilu kontrastu un skaidr\u012bbu pat sare\u017e\u0123\u012btos med\u012bbu apst\u0101k\u013cos.<\/p>\n<p>ACE H50R ir apr\u012bkots ar 50 mm\/F0.9 l\u0113cu, kas \u013cauj 20% vair\u0101k gaismas sasniegt sensoru, radot gai\u0161\u0101kus un skaidr\u0101kus att\u0113lus. Tas ir iz\u0161\u0137ir\u012bgi svar\u012bgi medniekiem, kas cen\u0161as p\u0113c precizit\u0101tes, jo uzlabota gaismas p\u0101rraide nodro\u0161ina lab\u0101ku redzam\u012bbu v\u0101jas apgaismojuma vid\u0113. Turkl\u0101t 3100 metru atkl\u0101\u0161anas diapazons at\u0161\u0137ir ACE, padarot t\u0101lu m\u0113r\u0137u identific\u0113\u0161anu un izseko\u0161anu viegl\u0101ku un efekt\u012bv\u0101ku k\u0101 nekad.<\/p>\n<p>Integr\u0113t\u0101 Vision+ sist\u0113ma uzlabo vizu\u0101lo pieredzi ar 1,03 collu apa\u013co AMOLED displeju ar 2560&#215;2560 iz\u0161\u0137irtsp\u0113ju. T\u0101 optikas palielin\u0101\u0161anas sist\u0113ma, kas veidota, lai izvair\u012btos no miglo\u0161anas un izkrop\u013cojumiem, ko parasti saista ar tradicion\u0101lajiem elektroniskajiem palielin\u0101jumiem, nodro\u0161ina medniekiem skaidru, augstas iz\u0161\u0137irtsp\u0113jas tuv\u0113jo skatu bez zaud\u0113juma deta\u013c\u0101m. Tas sniedz iegrimu\u0161u, \u0113rtu skat\u012b\u0161an\u0101s pieredzi, neatkar\u012bgi no t\u0101, vai tu nov\u0113ro med\u012bjumu no att\u0101luma vai m\u0113r\u0137i prec\u012bzi.<\/p>\n<p>Paredz\u0113ts pagarin\u0101tas lieto\u0161anas lauk\u0101, ACE ir apr\u012bkots ar dubulto akumulatoru sist\u0113mu ar ieb\u016bv\u0113tu 4000 mAh akumulatoru un papildu no\u0146emamu 18650 akumulatoru, \u013caujot nodro\u0161in\u0101t nep\u0101rtrauktu darb\u012bbu ilgu med\u012bbu sesiju laik\u0101. Iztur\u012bgais dizains no augstas stipr\u012bbas alum\u012bnija sakaus\u0113juma nodro\u0161ina, ka ACE var iztur\u0113t bargu \u0101rtelpu vidi un intens\u012bvu lieto\u0161anu, izturot stingrus triecienu iztur\u012bbas testus. Ar IP67 \u016bdensiztur\u012bbas r\u0101d\u012bt\u0101ju, t\u0113meklis paliek uzticams nelabv\u0113l\u012bgos laika apst\u0101k\u013cos, pied\u0101v\u0101jot medniekiem mieru pr\u0101t\u0101 neatkar\u012bgi no vides.<\/p>\n<p>Rad\u012bts dom\u0101jot par medniekiem, Nocpix ACE H50R ietver b\u016btiskas funkcijas, piem\u0113ram, atsper\u0113\u0161anas aktiviz\u0113tu video ierakst\u012b\u0161anu un bezaizkaves dizainu vieg\u013cai lieto\u0161anai lauk\u0101. Ar lietot\u0101jam draudz\u012bgiem papildin\u0101jumiem, piem\u0113ram, fokusa regul\u0113t\u0101ju, uzl\u0101des p\u0101rkl\u0101ju un iesp\u0113ju atska\u0146ot video tie\u0161i caur Gallery funkciju, \u0161is t\u0113meklis apvieno augstu veiktsp\u0113ju ar \u0113rt\u012bbu, lai nodro\u0161in\u0101tu optim\u0101lu med\u012bbu pieredzi.<\/p>\n","protected":false},"excerpt":{"rendered":"<p>Nocpix ACE H50R termisk\u0101 pielikt\u0146a pu\u0161ko\u0161ana apvieno att\u012bst\u012btu 640&#215;512 12um sensoru, 3100m konstat\u0113\u0161anu un integr\u0113tu LRF neiedom\u0101jamam med\u012bbu sniegumam.<\/p>\n<p>Ja prece nav pieejama, l\u016bdzu, sazinieties ar mums: shop@nbg.eu vai +359896147790<\/p>\n<p>\n","protected":false},"featured_media":686938,"template":"","meta":{"_acf_changed":false},"product_brand":[14459],"product_cat":[16084],"product_tag":[],"class_list":{"0":"post-686820","1":"product","2":"type-product","3":"status-publish","4":"has-post-thumbnail","6":"product_brand-nocpix","7":"product_cat-thermal-cameras-lv","9":"first","10":"instock","11":"taxable","12":"shipping-taxable","13":"purchasable","14":"product-type-simple"},"acf":[],"_links":{"self":[{"href":"https:\/\/nbg.eu\/lv\/wp-json\/wp\/v2\/product\/686820","targetHints":{"allow":["GET"]}}],"collection":[{"href":"https:\/\/nbg.eu\/lv\/wp-json\/wp\/v2\/product"}],"about":[{"href":"https:\/\/nbg.eu\/lv\/wp-json\/wp\/v2\/types\/product"}],"wp:featuredmedia":[{"embeddable":true,"href":"https:\/\/nbg.eu\/lv\/wp-json\/wp\/v2\/media\/686938"}],"wp:attachment":[{"href":"https:\/\/nbg.eu\/lv\/wp-json\/wp\/v2\/media?parent=686820"}],"wp:term":[{"taxonomy":"product_brand","embeddable":true,"href":"https:\/\/nbg.eu\/lv\/wp-json\/wp\/v2\/product_brand?post=686820"},{"taxonomy":"product_cat","embeddable":true,"href":"https:\/\/nbg.eu\/lv\/wp-json\/wp\/v2\/product_cat?post=686820"},{"taxonomy":"product_tag","embeddable":true,"href":"https:\/\/nbg.eu\/lv\/wp-json\/wp\/v2\/product_tag?post=686820"}],"curies":[{"name":"wp","href":"https:\/\/api.w.org\/{rel}","templated":true}]}}