{"id":686998,"date":"2025-12-18T18:25:22","date_gmt":"2025-12-18T15:25:22","guid":{"rendered":"https:\/\/nbg.eu\/product\/termokamera-nocpix-bolt-l35r\/"},"modified":"2026-02-27T15:50:53","modified_gmt":"2026-02-27T12:50:53","slug":"termokamera-nocpix-bolt-l35r","status":"publish","type":"product","link":"https:\/\/nbg.eu\/lv\/product\/termokamera-nocpix-bolt-l35r\/","title":{"rendered":"Termokamera Nocpix Bolt L35R"},"content":{"rendered":"<h2>Ide\u0101ls s\u0101kums j\u016bsu nakts med\u012bb\u0101m: Nocpix Bolt L35R termokamera<\/h2>\n<p>Izstr\u0101d\u0101ta ies\u0101c\u0113jiem, kas v\u0113las skaidr\u012bbu, vien\u0101 komplekt\u0101 \u0113rtumu un p\u0101rliec\u012bbu no pirm\u0101s dienas, Nocpix BOLT apvieno asu termisko att\u0113lo\u0161anu, ieb\u016bv\u0113tu att\u0101lumfinderu un viedas ballistisk\u0101s ier\u012bces kompakt\u0101, viegli lietojam\u0101 dizain\u0101 \u2013 nodro\u0161inot jauniem medniekiem tie\u0161i to, kas nepiecie\u0161ams, lai med\u012btu gudri un \u0161autu p\u0101rliecin\u0101ti.<\/p>\n<h2>Skaidri redz\u0113t, prec\u012bzi identific\u0113t<\/h2>\n<p>Neizteiksm\u012bgi att\u0113li un gr\u016bti saskat\u0101mi m\u0113r\u0137i ir bie\u017ea probl\u0113ma jauniem termisk\u0101s att\u0113lo\u0161anas binok\u013cu lietot\u0101jiem, \u012bpa\u0161i tums\u0101. T\u0101p\u0113c BOLT ir apr\u012bkots ar pa\u0161u izstr\u0101d\u0101tu termisko sensoru ar \u226420mK NETD un \u0101triem 50Hz kadriem, nodro\u0161inot jums glaudus, augstas iz\u0161\u0137irtsp\u0113jas att\u0113lus pat skarsos apst\u0101k\u013cos. Izmantojot m\u016bsu Reality+ att\u0113lveido\u0161anas algoritmu, BOLT izr\u0101da cauri miglai, kr\u016bmiem un tumsai, sniedzot asus att\u0113lus un uzticamu m\u0113r\u0137a identific\u0113\u0161anu.<\/p>\n<h2>Palikt viegls, koncentr\u0113ties<\/h2>\n<p>K\u0101 jauns mednieks, jo \u012bpa\u0161i, kad v\u0113l pierod p\u0101rvietoties klusi un saglab\u0101t koncentr\u0113\u0161anos. T\u0101p\u0113c Nocpix BOLT vienk\u0101r\u0161o lietas. Sv\u0113rot tikai 880 gramus un ar kompaktu, pl\u016bsto\u0161u dizainu, to ir viegli nest, uzst\u0101d\u012bt un darbin\u0101t pat ilg\u0101s med\u012bb\u0101s.<\/p>\n<h2>Zin\u0101t att\u0101lumu, med\u012bt ar p\u0101rliec\u012bbu<\/h2>\n<p>Jauniem medniekiem ir gr\u016bti nov\u0113rt\u0113t att\u0101lumu, un neveiksm\u012bgi \u0161\u0101vieni var pakrilt vi\u0146u pa\u0161u p\u0101rliec\u012bbai. BOLT mazina stresa da\u013cu \u0161au\u0161an\u0101 ar ieb\u016bv\u0113tu 1200 metru l\u0101zera att\u0101lumfinderu un gudro ballistisko kalkulatoru. J\u016bs sa\u0146emat prec\u012bzas att\u0101luma r\u0101d\u012bjumus un t\u016bl\u012bt\u0113ju \u0161au\u0161anas atbalstu, kas pal\u012bdz jums prec\u012bzi tr\u0101p\u012bt katru \u0161\u0101vienu. No pirmaj\u0101m med\u012bb\u0101m BOLT ies\u0101c\u0113jiem sniedz nepiecie\u0161amo priek\u0161roc\u012bbu, lai \u0161autu gudr\u0101k un konsekvent\u0101k.<\/p>\n<h2>Med\u012bt visu dienu, neraiz\u0113joties par ener\u0123iju<\/h2>\n<p>Akumulatora izs\u012bk\u0161ana med\u012bb\u0101s ir jebkura jauna mednieka ko\u0161maras. T\u0101p\u0113c BOLT ir konstru\u0113ts ar diviem akumulatoriem \u2013 ieb\u016bv\u0113ts ilgm\u016b\u017e\u012bgs 5000mAh akumulators un no\u0146emams 18650 rezerves akumulators. Ar kop\u0113ju 9000mAh ietilp\u012bbu, j\u016bs sa\u0146emat l\u012bdz pat 12 stundu nep\u0101rtrauktu darb\u012bbu. Nav stresa, nav p\u0101rtraukumu \u2013 tikai ener\u0123ija, kas ir ar jums no saull\u0113kta l\u012bdz saulrietam.<\/p>\n<h2>Viedas ier\u012bces, iesaisto\u0161as med\u012bbas<\/h2>\n<p>Ies\u0101c\u0113jiem pieradin\u0101t jaunas ier\u012bces var b\u016bt gr\u016bti. BOLT vienk\u0101r\u0161o \u0161o procesu ar piel\u0101gojamiem t\u0113m\u0113jo\u0161iem mar\u0137ieriem, regul\u0113jamiem \u0161au\u0161anas iestat\u012bjumiem un septi\u0146\u0101m kr\u0101su palet\u0113m, lai atbilstu da\u017e\u0101diem apk\u0101rt\u0113jiem apst\u0101k\u013ciem. Turkl\u0101t bezvadu savienojam\u012bba ar lietotni \u013cauj jums piel\u0101got iestat\u012bjumus un dal\u012bties ar sav\u0101m piedz\u012bvojumiem, padarot katras med\u012bbas ne tikai gudr\u0101kas, bet ar\u012b interesant\u0101kas un iev\u0113rojam\u0101kas.<\/p>\n<h2>Iztur\u012bgs dizains, uzticams sniegums<\/h2>\n<p>Tikai ies\u0101kot, p\u0113d\u0113jais, par ko j\u0101uztraucas, ir ier\u012bces sal\u016b\u0161ana lauk\u0101. BOLT ir izgatavots priek\u0161z\u012bm\u012bgi ar robusta vienbloka alum\u012bnija korpusu un IP67 putek\u013cu un \u016bdens iztur\u012bbu. Tas ir test\u0113ts, lai iztur\u0113tu kritienus un augstu atsitienu, t\u0101p\u0113c tas paliek uzticams un prec\u012bzs neatkar\u012bgi no apst\u0101k\u013ciem.<\/p>\n","protected":false},"excerpt":{"rendered":"<p>Term\u0101l\u0101 kamera Nocpix Bolt L35R pied\u0101v\u0101 asus termiskos att\u0113lus, ieb\u016bv\u0113tu t\u0101lm\u0113ru un viedos balistikas r\u012bkus kompakt\u0101, viegli lietojam\u0101 dizain\u0101 jauniem nakts medniekiem.<\/p>\n<p>Ja prece nav pieejama, l\u016bdzu, sazinieties ar mums: shop@nbg.eu vai +359896147790<\/p>\n","protected":false},"featured_media":687395,"template":"","meta":{"_acf_changed":false},"product_brand":[14459],"product_cat":[2876],"product_tag":[],"class_list":{"0":"post-686998","1":"product","2":"type-product","3":"status-publish","4":"has-post-thumbnail","6":"product_brand-nocpix","7":"product_cat-rahohvatki","9":"first","10":"instock","11":"taxable","12":"shipping-taxable","13":"purchasable","14":"product-type-simple"},"acf":[],"_links":{"self":[{"href":"https:\/\/nbg.eu\/lv\/wp-json\/wp\/v2\/product\/686998","targetHints":{"allow":["GET"]}}],"collection":[{"href":"https:\/\/nbg.eu\/lv\/wp-json\/wp\/v2\/product"}],"about":[{"href":"https:\/\/nbg.eu\/lv\/wp-json\/wp\/v2\/types\/product"}],"wp:featuredmedia":[{"embeddable":true,"href":"https:\/\/nbg.eu\/lv\/wp-json\/wp\/v2\/media\/687395"}],"wp:attachment":[{"href":"https:\/\/nbg.eu\/lv\/wp-json\/wp\/v2\/media?parent=686998"}],"wp:term":[{"taxonomy":"product_brand","embeddable":true,"href":"https:\/\/nbg.eu\/lv\/wp-json\/wp\/v2\/product_brand?post=686998"},{"taxonomy":"product_cat","embeddable":true,"href":"https:\/\/nbg.eu\/lv\/wp-json\/wp\/v2\/product_cat?post=686998"},{"taxonomy":"product_tag","embeddable":true,"href":"https:\/\/nbg.eu\/lv\/wp-json\/wp\/v2\/product_tag?post=686998"}],"curies":[{"name":"wp","href":"https:\/\/api.w.org\/{rel}","templated":true}]}}