{"id":687712,"date":"2026-01-08T18:14:10","date_gmt":"2026-01-08T15:14:10","guid":{"rendered":"https:\/\/nbg.eu\/product\/termiska-monokulara-lumi-h35\/"},"modified":"2026-04-14T16:04:23","modified_gmt":"2026-04-14T13:04:23","slug":"termiska-monokulara-lumi-h35","status":"publish","type":"product","link":"https:\/\/nbg.eu\/lv\/product\/termiska-monokulara-lumi-h35\/","title":{"rendered":"Nocpix Termomonoku\u0101rs LUMI H35"},"content":{"rendered":"<h2>Nocpix LUMI H35: j\u016bsu neaizvietojams pal\u012bgs vis\u0101m lieto\u0161anas jom\u0101m<\/h2>\n<p>LUMI termisk\u0101s att\u0113lo\u0161anas monokul\u0101ru s\u0113rija ir paredz\u0113ta lieto\u0161anai gan dien\u0101, gan nakt\u012b, un pied\u0101v\u0101 jums izcilu att\u0113la kvalit\u0101ti pat sare\u017e\u0123\u012btos laika apst\u0101k\u013cos, piem\u0113ram, migl\u0101, smog\u0101 vai liet\u016b. Pat ja \u0161\u0137\u0113r\u0161\u013ci, piem\u0113ram, zari, augsta z\u0101le vai biezs lapojums, apgr\u016btina redzam\u012bbu, \u0161\u012b tehnolo\u0123ija \u013cauj jums skaidri redz\u0113t to, kas atrodas j\u016bsu priek\u0161\u0101. Tie ir ar\u012b tik kompakti un viegla svara, ka j\u016bs varat viegli tos p\u0101rn\u0113s\u0101t.<\/p>\n<p>LUMI termisk\u0101s kameras ir ide\u0101li piem\u0113rotas da\u017e\u0101d\u0101m lieto\u0161anas jom\u0101m, piem\u0113ram, med\u012bb\u0101m, nov\u0113ro\u0161anai, dro\u0161\u012bbai, teritorijas orient\u0101cijai vai mekl\u0113\u0161anas un gl\u0101b\u0161anas oper\u0101cij\u0101m.<\/p>\n<h2>Nep\u0101rsp\u0113jama att\u0113la veiktsp\u0113ja asu att\u0113lu nodro\u0161in\u0101\u0161anai<\/h2>\n<p>LUMI s\u0113rija izvirza jaunus standartus att\u0113la kvalit\u0101tes zi\u0146\u0101. Apr\u012bkota ar vismodern\u0101kajiem att\u0113lveido\u0161anas algoritmiem un jaud\u012bgu termisko sensoru ar NETD &lt; 18 mK, kamera nodro\u0161ina asus un re\u0101lus att\u0113lus. AMOLED displejs ar 1024 x 768 pikse\u013cu iz\u0161\u0137irtsp\u0113ju nodro\u0161ina izcilu att\u0113la prezent\u0101ciju, turkl\u0101t Ultra Clear re\u017e\u012bms papildus optimiz\u0113 att\u0113la skaidr\u012bbu, \u012bpa\u0161i sare\u017e\u0123\u012btos laika apst\u0101k\u013cos.<\/p>\n<h2>Personaliz\u0113ta skat\u012b\u0161anas pieredze &#8211; piel\u0101gojiet savu ier\u012bci piln\u012bb\u0101<\/h2>\n<p>Pateicoties lielam 640 x 512 px sensoram un da\u017e\u0101d\u0101m regul\u0113\u0161anas iesp\u0113j\u0101m, j\u016bs varat piel\u0101got ier\u012bci tie\u0161i j\u016bsu vajadz\u012bb\u0101m. Izv\u0113lieties no 5 kr\u0101su re\u017e\u012bmiem un optimiz\u0113jiet savu skatu ar 10 spilgtuma, asuma un kontrasta l\u012bme\u0146iem &#8211; lai nepalaistu gar\u0101m nevienu s\u012bkumu.<\/p>\n<h2>Pieredzes dal\u012b\u0161ana ar LUMI ir vienk\u0101r\u0161a<\/h2>\n<p>Modernajam medniekam svar\u012bga ir \u012bpa\u0161u br\u012b\u017eu fiks\u0113\u0161ana. Ar Nocpix LUMI H35 varat ne tikai \u0113rti koplietot savus ierakstus caur lietotni, bet ar\u012b tos atska\u0146ot tie\u0161i ier\u012bc\u0113 &#8211; ide\u0101li, lai nekav\u0113joties dal\u012btos ar saviem piedz\u012bvojumiem ar citiem.<\/p>\n<h2>Elast\u012bga lieto\u0161ana pateicoties nomain\u0101mai bateriju sist\u0113mai<\/h2>\n<p>LUMI s\u0113rija ir apr\u012bkota ar standarta 18650 baterij\u0101m, nodro\u0161inot jums maksim\u0101lu elast\u012bbu. Neatkar\u012bgi no t\u0101, kur atrodaties, ar iek\u013cauto bateriju l\u0101d\u0113t\u0101ju j\u016bs \u0101tri b\u016bsiet atkal gatavi darb\u012bbai &#8211; un var\u0113siet turpin\u0101t savu misiju.<\/p>\n","protected":false},"excerpt":{"rendered":"<p>Nocpix LUMI H35: J\u016bsu neaizst\u0101jamais pal\u012bgs vis\u0101m lieto\u0161anas jom\u0101m. 640 sensoru ar 18 mK, AMOLED displejs ar 1024 \u00d7 768 pikse\u013ciem, no\u0146emama 18650 baterija, aptuveni 1800 metru atkl\u0101\u0161anas diapazons, kompakts dizains.<\/p>\n<p>Ja prece nav pieejama, l\u016bdzu, sazinieties ar mums: shop@nbg.eu vai +359896147790<\/p>\n<p>\n","protected":false},"featured_media":687799,"template":"","meta":{"_acf_changed":false},"product_brand":[14459],"product_cat":[16083,13798],"product_tag":[],"class_list":{"0":"post-687712","1":"product","2":"type-product","3":"status-publish","4":"has-post-thumbnail","6":"product_brand-nocpix","7":"product_cat-monoculars-lv","8":"product_cat-termiska","10":"first","11":"instock","12":"taxable","13":"shipping-taxable","14":"purchasable","15":"product-type-simple"},"acf":[],"_links":{"self":[{"href":"https:\/\/nbg.eu\/lv\/wp-json\/wp\/v2\/product\/687712","targetHints":{"allow":["GET"]}}],"collection":[{"href":"https:\/\/nbg.eu\/lv\/wp-json\/wp\/v2\/product"}],"about":[{"href":"https:\/\/nbg.eu\/lv\/wp-json\/wp\/v2\/types\/product"}],"wp:featuredmedia":[{"embeddable":true,"href":"https:\/\/nbg.eu\/lv\/wp-json\/wp\/v2\/media\/687799"}],"wp:attachment":[{"href":"https:\/\/nbg.eu\/lv\/wp-json\/wp\/v2\/media?parent=687712"}],"wp:term":[{"taxonomy":"product_brand","embeddable":true,"href":"https:\/\/nbg.eu\/lv\/wp-json\/wp\/v2\/product_brand?post=687712"},{"taxonomy":"product_cat","embeddable":true,"href":"https:\/\/nbg.eu\/lv\/wp-json\/wp\/v2\/product_cat?post=687712"},{"taxonomy":"product_tag","embeddable":true,"href":"https:\/\/nbg.eu\/lv\/wp-json\/wp\/v2\/product_tag?post=687712"}],"curies":[{"name":"wp","href":"https:\/\/api.w.org\/{rel}","templated":true}]}}