{"id":687820,"date":"2026-01-08T18:13:58","date_gmt":"2026-01-08T15:13:58","guid":{"rendered":"https:\/\/nbg.eu\/product\/termokamera-ace-s60r\/"},"modified":"2026-04-14T16:04:30","modified_gmt":"2026-04-14T13:04:30","slug":"termokamera-ace-s60r","status":"publish","type":"product","link":"https:\/\/nbg.eu\/lv\/product\/termokamera-ace-s60r\/","title":{"rendered":"Nocpix Termokamera ACE S60R"},"content":{"rendered":"<h2>Produkta apraksts<\/h2>\n<p>Nocpix ACE S60R term\u0101lais m\u0113r\u0137tausts ir jauns, modern\u0101kais r\u012bks, kas paredz\u0113ts elit\u0101rajiem medniekiem, kuri pieprasa maksim\u0101lu sniegumu visgr\u016bt\u0101kaj\u0101s vid\u0113s. Ar savu modern\u0101ko tehnolo\u0123iju un notur\u012bgu konstrukciju \u0161is vado\u0161ais term\u0101lais m\u0113r\u0137tausts ir izstr\u0101d\u0101ts, lai pal\u012bdz\u0113tu jums vald\u012bt nakti un krot\u012bt savva\u013cas dz\u012bvniekus. Vai nu j\u016bs sken\u0113jat liel\u0101 att\u0101lum\u0101 eso\u0161u upuri vai sekojat \u0101tri kust\u012bgiem m\u0113r\u0137iem, ACE S60R pied\u0101v\u0101 nep\u0101rsp\u0113jamu skaidr\u012bbu, precizit\u0101ti un uzticam\u012bbu.<\/p>\n<p>\u0160\u012b \u0101rk\u0101rt\u0113j\u0101 m\u0113r\u0137tausta sird\u012b ir 2. paaudzes HD term\u0101lais sensors ar iespaid\u012bgu 1280&#215;1024 iz\u0161\u0137irtsp\u0113ju un ultra sensit\u012bvu NETD \u226415mK. \u0160is n\u0101kam\u0101s paaudzes sensors \u013cauj ACE S60R konstat\u0113t pat vismaz\u0101k\u0101s temperat\u016bras izmai\u0146as, nodro\u0161inot skaidras, detaliz\u0113tas term\u0101l\u0101s att\u0113lus re\u0101laj\u0101 laik\u0101. Ar 50 Hz kadru \u0101trumu m\u0113r\u0137tausts nodro\u0161ina gludu vizualiz\u0101ciju, kas seko l\u012bdzi j\u016bsu m\u0113r\u0137a \u0101trumam, \u013caujot pie\u0137erties ar nep\u0101rsp\u0113jamu precizit\u0101ti.<\/p>\n<p>Nocpix ACE S60R ir ar\u012b apr\u012bkots ar 60mm\/F1.0 l\u0113cu, kas uztver par 20% vair\u0101k gaismas nek\u0101 standarta m\u0113r\u0137taustiem, nodro\u0161inot gai\u0161\u0101kus un skaidr\u0101kus att\u0113lus pat visdr\u016bm\u0101kos apst\u0101k\u013cos. T\u0101 p\u0101rt\u0113vniecisk\u0101 t\u0101l\u0101 diapazona uztver\u0161ana l\u012bdz 3100 metriem \u013cauj jums viegli identific\u0113t un sekot att\u0101lajiem m\u0113r\u0137iem, nodro\u0161inot kritisku priek\u0161roc\u012bbu t\u0101laj\u0101m med\u012bb\u0101m un \u0161au\u0161anas situ\u0101cij\u0101m. Kombin\u0113jot Nocpix ekskluz\u012bvo Reality+ att\u0113la apstr\u0101des algoritmu, ACE S60R b\u016btiski samazina apk\u0101rt\u0113jo trok\u0161\u0146u l\u012bmeni, sniedzot asus, augsta kontrasta att\u0113lus katru reizi.<\/p>\n<p>Tiem, kuri v\u0113las v\u0113l liel\u0101ku vizu\u0101lo skaidr\u012bbu, ACE S60R ir apr\u012bkots ar novatorisko Vision+ sist\u0113mu. Apa\u013cais 1.03 collu 2560&#215;2560 AMOLED displejs, apvienots ar vado\u0161o nozar\u0113 oku\u013c\u0101ro palielin\u0101\u0161anu, nodro\u0161ina nep\u0101rsp\u0113jamu optisko palielin\u0101\u0161anu bez m\u0113d\u017eo\u0161anas vai izkrop\u013cojumiem, kas parasti saist\u012bti ar elektronisko t\u0101lummai\u0146u. \u0160\u012b p\u0101rr\u0101vuma tehnolo\u0123ija nodro\u0161ina krist\u0101ldzidrumu un pla\u0161u redzesloku, neatkar\u012bgi no t\u0101, vai j\u016bs pietuvojieties m\u0113r\u0137im vai sken\u0113jat savu apk\u0101rtni.<\/p>\n<p>Precizit\u0101te ir galvenais, kad runa ir par med\u012bb\u0101m, un ACE S60R nevilcinoties to nodro\u0161ina. T\u0101 ieb\u016bv\u0113tais l\u0101zera t\u0101lm\u0113rs (LRF) pied\u0101v\u0101 prec\u012bzus m\u0113r\u012bjumus l\u012bdz 1200 metriem. LRF ir sapl\u016bdin\u0101ts ar izsmalcin\u0101to dizainu, saglab\u0101jot patieso optisko asi, vienlaikus \u013caujot apr\u0113\u0137in\u0101t prec\u012bzus diapazonu, netrauc\u0113jot fokus\u0113\u0161anu. Ar ieb\u016bv\u0113to ballistisko apr\u0113\u0137inu funkcionalit\u0101ti ACE S60R nodro\u0161ina, ka j\u016bsu \u0161\u0101vieni ir prec\u012bzi, \u0146emot v\u0113r\u0101 visus faktorus piln\u012bgai precizit\u0101tei.<\/p>\n<p>Izstr\u0101d\u0101jot ACE S60R ar mednieku vajadz\u012bb\u0101m pr\u0101t\u0101, tas ir apr\u012bkots ar divu akumulatoru sist\u0113mu ar ieb\u016bv\u0113tu 4000mAh akumulatoru un no\u0146emamu 18650 akumulatoru papla\u0161in\u0101tam lietojumam laukos. Vairs nevajag uztraukties par ener\u0123ijas beigu pien\u0101k\u0161anu vidus med\u012bb\u0101m &#8211; \u0161\u012b sist\u0113ma ir paredz\u0113ta, lai iztur\u0113tu tik ilgi, cik j\u016bsu piedz\u012bvojumi. Turkl\u0101t funkcijas, piem\u0113ram, autom\u0101tisk\u0101 ekr\u0101na izsl\u0113g\u0161ana, triecieniztur\u012bga video ierakst\u012b\u0161ana un bezapvalka dizains padara \u0161o term\u0101lo m\u0113r\u0137taustu par patiesi sp\u0113lmaini laukos.<\/p>\n<p>Izgatavots ar visliel\u0101ko notur\u012bbu pret \u0101ra apst\u0101k\u013ciem, ACE S60R ir izgatavots no augstas stipr\u012bbas alum\u012bnija sakaus\u0113juma, kas stingri p\u0101rbaud\u012bts, lai iztur\u0113tu ekstr\u0113mu triecienu un rupju lieto\u0161anu. Ar IP67 notur\u012bbu pret \u016bdeni tas darbojas nevainojami liet\u016b, putek\u013cos un gr\u016btos apst\u0101k\u013cos, nodro\u0161inot, ka j\u016bsu m\u0113r\u0137tausts ir tikpat iztur\u012bgs k\u0101 j\u016bsu med\u012bbu instinkts.<\/p>\n<p>Nocpix ACE S60R ir vair\u0101k nek\u0101 vienk\u0101r\u0161i term\u0101lais vizualiz\u0101cijas l\u012bdzeklis &#8211; tas ir ultim\u0101tivs med\u012bbu pavadonis. Ar modern\u0101ko tehnolo\u0123iju, izcilu iztur\u012bbu un daudz\u0101m progres\u012bv\u0101m funkcij\u0101m, kas paredz\u0113tas, lai uzlabotu j\u016bsu med\u012bbu pieredzi, \u0161is m\u0113r\u0137tausts p\u0101rdefin\u0113s to, ko j\u016bs gaid\u0101t no j\u016bsu apr\u012bkojuma. Esiet gatavi vald\u012bt nakt\u012b.<\/p>\n","protected":false},"excerpt":{"rendered":"<p>Nocpix ACE S60R term\u0101l\u0101 skope ir valdzino\u0161s r\u012bks elit\u0101rajiem medniekiem, kas pied\u0101v\u0101 nep\u0101rsp\u0113jamu skaidr\u012bbu, precizit\u0101ti un uzticam\u012bbu pat visgr\u016bt\u0101kaj\u0101s vid\u0113s. T\u0101 Gen-2 HD term\u0101lais sensors, 60mm\/F1.0 objekt\u012bvs un progres\u012bv\u0101 Vision+ sist\u0113ma nodro\u0161ina izcilu att\u0113la kvalit\u0101ti, savuk\u0101rt integr\u0113tais l\u0101zera t\u0101lm\u0113ris, balistikas apr\u0113\u0137ini un divk\u0101r\u0161\u0101 akumulatora sist\u0113ma nodro\u0161ina precizit\u0101ti un pagarin\u0101tu lieto\u0161anu. Izgatavots no iztur\u012bga alum\u012bnija sakaus\u0113juma un ar IP67 klasifik\u0101ciju, ACE S60R ir izstr\u0101d\u0101ts, lai iztur\u0113tu vissmag\u0101kos apst\u0101k\u013cus.<\/p>\n<p>Ja prece nav pieejama, l\u016bdzu, sazinieties ar mums: shop@nbg.eu vai +359896147790.<\/p>\n","protected":false},"featured_media":687966,"template":"","meta":{"_acf_changed":false},"product_brand":[14459],"product_cat":[16084],"product_tag":[],"class_list":{"0":"post-687820","1":"product","2":"type-product","3":"status-publish","4":"has-post-thumbnail","6":"product_brand-nocpix","7":"product_cat-thermal-cameras-lv","9":"first","10":"instock","11":"taxable","12":"shipping-taxable","13":"purchasable","14":"product-type-simple"},"acf":[],"_links":{"self":[{"href":"https:\/\/nbg.eu\/lv\/wp-json\/wp\/v2\/product\/687820","targetHints":{"allow":["GET"]}}],"collection":[{"href":"https:\/\/nbg.eu\/lv\/wp-json\/wp\/v2\/product"}],"about":[{"href":"https:\/\/nbg.eu\/lv\/wp-json\/wp\/v2\/types\/product"}],"wp:featuredmedia":[{"embeddable":true,"href":"https:\/\/nbg.eu\/lv\/wp-json\/wp\/v2\/media\/687966"}],"wp:attachment":[{"href":"https:\/\/nbg.eu\/lv\/wp-json\/wp\/v2\/media?parent=687820"}],"wp:term":[{"taxonomy":"product_brand","embeddable":true,"href":"https:\/\/nbg.eu\/lv\/wp-json\/wp\/v2\/product_brand?post=687820"},{"taxonomy":"product_cat","embeddable":true,"href":"https:\/\/nbg.eu\/lv\/wp-json\/wp\/v2\/product_cat?post=687820"},{"taxonomy":"product_tag","embeddable":true,"href":"https:\/\/nbg.eu\/lv\/wp-json\/wp\/v2\/product_tag?post=687820"}],"curies":[{"name":"wp","href":"https:\/\/api.w.org\/{rel}","templated":true}]}}