{"id":688039,"date":"2025-10-17T23:10:38","date_gmt":"2025-10-17T20:10:38","guid":{"rendered":"https:\/\/nbg.eu\/product\/puskautomatiskais-pistole-kmr-w-02-spectra-s-kalibers-9x19\/"},"modified":"2026-04-16T17:46:48","modified_gmt":"2026-04-16T14:46:48","slug":"puskautomatiskais-pistole-kmr-w-02-spectra-s-kalibers-9x19","status":"publish","type":"product","link":"https:\/\/nbg.eu\/lv\/product\/puskautomatiskais-pistole-kmr-w-02-spectra-s-kalibers-9x19\/","title":{"rendered":"KMR Pusautom\u0101tisk\u0101 Pistole W-02 SPECTRA S"},"content":{"rendered":"<h2>KMR W-02 SPECTRA S OR puspuspistole &#8211; 9&#215;19 kalibers<\/h2>\n<p>\u0100trums apvienots ar kompaktumu. KMR W-02 SPECTRA S OR ir puspuspistole ar kompakt\u0101ku dizainu ar samazin\u0101tu rokturi. T\u0101pat k\u0101 m\u016bsu citiem mode\u013ciem, \u0161aj\u0101 pistol\u0113 var sagaid\u012bt augstu precizit\u0101ti un vienm\u0113r\u012bgu, pl\u016bsto\u0161u darb\u012bbu. Pistole ir apr\u012bkota ar BRS stobra stabiliz\u0101cijas sist\u0113mu, KMR piederumiem, piln\u012bb\u0101 regul\u0113jamu aizmugures t\u0113mekli, sacens\u012bbu tipa \u0101muru un optisk\u0101s atbalsta interfeisu.<\/p>\n<p>L\u012bdzek\u013ci:<\/p>\n<ul>\n<li>5&#8243; smags, rievots, nitr\u0113ts stobrs<\/li>\n<li>BRS &#8211; stobra gredzenu sist\u0113ma &#8211; stobra stabiliz\u0101cijas sist\u0113ma sliedes<\/li>\n<li>T\u0113rauda r\u0101mis un sliede, CNC apstr\u0101d\u0101ta no monol\u012bta blanka<\/li>\n<li>Nitr\u0113ts r\u0101mis un sliede &#8211; melns<\/li>\n<li>R\u0101mis samazin\u0101ts roktura zon\u0101<\/li>\n<li>Optiskais atbalsta interfeiss (OR)<\/li>\n<li>\u0160\u0137iedras optiskais priek\u0161\u0113jais t\u0113meklis (1 mm)<\/li>\n<li>Piln\u012bb\u0101 regul\u0113jams OR aizmugures t\u0113meklis<\/li>\n<li>SA\/DA iero\u010da meh\u0101nisms<\/li>\n<li>T\u0113rauds, raibots SA\/DA m\u0113l\u012bte ar regul\u0113jamu p\u0101rnesumu &#8211; melns<\/li>\n<li>\u012ass atiestat\u012b\u0161anas g\u0101jiens<\/li>\n<li>Sacens\u012bbu tipa SA\/DA \u0101murs<\/li>\n<li>Pagarin\u0101ta kreis\u0101 manu\u0101l\u0101 dro\u0161\u012bba<\/li>\n<li>Plakana lab\u0101 manu\u0101l\u0101 dro\u0161\u012bba<\/li>\n<li>Duralumi\u0146a WAVES rokturi &#8211; tum\u0161i sarkani<\/li>\n<li>Regul\u0113jams duralumi\u0146a magaz\u012bnas atbr\u012bvo\u0161anas poga &#8211; melna<\/li>\n<li>Magaz\u012bna 9\u00d719, 9\u00d721 ar ietilp\u012bbu 17 patronas<\/li>\n<li>Magaz\u012bna &#8211; 3x<\/li>\n<li>KMR pistoles futr\u0101lis, t\u012br\u012b\u0161anas komplekts, KMR e\u013c\u013ca, stobra mont\u0101\u017eas instruments, galven\u0101 atspere 14 lb, atsitiena atsperes 11 lb, 13 lb, amortizatoru komplekts, se\u0161st\u016bra atsl\u0113gas, bl\u012bvsl\u0113gs, garantijas karte, lietot\u0101ja rokasgr\u0101mata<\/li>\n<\/ul>\n<p>Specifik\u0101cijas:<\/p>\n<ul>\n<li>Kalibers: 9\u00d719, 9\u00d721<\/li>\n<li>Kop\u0113jais garums: 220 mm \/ 8,7 collas<\/li>\n<li>Sliedes garums: 194 mm \/ 7,6 collas<\/li>\n<li>Kop\u0113jais platums: 39 mm \/ 1,5 collas<\/li>\n<li>Sliedes platums: 26 mm \/ 1 collu<\/li>\n<li>Kop\u0113jais augstums: 146 mm \/ 5,7 collas<\/li>\n<li>T\u0113mek\u013ca l\u012bnija: 177 mm \/ 7 collas<\/li>\n<li>Stobra garums: 127 mm \/ 5 collas<\/li>\n<li>Magaz\u012bnas ietilp\u012bba: 17<\/li>\n<li>Iero\u010da meh\u0101nisms: SA \/ DA<\/li>\n<li>M\u0113l\u012btes nospie\u0161ana: 17,5 N \/ 45 N<\/li>\n<li>Atsitiena atspere: 12 lb<\/li>\n<li>Galven\u0101 atspere: 17 lb<\/li>\n<li>Masa (bez magaz\u012bnas): 1230 g \/ 43,4 unces<\/li>\n<li>Masa (ar tuk\u0161u magaz\u012bnu): 1320 g \/ 46,6 unces<\/li>\n<\/ul>\n","protected":false},"excerpt":{"rendered":"<p>\u0100trums, kas apvienots ar kompaktumu. KMR W-02 SPECTRA S OR ir pistole ar kompakt\u0101ku dizainu ar samazin\u0101tu rokturi. T\u0101pat k\u0101 m\u016bsu citiem mode\u013ciem, j\u016bs varat sagaid\u012bt augstu precizit\u0101ti un vienm\u0113r\u012bgu, pl\u016bsto\u0161u darb\u012bbu ar \u0161o pistoli. Pistole ir apr\u012bkota ar BRS stobra stabiliz\u0101cijas sist\u0113mu, KMR piederumiem, piln\u012bb\u0101 regul\u0113jamu aizmugur\u0113jo t\u0113m\u0113kli, sacens\u012bbu \u0101muru un optiku gatavu interfeisu.<\/p>\n","protected":false},"featured_media":688123,"template":"","meta":{"_acf_changed":false},"product_brand":[11512],"product_cat":[13826],"product_tag":[],"class_list":{"0":"post-688039","1":"product","2":"type-product","3":"status-publish","4":"has-post-thumbnail","6":"product_brand-kmr-precision","7":"product_cat-pistoles","9":"first","10":"instock","11":"taxable","12":"shipping-taxable","13":"purchasable","14":"product-type-simple"},"acf":[],"_links":{"self":[{"href":"https:\/\/nbg.eu\/lv\/wp-json\/wp\/v2\/product\/688039","targetHints":{"allow":["GET"]}}],"collection":[{"href":"https:\/\/nbg.eu\/lv\/wp-json\/wp\/v2\/product"}],"about":[{"href":"https:\/\/nbg.eu\/lv\/wp-json\/wp\/v2\/types\/product"}],"wp:featuredmedia":[{"embeddable":true,"href":"https:\/\/nbg.eu\/lv\/wp-json\/wp\/v2\/media\/688123"}],"wp:attachment":[{"href":"https:\/\/nbg.eu\/lv\/wp-json\/wp\/v2\/media?parent=688039"}],"wp:term":[{"taxonomy":"product_brand","embeddable":true,"href":"https:\/\/nbg.eu\/lv\/wp-json\/wp\/v2\/product_brand?post=688039"},{"taxonomy":"product_cat","embeddable":true,"href":"https:\/\/nbg.eu\/lv\/wp-json\/wp\/v2\/product_cat?post=688039"},{"taxonomy":"product_tag","embeddable":true,"href":"https:\/\/nbg.eu\/lv\/wp-json\/wp\/v2\/product_tag?post=688039"}],"curies":[{"name":"wp","href":"https:\/\/api.w.org\/{rel}","templated":true}]}}