{"id":688144,"date":"2025-10-17T23:30:59","date_gmt":"2025-10-17T20:30:59","guid":{"rendered":"https:\/\/nbg.eu\/product\/pusvadamais-pistole-kmr-umbra-w-02-kalibrs-9x19-vitnots-stobrs\/"},"modified":"2026-04-16T17:46:44","modified_gmt":"2026-04-16T14:46:44","slug":"pusvadamais-pistole-kmr-umbra-w-02-kalibrs-9x19-vitnots-stobrs","status":"publish","type":"product","link":"https:\/\/nbg.eu\/lv\/product\/pusvadamais-pistole-kmr-umbra-w-02-kalibrs-9x19-vitnots-stobrs\/","title":{"rendered":"KMR Pusautom\u0101tisk\u0101 Pistole W-02 UMBRA ar V\u012bt\u0146ota Stobra"},"content":{"rendered":"<h2>KMR W-02 UMBRA OR &#8211; Sp\u0113c\u012bgs un kompakts pistol\u0113ts sacens\u012bb\u0101m<\/h2>\n<p>Ar \u0161o kompakto pistol\u0113tu tu nepazud\u012bsi konkurenc\u0113, glu\u017ei otr\u0101di, tu vari p\u0101rsteigt.<\/p>\n<p>Pistol\u0113tam ir uzst\u0101d\u012bti KMR piederumi un BRS stobra stabiliz\u0101cija, kas noz\u012bm\u0113 tr\u0101p\u012bjumu m\u0113r\u0137\u012b.<\/p>\n<p>\u0160is modelis nav tikai sportisk\u0101m \u0161au\u0161anas nodarb\u012bb\u0101m, bet ar\u012b visiem aizraut\u012bgiem \u0161\u0101v\u0113jiem.<\/p>\n<h2>Galven\u0101s \u012bpa\u0161\u012bbas<\/h2>\n<ul>\n<li>4.5&#8243; Smagais, rievotais, nitr\u0113tais stobrs<\/li>\n<li>BRS &#8211; Stobra gredzenu sist\u0113ma &#8211; stobra stabiliz\u0101cijas sist\u0113ma sl\u0113j\u0101<\/li>\n<li>T\u0113rauda r\u0101mis un sleja, CNC apstr\u0101d\u0101ta no mas\u012bva materi\u0101la<\/li>\n<li>Nitr\u0113ts r\u0101mis un sleja &#8211; melns<\/li>\n<li>Optisk\u0101s t\u0113mek\u013ca iek\u0101rtas (OR) saskarne<\/li>\n<li>\u0160\u0137iedras optiskais priek\u0161\u0113jais t\u0113meklis (1 mm)<\/li>\n<li>Piln\u012bb\u0101 regul\u0113jams OR aizmugures t\u0113meklis<\/li>\n<li>SA\/DA palaid\u0113ja meh\u0101nisms<\/li>\n<li>T\u0113rauds, rievots SA\/DA palaid\u0113js ar regul\u0113jamu atsitienu &#8211; melns<\/li>\n<li>\u012ass atgrie\u0161an\u0101s g\u0101jiens<\/li>\n<li>Sacens\u012bbu SA\/DA b\u012bdnis<\/li>\n<li>Papla\u0161in\u0101ts kreisais manu\u0101lais dro\u0161in\u0101t\u0101js<\/li>\n<li>Plakans labais manu\u0101lais dro\u0161in\u0101t\u0101js<\/li>\n<li>Duralumi\u0146a WAVES rokturi &#8211; melni<\/li>\n<li>Regul\u0113jams duralumi\u0146a mun\u012bcijas izlai\u0161anas poga &#8211; melna<\/li>\n<li>Magaz\u012bna 9\u00d719, 9\u00d721 ar ietilp\u012bbu 17 patronas<\/li>\n<\/ul>\n<h2>Komplekt\u0101 ietilpst<\/h2>\n<ul>\n<li>KMR W-02 UMBRA OR pistol\u0113ts<\/li>\n<li>3 gab. magaz\u012bnas<\/li>\n<li>T\u012br\u012b\u0161anas komplekts<\/li>\n<li>KMR e\u013c\u013ca<\/li>\n<li>Stobra stiprin\u0101juma instruments<\/li>\n<li>Galven\u0101 atspere 14 lb<\/li>\n<li>Atsitiena atspere 11 lb, 13 lb<\/li>\n<li>Buferu komplekts<\/li>\n<li>Se\u0161st\u016bra atsl\u0113gas<\/li>\n<li>Blok\u0101dl\u012bme<\/li>\n<li>Garantijas karte<\/li>\n<li>Lieto\u0161anas pam\u0101c\u012bba<\/li>\n<li>KMR Precision Arms rekl\u0101mas uzl\u012bmju komplekts<\/li>\n<\/ul>\n<h2>Tehniskie dati<\/h2>\n<ul>\n<li>Kalibrs: 9\u00d719, 9\u00d721<\/li>\n<li>Kop\u0113jais garums: 208 mm \/ 8,2 collas<\/li>\n<li>Sleja garums: 181 mm \/ 7 collas<\/li>\n<li>Kop\u0113jais platums: 39 mm \/ 1,5 collas<\/li>\n<li>Sleja platums: 26 mm \/ 1 colla<\/li>\n<li>Kop\u0113jais augstums: 143 mm \/ 5,6 collas<\/li>\n<li>T\u0113m\u0113\u0161anas l\u012bnija: 164 mm \/ 6,5 collas<\/li>\n<li>Stobra garums: 114 mm \/ 4,5 collas<\/li>\n<li>Magaz\u012bnas ietilp\u012bba: 17<\/li>\n<li>Palaid\u0113ja meh\u0101nisms: SA \/ DA<\/li>\n<li>Palaid\u0113ja g\u0101jiens: 17,5 N \/ 45 N<\/li>\n<li>Atsitiena atspere: 12 lb<\/li>\n<li>Galven\u0101 atspere: 17 lb<\/li>\n<li>Masa (bez magaz\u012bnas): 1180 g \/ 41,6 oz<\/li>\n<li>Masa (ar tuk\u0161u magaz\u012bnu): 1270 g \/ 44,8 oz<\/li>\n<\/ul>\n","protected":false},"excerpt":{"rendered":"<p>Mazs un kompakts, tom\u0113r sp\u0113c\u012bgs KMR W-02 UMBRA OR 9&#215;19 pistole ar v\u012bt\u0146otu stobru un BRS stobra stabiliz\u0101ciju.<\/p>\n","protected":false},"featured_media":0,"template":"","meta":{"_acf_changed":false},"product_brand":[],"product_cat":[13843],"product_tag":[],"class_list":{"0":"post-688144","1":"product","2":"type-product","3":"status-publish","5":"product_cat-nekategorizets","7":"first","8":"instock","9":"taxable","10":"shipping-taxable","11":"purchasable","12":"product-type-simple"},"acf":[],"_links":{"self":[{"href":"https:\/\/nbg.eu\/lv\/wp-json\/wp\/v2\/product\/688144","targetHints":{"allow":["GET"]}}],"collection":[{"href":"https:\/\/nbg.eu\/lv\/wp-json\/wp\/v2\/product"}],"about":[{"href":"https:\/\/nbg.eu\/lv\/wp-json\/wp\/v2\/types\/product"}],"wp:attachment":[{"href":"https:\/\/nbg.eu\/lv\/wp-json\/wp\/v2\/media?parent=688144"}],"wp:term":[{"taxonomy":"product_brand","embeddable":true,"href":"https:\/\/nbg.eu\/lv\/wp-json\/wp\/v2\/product_brand?post=688144"},{"taxonomy":"product_cat","embeddable":true,"href":"https:\/\/nbg.eu\/lv\/wp-json\/wp\/v2\/product_cat?post=688144"},{"taxonomy":"product_tag","embeddable":true,"href":"https:\/\/nbg.eu\/lv\/wp-json\/wp\/v2\/product_tag?post=688144"}],"curies":[{"name":"wp","href":"https:\/\/api.w.org\/{rel}","templated":true}]}}