{"id":688802,"date":"2025-12-22T15:23:07","date_gmt":"2025-12-22T12:23:07","guid":{"rendered":"https:\/\/nbg.eu\/product\/hyllus-duffel-militarais-zals-65-litri\/"},"modified":"2026-04-15T14:29:18","modified_gmt":"2026-04-15T11:29:18","slug":"hyllus-duffel-militarais-zals-65-litri","status":"publish","type":"product","link":"https:\/\/nbg.eu\/lv\/product\/hyllus-duffel-militarais-zals-65-litri\/","title":{"rendered":"Eberlestock Ce\u013cojumu Soma Hyllus &#8211; 65 Litri"},"content":{"rendered":"<h2>Hyllus Duffel- 65 litri<\/h2>\n<p>Hyllus Duffel ir \u016bdensiztur\u012bga, \u013coti iztur\u012bga duffe\u013ca soma, kas ide\u0101li der, lai sak\u0101rtotu apr\u012bkojumu kravas kast\u0113 vai rokas bag\u0101\u017eas nodal\u012bjum\u0101. Gr\u012bda un s\u0101nu sienas ir izgatavot no 1000D TPU p\u0101rkl\u0101tas neilona, bet aug\u0161\u0113j\u0101 da\u013ca no 500D TPU p\u0101rkl\u0101ta neilona ripstop.<\/p>\n<p>Iek\u0161\u0113j\u0101s un \u0101r\u0113j\u0101s r\u0101v\u0113jsl\u0113dz\u0113ju kabatas atvieglo mazu priek\u0161metu organiz\u0113\u0161anu un nodro\u0161ina to dro\u0161\u012bbu, kam\u0113r plata atvere galvenaj\u0101 nodal\u012bjum\u0101 \u013cauj \u0101tri ievietot ap\u0123\u0113rbu un lielus priek\u0161metus. Hyllus ir apr\u012bkots ar siksnu, lai to \u0113rti piestiprin\u0101tu pie teleskopiska bag\u0101\u017eas roktura.<\/p>\n<h2>Izm\u0113ri<\/h2>\n<p>65L tilpums: 3966ci<br \/>\n65L svars: 2,5 m\u0101rci\u0146as<br \/>\n65L izm\u0113ri: 11H x 27L x 13W<\/p>\n<h2>Funkcijas<\/h2>\n<p>\u016adensiztur\u012bga konstrukcija<br \/>\nPla\u0161s galvenais nodal\u012bjums ar r\u0101v\u0113jsl\u0113dz\u0113ju iek\u0161\u0113j\u0101s organiz\u0101cijas kabat\u0101m<br \/>\n\u0100r\u0113j\u0101s r\u0101v\u0113jsl\u0113dz\u0113ju kabatas ab\u0101s s\u0101nos un priek\u0161pus\u0113<br \/>\nDuffe\u013ca ne\u0161anas siksnas<\/p>\n","protected":false},"excerpt":{"rendered":"<p>Hyllus Duffel- 65 litri ir \u016bdensiztur\u012bga, ultra iztur\u012bga dufele soma ar tilpumu 3966ci un svaru 2,5 m\u0101rci\u0146as.<\/p>\n","protected":false},"featured_media":688876,"template":"","meta":{"_acf_changed":false},"product_brand":[15154],"product_cat":[13767],"product_tag":[],"class_list":{"0":"post-688802","1":"product","2":"type-product","3":"status-publish","4":"has-post-thumbnail","6":"product_brand-eberlestock","7":"product_cat-sautuves-somas","9":"first","10":"instock","11":"taxable","12":"shipping-taxable","13":"purchasable","14":"product-type-variable","15":"wvs-archive-product-wrapper"},"acf":[],"_links":{"self":[{"href":"https:\/\/nbg.eu\/lv\/wp-json\/wp\/v2\/product\/688802","targetHints":{"allow":["GET"]}}],"collection":[{"href":"https:\/\/nbg.eu\/lv\/wp-json\/wp\/v2\/product"}],"about":[{"href":"https:\/\/nbg.eu\/lv\/wp-json\/wp\/v2\/types\/product"}],"wp:featuredmedia":[{"embeddable":true,"href":"https:\/\/nbg.eu\/lv\/wp-json\/wp\/v2\/media\/688876"}],"wp:attachment":[{"href":"https:\/\/nbg.eu\/lv\/wp-json\/wp\/v2\/media?parent=688802"}],"wp:term":[{"taxonomy":"product_brand","embeddable":true,"href":"https:\/\/nbg.eu\/lv\/wp-json\/wp\/v2\/product_brand?post=688802"},{"taxonomy":"product_cat","embeddable":true,"href":"https:\/\/nbg.eu\/lv\/wp-json\/wp\/v2\/product_cat?post=688802"},{"taxonomy":"product_tag","embeddable":true,"href":"https:\/\/nbg.eu\/lv\/wp-json\/wp\/v2\/product_tag?post=688802"}],"curies":[{"name":"wp","href":"https:\/\/api.w.org\/{rel}","templated":true}]}}