{"id":688910,"date":"2025-12-22T15:33:09","date_gmt":"2025-12-22T12:33:09","guid":{"rendered":"https:\/\/nbg.eu\/product\/hyllus-duffel-militarais-zalais-45-litri\/"},"modified":"2026-04-15T14:29:15","modified_gmt":"2026-04-15T11:29:15","slug":"hyllus-duffel-militarais-zalais-45-litri","status":"publish","type":"product","link":"https:\/\/nbg.eu\/lv\/product\/hyllus-duffel-militarais-zalais-45-litri\/","title":{"rendered":"Eberlestock Ce\u013cojumu Soma Hyllus &#8211; 45 Litri"},"content":{"rendered":"<h2>Hyllus Duffel &#8211; 45 litri<\/h2>\n<p>Hyllus Duffel ir \u016bdensiztur\u012bga, \u013coti iztur\u012bga d\u016bfa soma, kas ir ide\u0101li piem\u0113rota apr\u012bkojuma konsolid\u0113\u0161anai kravas kast\u0113 vai kab\u012bn\u0113. Gr\u012bda un s\u0101nu sienas ir izgatavotas no 1000D TPU p\u0101rkl\u0101ta neilona, bet aug\u0161\u0113j\u0101 da\u013ca no 500D TPU p\u0101rkl\u0101ta neilona ripstop.<\/p>\n<p>Iek\u0161\u0113jie un \u0101r\u0113jie r\u0101v\u0113jsl\u0113dzieni nodro\u0161ina vieglu un dro\u0161u s\u012bku priek\u0161metu organiz\u0113\u0161anu, kam\u0113r pla\u0161\u0101 atvere galvenaj\u0101 nodal\u012bjum\u0101 \u013cauj \u0101tri ievietot ap\u0123\u0113rbu un lielus priek\u0161metus. Hyllus satur siksnu, lai to \u0113rti piestiprin\u0101tu pie teleskopisk\u0101s bag\u0101\u017eas roktura.<\/p>\n<h2>Izm\u0113ri<\/h2>\n<p>45L tilpums: 2746 ci<br \/>\n45L svars: 2 lb<br \/>\n45L izm\u0113ri: 10H x 22L x 12W<\/p>\n<h2>Funkcijas<\/h2>\n<ul>\n<li>\u016adensnecaurlaid\u012bga konstrukcija<\/li>\n<li>Pla\u0161s galvenais nodal\u012bjums ar iek\u0161\u0113jiem organizatora kabat\u0101m ar r\u0101v\u0113jsl\u0113dzieni<\/li>\n<li>\u0100r\u0113j\u0101s kabatas ar r\u0101v\u0113jsl\u0113dzieniem ab\u0101s pus\u0113s un priek\u0161pus\u0113<\/li>\n<li>D\u016bfa p\u0101rn\u0113s\u0101\u0161anas siksnas<\/li>\n<\/ul>\n","protected":false},"excerpt":{"rendered":"<p>Hyllus Dufe\u013ca soma ir \u016bdensiztur\u012bga, \u012bpa\u0161i iztur\u012bga 45 litru soma, kas ide\u0101li der apr\u012bkojumam pickup automa\u0161\u012bn\u0101 vai kab\u012bnes bag\u0101\u017eas telp\u0101.<\/p>\n","protected":false},"featured_media":705369,"template":"","meta":{"_acf_changed":false},"product_brand":[15154],"product_cat":[13767],"product_tag":[],"class_list":{"0":"post-688910","1":"product","2":"type-product","3":"status-publish","4":"has-post-thumbnail","6":"product_brand-eberlestock","7":"product_cat-sautuves-somas","9":"first","10":"instock","11":"taxable","12":"shipping-taxable","13":"purchasable","14":"product-type-variable","15":"wvs-archive-product-wrapper"},"acf":[],"_links":{"self":[{"href":"https:\/\/nbg.eu\/lv\/wp-json\/wp\/v2\/product\/688910","targetHints":{"allow":["GET"]}}],"collection":[{"href":"https:\/\/nbg.eu\/lv\/wp-json\/wp\/v2\/product"}],"about":[{"href":"https:\/\/nbg.eu\/lv\/wp-json\/wp\/v2\/types\/product"}],"wp:featuredmedia":[{"embeddable":true,"href":"https:\/\/nbg.eu\/lv\/wp-json\/wp\/v2\/media\/705369"}],"wp:attachment":[{"href":"https:\/\/nbg.eu\/lv\/wp-json\/wp\/v2\/media?parent=688910"}],"wp:term":[{"taxonomy":"product_brand","embeddable":true,"href":"https:\/\/nbg.eu\/lv\/wp-json\/wp\/v2\/product_brand?post=688910"},{"taxonomy":"product_cat","embeddable":true,"href":"https:\/\/nbg.eu\/lv\/wp-json\/wp\/v2\/product_cat?post=688910"},{"taxonomy":"product_tag","embeddable":true,"href":"https:\/\/nbg.eu\/lv\/wp-json\/wp\/v2\/product_tag?post=688910"}],"curies":[{"name":"wp","href":"https:\/\/api.w.org\/{rel}","templated":true}]}}