{"id":688985,"date":"2024-09-02T13:30:54","date_gmt":"2024-09-02T10:30:54","guid":{"rendered":"https:\/\/nbg.eu\/product\/bipod-harris-s-lm-notch-rotate-9-13\/"},"modified":"2026-05-13T17:00:37","modified_gmt":"2026-05-13T14:00:37","slug":"bipod-harris-s-lm-notch-rotate-9-13","status":"publish","type":"product","link":"https:\/\/nbg.eu\/lv\/product\/bipod-harris-s-lm-notch-rotate-9-13\/","title":{"rendered":"Bipod Harris &#8211; S -LM Notch Rotate 9-13&#8243;"},"content":{"rendered":"<div class=\"product-description\">\n<h2>Bipods Harris &#8211; S -LM Ielokas Rot\u0113t 9-13&#8243;<\/h2>\n<p>Uzlabojiet savu \u0161au\u0161anas pieredzi ar Bipods Harris S-LM Ielokas Rot\u0113t. \u0160is ultraviegls, daudzfunkcion\u0101lais bipods ir ide\u0101ls priek\u0161 zem\u0101s vai galda \u0161au\u0161anas.<\/p>\n<ul>\n<li>Regul\u0113jams augstums: 9&#8243; l\u012bdz 13&#8243;<\/li>\n<li>Tie\u0161s piestiprin\u0101\u0161anas pie Picatinny sliedes<\/li>\n<li>Grie\u0161an\u0101s funkcija nevienm\u0113r\u012bgam apvidus<\/li>\n<li>Gludi k\u0101ji vieglai izvieto\u0161anai<\/li>\n<li>Viegls, tikai 13.5 oz<\/li>\n<li>Ieb\u016bv\u0113ts siksnas stiprin\u0101jums<\/li>\n<li>100% izgatavots ASV<\/li>\n<\/ul>\n<p>Izgatavots no r\u016bd\u012bta t\u0113rauda un cietiem sakaus\u0113jumiem, ar cietu gumijas k\u0101ju uzga\u013ciem un plastmasas pogu. Anod\u0113t\u0101 melna apdare nodro\u0161ina ilgsto\u0161umu un stilu.<\/p>\n<p>Izbaudiet precizit\u0101ti un stabilit\u0101ti ar \u0161o augstas kvalit\u0101tes bipodu, kas paredz\u0113ts nopietnie \u0161\u0101v\u0113jiem, kuri prasa vislab\u0101ko.<\/p>\n<\/div>\n","protected":false},"excerpt":{"rendered":"<p>Daudzveid\u012bgs 9-13&#8243; bipods, grie\u017eams nevienm\u0113r\u012bgam reljefeam, \u013coti viegls 13.5oz.<\/p>\n","protected":false},"featured_media":35222,"template":"","meta":{"_acf_changed":false},"product_brand":[12024],"product_cat":[13806,13827,13788],"product_tag":[],"class_list":{"0":"post-688985","1":"product","2":"type-product","3":"status-publish","4":"has-post-thumbnail","6":"product_brand-harris-bipods","7":"product_cat-divkaji","8":"product_cat-sautene","9":"product_cat-sautenes-uzlabosana","11":"first","12":"instock","13":"taxable","14":"shipping-taxable","15":"purchasable","16":"product-type-simple"},"acf":[],"_links":{"self":[{"href":"https:\/\/nbg.eu\/lv\/wp-json\/wp\/v2\/product\/688985","targetHints":{"allow":["GET"]}}],"collection":[{"href":"https:\/\/nbg.eu\/lv\/wp-json\/wp\/v2\/product"}],"about":[{"href":"https:\/\/nbg.eu\/lv\/wp-json\/wp\/v2\/types\/product"}],"wp:featuredmedia":[{"embeddable":true,"href":"https:\/\/nbg.eu\/lv\/wp-json\/wp\/v2\/media\/35222"}],"wp:attachment":[{"href":"https:\/\/nbg.eu\/lv\/wp-json\/wp\/v2\/media?parent=688985"}],"wp:term":[{"taxonomy":"product_brand","embeddable":true,"href":"https:\/\/nbg.eu\/lv\/wp-json\/wp\/v2\/product_brand?post=688985"},{"taxonomy":"product_cat","embeddable":true,"href":"https:\/\/nbg.eu\/lv\/wp-json\/wp\/v2\/product_cat?post=688985"},{"taxonomy":"product_tag","embeddable":true,"href":"https:\/\/nbg.eu\/lv\/wp-json\/wp\/v2\/product_tag?post=688985"}],"curies":[{"name":"wp","href":"https:\/\/api.w.org\/{rel}","templated":true}]}}