{"id":689028,"date":"2024-08-16T23:15:24","date_gmt":"2024-08-16T20:15:24","guid":{"rendered":"https:\/\/nbg.eu\/product\/buffer-wide-set-kmr\/"},"modified":"2026-04-16T17:53:46","modified_gmt":"2026-04-16T14:53:46","slug":"buffer-wide-set-kmr","status":"publish","type":"product","link":"https:\/\/nbg.eu\/lv\/product\/buffer-wide-set-kmr\/","title":{"rendered":"KMR Platais Buferu Komplekts"},"content":{"rendered":"<h2>BUFFER WIDE &#8211; SET KMR<\/h2>\n<p>Uzlabojiet sava KMR pistoles sniegumu ar BUFFER WIDE &#8211; SET KMR, augstas kvalit\u0101tes atsituma buferu sist\u0113mu, kas ir izstr\u0101d\u0101ta, lai uzlabotu kontroli un precizit\u0101ti. \u0160ie buferi, kas ir izgatavoti no augstas kvalit\u0101tes materi\u0101liem, darbojas kop\u0101, lai samazin\u0101tu saj\u016bstamo atsitumu, aizsarg\u0101jot r\u0101mi no sl\u012bdes ietekmes un \u013caujot prec\u012bzi noregul\u0113t j\u016bsu \u0161aujamiero\u010da cikla \u0101trumu.<\/p>\n<p>Ar unik\u0101lo plato dizainu BUFFER WIDE &#8211; SET KMR nodro\u0161ina liel\u0101ku ener\u0123ijas absorbciju, efekt\u012bvi apspie\u017eot atpaka\u013cvirzo\u0161o sp\u0113ku katr\u0101 \u0161\u0101vien\u0101. Tas noz\u012bm\u0113 \u0101tr\u0101ku m\u0113r\u0137a ieg\u016b\u0161anu, uzlabotu atk\u0101rtoto \u0161\u0101vienu izvietojumu un maz\u0101ku kritisko komponentu nodilumu un boj\u0101jumu.<\/p>\n<p>Piel\u0101gojiet sava KMR sniegumu, izmantojot iek\u013cauto buferu svaru komplektu, \u013caujot jums prec\u012bzi noregul\u0113t cikla \u0101trumu, lai tas atbilstu j\u016bsu patron\u0101m un \u0161au\u0161anas stilam. Neatkar\u012bgi no t\u0101, vai esat darb\u012bbas \u0161\u0101v\u0113js, kur\u0161 mekl\u0113 konkur\u0113tsp\u0113j\u012bgu priek\u0161roc\u012bbu, vai rekreat\u012bvs entuziasts, kur\u0161 v\u0113las maksim\u0101li izmantot sava KMR potenci\u0101lu, BUFFER WIDE &#8211; SET KMR ir ide\u0101la uzlabo\u0161ana, lai paaugstin\u0101tu j\u016bsu pieredzi.<\/p>\n<p>Uzlabojiet sava KMR pistoles sniegumu ar BUFFER WIDE &#8211; SET KMR, gal\u0113jo atsituma p\u0101rvald\u012bbas risin\u0101jumu konkur\u0113tsp\u0113j\u012bgiem \u0161\u0101v\u0113jiem un pras\u012bgiem \u012bpa\u0161niekiem.<\/p>\n","protected":false},"excerpt":{"rendered":"<p>Prec\u012bzi apstr\u0101d\u0101ti amortizatori KMR pistol\u0113m, kas samazina saj\u016btamo atsitienu un preciz\u0113 cikla \u0101trumu.<\/p>\n","protected":false},"featured_media":23642,"template":"","meta":{"_acf_changed":false},"product_brand":[11512],"product_cat":[13777],"product_tag":[],"class_list":{"0":"post-689028","1":"product","2":"type-product","3":"status-publish","4":"has-post-thumbnail","6":"product_brand-kmr-precision","7":"product_cat-kmr-detalas","9":"first","10":"instock","11":"taxable","12":"shipping-taxable","13":"product-type-simple"},"acf":[],"_links":{"self":[{"href":"https:\/\/nbg.eu\/lv\/wp-json\/wp\/v2\/product\/689028","targetHints":{"allow":["GET"]}}],"collection":[{"href":"https:\/\/nbg.eu\/lv\/wp-json\/wp\/v2\/product"}],"about":[{"href":"https:\/\/nbg.eu\/lv\/wp-json\/wp\/v2\/types\/product"}],"wp:featuredmedia":[{"embeddable":true,"href":"https:\/\/nbg.eu\/lv\/wp-json\/wp\/v2\/media\/23642"}],"wp:attachment":[{"href":"https:\/\/nbg.eu\/lv\/wp-json\/wp\/v2\/media?parent=689028"}],"wp:term":[{"taxonomy":"product_brand","embeddable":true,"href":"https:\/\/nbg.eu\/lv\/wp-json\/wp\/v2\/product_brand?post=689028"},{"taxonomy":"product_cat","embeddable":true,"href":"https:\/\/nbg.eu\/lv\/wp-json\/wp\/v2\/product_cat?post=689028"},{"taxonomy":"product_tag","embeddable":true,"href":"https:\/\/nbg.eu\/lv\/wp-json\/wp\/v2\/product_tag?post=689028"}],"curies":[{"name":"wp","href":"https:\/\/api.w.org\/{rel}","templated":true}]}}