{"id":689038,"date":"2025-03-06T13:09:16","date_gmt":"2025-03-06T10:09:16","guid":{"rendered":"https:\/\/nbg.eu\/product\/clawgear-picatinny-qd-mount\/"},"modified":"2026-05-13T16:03:39","modified_gmt":"2026-05-13T13:03:39","slug":"clawgear-picatinny-qd-mount","status":"publish","type":"product","link":"https:\/\/nbg.eu\/lv\/product\/clawgear-picatinny-qd-mount\/","title":{"rendered":"Clawgear Picatinny QD Mount"},"content":{"rendered":"<h2>Clawgear Picatinny QD Mount<\/h2>\n<p>Uzlabojiet savas \u0161autenes daudzfunkcionalit\u0101ti ar Clawgear Picatinny QD Mount, iztur\u012bgu piestiprin\u0101\u0161anas punktu QD Sling Swivels. Sader\u012bgs ar M-LOK saskarn\u0113m, \u0161is stiprin\u0101jums ietver:<\/p>\n<ul>\n<li>Zemprofil\u0113ta konstrukcija ar noapa\u013cot\u0101m mal\u0101m, lai \u0113rt\u0101ka lieto\u0161ana<\/li>\n<li>Met\u0101la konstrukcija ar melnu p\u0101rkl\u0101jumu ilgm\u016b\u017e\u012bbai<\/li>\n<li>Ner\u016bs\u0113jo\u0161\u0101 t\u0113rauda M-Lok uzgrie\u017e\u0146i pret koroziju un ilgm\u016b\u017e\u012bbai<\/li>\n<li>360 gr\u0101du rot\u0101cijas iesp\u0113ja<\/li>\n<\/ul>\n<p>M\u0113s iesak\u0101m izmantot augstas kvalit\u0101tes QD Sling Swivels, lai ieg\u016btu optim\u0101lu sader\u012bbu. Vienm\u0113r p\u0101rbaudiet, vai piekarin\u0101mais ir dro\u0161i nofiks\u0113ts p\u0113c mont\u0101\u017eas, veicot \u012bsu vilk\u0161anu un pagrie\u0161anu.<\/p>\n<h2>Specifik\u0101cijas:<\/h2>\n<ul>\n<li>Sliedes sist\u0113ma: M-Lok<\/li>\n<li>Svars: 25g<\/li>\n<li>Izm\u0113ri (iepakots): 18 x 9,4 x 1 cm<\/li>\n<\/ul>\n","protected":false},"excerpt":{"rendered":"<p>Iztur\u012bgs M-LOK QD sienamais stiprin\u0101jums ar 360\u00b0 rot\u0101ciju dro\u0161ai piestiprin\u0101\u0161anai.<\/p>\n","protected":false},"featured_media":240831,"template":"","meta":{"_acf_changed":false},"product_brand":[11225],"product_cat":[13827,13788,13763,13841],"product_tag":[],"class_list":{"0":"post-689038","1":"product","2":"type-product","3":"status-publish","4":"has-post-thumbnail","6":"product_brand-clawgear","7":"product_cat-sautene","8":"product_cat-sautenes-uzlabosana","9":"product_cat-siksnas","10":"product_cat-sliedes","12":"first","13":"instock","14":"taxable","15":"shipping-taxable","16":"purchasable","17":"product-type-simple"},"acf":[],"_links":{"self":[{"href":"https:\/\/nbg.eu\/lv\/wp-json\/wp\/v2\/product\/689038","targetHints":{"allow":["GET"]}}],"collection":[{"href":"https:\/\/nbg.eu\/lv\/wp-json\/wp\/v2\/product"}],"about":[{"href":"https:\/\/nbg.eu\/lv\/wp-json\/wp\/v2\/types\/product"}],"wp:featuredmedia":[{"embeddable":true,"href":"https:\/\/nbg.eu\/lv\/wp-json\/wp\/v2\/media\/240831"}],"wp:attachment":[{"href":"https:\/\/nbg.eu\/lv\/wp-json\/wp\/v2\/media?parent=689038"}],"wp:term":[{"taxonomy":"product_brand","embeddable":true,"href":"https:\/\/nbg.eu\/lv\/wp-json\/wp\/v2\/product_brand?post=689038"},{"taxonomy":"product_cat","embeddable":true,"href":"https:\/\/nbg.eu\/lv\/wp-json\/wp\/v2\/product_cat?post=689038"},{"taxonomy":"product_tag","embeddable":true,"href":"https:\/\/nbg.eu\/lv\/wp-json\/wp\/v2\/product_tag?post=689038"}],"curies":[{"name":"wp","href":"https:\/\/api.w.org\/{rel}","templated":true}]}}