{"id":689063,"date":"2025-03-06T13:06:02","date_gmt":"2025-03-06T10:06:02","guid":{"rendered":"https:\/\/nbg.eu\/product\/clawgear-m-lok-qd-mount\/"},"modified":"2026-05-13T15:10:02","modified_gmt":"2026-05-13T12:10:02","slug":"clawgear-m-lok-qd-mount","status":"publish","type":"product","link":"https:\/\/nbg.eu\/lv\/product\/clawgear-m-lok-qd-mount\/","title":{"rendered":"Clawgear M-LOK QD Mount"},"content":{"rendered":"<h2>Clawgear M-LOK QD stiprin\u0101\u0161anas ier\u012bce: dro\u0161s, bez \u0101\u0137iem siksnas pievieno\u0161anas mezgls<\/h2>\n<p>Uzlabojiet savu iero\u010da apr\u012bkojumu ar Clawgear M-LOK QD stiprin\u0101\u0161anas ier\u012bci, kas ir izstr\u0101d\u0101ta, lai nodro\u0161in\u0101tu nevainojamu veiktsp\u0113ju un vienk\u0101r\u0161u siksnas integr\u0101ciju. Izgatavota no augstas stipr\u012bbas alum\u012bnija un p\u0101rkl\u0101ta ar milit\u0101rajam standartam atbilsto\u0161u anod\u0113tu p\u0101rkl\u0101jumu, \u0161\u012b zem\u0101 profila ier\u012bce nodro\u0161ina izcilu iztur\u012bbu un korozijas notur\u012bbu, garant\u0113jot ilgsto\u0161u uzticam\u012bbu lauk\u0101.<\/p>\n<p>Tie\u0161\u0101 M-LOK stiprin\u0101\u0161ana nodro\u0161ina dro\u0161u, bez \u0101\u0137iem savienojumu, savuk\u0101rt pretrot\u0101cijas funkcija garant\u0113, ka j\u016bsu siksnas \u0101\u0137is paliek stingri sav\u0101 viet\u0101, nepie\u013caujot nev\u0113lamu kust\u012bbu vai nob\u012bdi. Sader\u012bga ar visiem standarta QD \u0101\u0137iem, Clawgear M-LOK QD stiprin\u0101\u0161anas ier\u012bce \u013cauj \u0101tri un viegli pievienot un atvienot siksnu, uzlabojot j\u016bsu p\u0101rejas un kop\u0113jo \u0161au\u0161anas pieredzi.<\/p>\n<p>Neatkar\u012bgi no t\u0101, vai j\u016bs darbojas sare\u017e\u0123\u012bt\u0101s taktisk\u0101s situ\u0101cij\u0101s vai dodaties piedz\u012bvojumos, Clawgear M-LOK QD stiprin\u0101\u0161anas ier\u012bce ir uzticams un daudzfunkcion\u0101ls risin\u0101jums j\u016bsu siksnas piestiprin\u0101\u0161anas vajadz\u012bb\u0101m. Uzlabojiet sava iero\u010da veiktsp\u0113ju ar \u0161o iztur\u012bgo un lietot\u0101jam draudz\u012bgo aksesu\u0101ru.<\/p>\n","protected":false},"excerpt":{"rendered":"<p>Augsta stipruma alum\u012bnija M-LOK QD mont\u0101\u017ea ar mazu profilu, pretrot\u0101cijas dizainu notur\u012bgam siksnas pievieno\u0161anai.<\/p>\n","protected":false},"featured_media":240599,"template":"","meta":{"_acf_changed":false},"product_brand":[11225],"product_cat":[13827,13788,13763],"product_tag":[],"class_list":{"0":"post-689063","1":"product","2":"type-product","3":"status-publish","4":"has-post-thumbnail","6":"product_brand-clawgear","7":"product_cat-sautene","8":"product_cat-sautenes-uzlabosana","9":"product_cat-siksnas","11":"first","12":"outofstock","13":"taxable","14":"shipping-taxable","15":"purchasable","16":"product-type-simple"},"acf":[],"_links":{"self":[{"href":"https:\/\/nbg.eu\/lv\/wp-json\/wp\/v2\/product\/689063","targetHints":{"allow":["GET"]}}],"collection":[{"href":"https:\/\/nbg.eu\/lv\/wp-json\/wp\/v2\/product"}],"about":[{"href":"https:\/\/nbg.eu\/lv\/wp-json\/wp\/v2\/types\/product"}],"wp:featuredmedia":[{"embeddable":true,"href":"https:\/\/nbg.eu\/lv\/wp-json\/wp\/v2\/media\/240599"}],"wp:attachment":[{"href":"https:\/\/nbg.eu\/lv\/wp-json\/wp\/v2\/media?parent=689063"}],"wp:term":[{"taxonomy":"product_brand","embeddable":true,"href":"https:\/\/nbg.eu\/lv\/wp-json\/wp\/v2\/product_brand?post=689063"},{"taxonomy":"product_cat","embeddable":true,"href":"https:\/\/nbg.eu\/lv\/wp-json\/wp\/v2\/product_cat?post=689063"},{"taxonomy":"product_tag","embeddable":true,"href":"https:\/\/nbg.eu\/lv\/wp-json\/wp\/v2\/product_tag?post=689063"}],"curies":[{"name":"wp","href":"https:\/\/api.w.org\/{rel}","templated":true}]}}