{"id":689097,"date":"2025-03-03T22:26:47","date_gmt":"2025-03-03T19:26:47","guid":{"rendered":"https:\/\/nbg.eu\/product\/daa-3-piece-steel-die-set-223\/"},"modified":"2026-05-13T16:02:56","modified_gmt":"2026-05-13T13:02:56","slug":"daa-3-piece-steel-die-set-223","status":"publish","type":"product","link":"https:\/\/nbg.eu\/lv\/product\/daa-3-piece-steel-die-set-223\/","title":{"rendered":"DAA 3-Piece Steel Die Set .223"},"content":{"rendered":"<h2>DAA 3-da\u013cas t\u0113rauda mirsti\u0146u komplekts .223<\/h2>\n<p>Uzlabojiet savu p\u0101rl\u0101d\u0113\u0161anas pieredzi ar Double Alpha Academy 3-da\u013cu t\u0113rauda mirsti\u0146u komplektu .223 kalibram. Izstr\u0101d\u0101ts sadarb\u012bb\u0101 ar Lee Precision, \u0161is komplekts ir paredz\u0113ts progres\u012bvajiem rif\u013cu p\u0101rl\u0101d\u0113t\u0101jiem.<\/p>\n<ul>\n<li>Pilna garuma kalibr\u0161anas mirsti\u0146a uzticamai darb\u012bbai<\/li>\n<li>L\u0101di\u0146a dz\u012b\u013ca kul\u0161anas mirsti\u0146a prec\u012bzai pozicion\u0113\u0161anai<\/li>\n<li>Koletes tipa r\u016bpn\u012bcas krimpa mirsti\u0146a uzlabotai veiktsp\u0113jai<\/li>\n<li>Iek\u013cauti 2 rezerves dekalibr\u0113\u0161anas tapas un 3 papildu DAA pl\u0101nsienu 1&#8243; t\u0113rauda fiks\u0101cijas uzgrie\u017e\u0146i<\/li>\n<li>Iek\u013cauta piel\u0101gota EVA uzglab\u0101\u0161anas k\u0101rba<\/li>\n<\/ul>\n<p>Atsevi\u0161\u0137as krimpa un kul\u0161anas mirsti\u0146as nodro\u0161ina optim\u0101lus rezult\u0101tus bez \u010daulu boj\u0101jumiem. Izbaudiet r\u016bpn\u012bcas patronu precizit\u0101ti kop\u0101 ar p\u0101rl\u0101d\u0113\u0161anas elast\u012bgumu. Ide\u0101li piem\u0113rots gan pieredz\u0113ju\u0161iem, gan ies\u0101c\u0113jiem p\u0101rl\u0101d\u0113t\u0101jiem.<\/p>\n<p>Uzlabojiet savu p\u0101rl\u0101d\u0113\u0161anas apr\u012bkojumu \u0161odien ar DAA augst\u0101k\u0101s kvalit\u0101tes mirsti\u0146u komplektu!<\/p>\n","protected":false},"excerpt":{"rendered":"<p>Prec\u012bzs .223 p\u0101rpild\u012b\u0161anas komplekts: pilna izm\u0113ra, s\u0113dek\u013ci, krimpl\u0113\u0161anas mirstes. Ra\u017eots Lee.<\/p>\n","protected":false},"featured_media":235719,"template":"","meta":{"_acf_changed":false},"product_brand":[11271],"product_cat":[13813,13802],"product_tag":[],"class_list":{"0":"post-689097","1":"product","2":"type-product","3":"status-publish","4":"has-post-thumbnail","6":"product_brand-doublealpha","7":"product_cat-parladesana","8":"product_cat-parladesanas-aksesuari","10":"first","11":"instock","12":"taxable","13":"shipping-taxable","14":"purchasable","15":"product-type-simple"},"acf":[],"_links":{"self":[{"href":"https:\/\/nbg.eu\/lv\/wp-json\/wp\/v2\/product\/689097","targetHints":{"allow":["GET"]}}],"collection":[{"href":"https:\/\/nbg.eu\/lv\/wp-json\/wp\/v2\/product"}],"about":[{"href":"https:\/\/nbg.eu\/lv\/wp-json\/wp\/v2\/types\/product"}],"wp:featuredmedia":[{"embeddable":true,"href":"https:\/\/nbg.eu\/lv\/wp-json\/wp\/v2\/media\/235719"}],"wp:attachment":[{"href":"https:\/\/nbg.eu\/lv\/wp-json\/wp\/v2\/media?parent=689097"}],"wp:term":[{"taxonomy":"product_brand","embeddable":true,"href":"https:\/\/nbg.eu\/lv\/wp-json\/wp\/v2\/product_brand?post=689097"},{"taxonomy":"product_cat","embeddable":true,"href":"https:\/\/nbg.eu\/lv\/wp-json\/wp\/v2\/product_cat?post=689097"},{"taxonomy":"product_tag","embeddable":true,"href":"https:\/\/nbg.eu\/lv\/wp-json\/wp\/v2\/product_tag?post=689097"}],"curies":[{"name":"wp","href":"https:\/\/api.w.org\/{rel}","templated":true}]}}