{"id":689228,"date":"2024-08-18T11:35:41","date_gmt":"2024-08-18T08:35:41","guid":{"rendered":"https:\/\/nbg.eu\/product\/ejector-sa-da-kmr\/"},"modified":"2026-04-16T17:50:41","modified_gmt":"2026-04-16T14:50:41","slug":"ejector-sa-da-kmr","status":"publish","type":"product","link":"https:\/\/nbg.eu\/lv\/product\/ejector-sa-da-kmr\/","title":{"rendered":"KMR Izmet\u0113js SA\/DA"},"content":{"rendered":"<h2>Ejector SA\/DA KMR iero\u010diem KMR<\/h2>\n<p>Ejector SA\/DA KMR ir daudzfunkcion\u0101ls un uzticams piederums, kas paredz\u0113ts lieto\u0161anai ar da\u017e\u0101diem Iero\u010diem KMR mode\u013ciem. Tam ir viena darb\u012bbas (SA) un divk\u0101r\u0161a darb\u012bbas (DA) meh\u0101nisms, nodro\u0161inot lietot\u0101jiem uzlabotu elast\u012bbu un kontroli darb\u012bbas laik\u0101. Sader\u012bgs ar \u0161\u0101diem mode\u013ciem:<\/p>\n<ul>\n<li>KMR L-02 EMIQ<\/li>\n<li>KMR L-02 EMIQ (OR)<\/li>\n<li>KMR L-02 ORCA NO 2024<\/li>\n<li>KMR L-02 ORCA L\u012aDZ 2023<\/li>\n<li>KMR L-02 SPECTRA NO 2024<\/li>\n<li>KMR L-02 SPECTRA L\u012aDZ 2023<\/li>\n<li>KMR L-02 UMBRA (OR) SR<\/li>\n<li>KMR W-02 CUDA (OR)<\/li>\n<li>KMR W-02 UMBRA<\/li>\n<li>KMR W-02 UMBRA (OR)<\/li>\n<\/ul>\n<p>Atsauces numurs 1060-00701-0401<\/p>\n","protected":false},"excerpt":{"rendered":"<p>Izsviediena SA\/DA KMR &#8211; uzticams, daudzpus\u012bgs iero\u010da piederums KMR.<\/p>\n","protected":false},"featured_media":25686,"template":"","meta":{"_acf_changed":false},"product_brand":[11512],"product_cat":[13777],"product_tag":[],"class_list":{"0":"post-689228","1":"product","2":"type-product","3":"status-publish","4":"has-post-thumbnail","6":"product_brand-kmr-precision","7":"product_cat-kmr-detalas","9":"first","10":"instock","11":"taxable","12":"shipping-taxable","13":"product-type-simple"},"acf":[],"_links":{"self":[{"href":"https:\/\/nbg.eu\/lv\/wp-json\/wp\/v2\/product\/689228","targetHints":{"allow":["GET"]}}],"collection":[{"href":"https:\/\/nbg.eu\/lv\/wp-json\/wp\/v2\/product"}],"about":[{"href":"https:\/\/nbg.eu\/lv\/wp-json\/wp\/v2\/types\/product"}],"wp:featuredmedia":[{"embeddable":true,"href":"https:\/\/nbg.eu\/lv\/wp-json\/wp\/v2\/media\/25686"}],"wp:attachment":[{"href":"https:\/\/nbg.eu\/lv\/wp-json\/wp\/v2\/media?parent=689228"}],"wp:term":[{"taxonomy":"product_brand","embeddable":true,"href":"https:\/\/nbg.eu\/lv\/wp-json\/wp\/v2\/product_brand?post=689228"},{"taxonomy":"product_cat","embeddable":true,"href":"https:\/\/nbg.eu\/lv\/wp-json\/wp\/v2\/product_cat?post=689228"},{"taxonomy":"product_tag","embeddable":true,"href":"https:\/\/nbg.eu\/lv\/wp-json\/wp\/v2\/product_tag?post=689228"}],"curies":[{"name":"wp","href":"https:\/\/api.w.org\/{rel}","templated":true}]}}