{"id":689248,"date":"2024-08-17T17:58:41","date_gmt":"2024-08-17T14:58:41","guid":{"rendered":"https:\/\/nbg.eu\/product\/ejector-spring-kmr\/"},"modified":"2026-02-26T14:43:58","modified_gmt":"2026-02-26T11:43:58","slug":"ejector-spring-kmr","status":"publish","type":"product","link":"https:\/\/nbg.eu\/lv\/product\/ejector-spring-kmr\/","title":{"rendered":"Izsviedes atspere KMR"},"content":{"rendered":"<h2>Izmet\u0113ja atspere KMR<\/h2>\n<p>Izmet\u0113ja atspere KMR ir b\u016btiska komponente da\u017e\u0101diem iero\u010diem, kas paredz\u0113ta, lai nodro\u0161in\u0101tu uzticamu un konsekventu iztuk\u0161oto patronu izmet\u0113\u0161anu.<\/p>\n<p>Konstru\u0113ts, iev\u0113rojot precizit\u0101ti un ilgiztur\u012bbu, \u0161is atsperes nodro\u0161ina uzticamu iztuk\u0161oto patronu izvilk\u0161anu un izmet\u0113\u0161anu, saglab\u0101jot ieroca vienm\u0113r\u012bgu un konsekventu darb\u012bbu. Izgatavots no augstas kvalit\u0101tes materi\u0101liem, \u0161is atsperes ir paredz\u0113ts, lai iztur\u0113tu regul\u0101ras lieto\u0161anas noslodzi un nodro\u0161in\u0101tu ilgsto\u0161u veiktsp\u0113ju.<\/p>\n<p>Vai nu esat profesion\u0101ls \u0161\u0101v\u0113js vai aizraut\u012bgs entuziasts, \u0161\u012b deta\u013ca ir b\u016btisks piederums, lai uztur\u0113tu j\u016bsu KMR-sader\u012bgo ieroci optim\u0101l\u0101 darb\u012bb\u0101. Ieguldiet \u0161aj\u0101 uzticamaj\u0101 komponent\u0113 un izbaudiet at\u0161\u0137ir\u012bbu, ko t\u0101 var rad\u012bt j\u016bsu \u0161au\u0161anas pieredz\u0113.<\/p>\n<p>Iero\u010di KMR:<\/p>\n<p>KMR L-02 EMIQ<\/p>\n<p>KMR L-02 EMIQ (OR)<\/p>\n<p>KMR L-02 ORCA NO 2024<\/p>\n<p>KMR L-02 ORCA L\u012aDZ 2023<\/p>\n<p>KMR L-02 SPECTRA NO 2024<\/p>\n<p>KMR L-02 SPECTRA L\u012aDZ 2023<\/p>\n<p>KMR L-02 UMBRA (OR) SR<\/p>\n<p>KMR S-02 NO 2024<\/p>\n<p>KMR W-02 CUDA (OR)<\/p>\n<p>KMR W-02 UMBRA<\/p>\n<p>KMR W-02 UMBRA (OR)<\/p>\n","protected":false},"excerpt":{"rendered":"<p>Svira atsper\u0113m KMR s\u0113rijas iero\u010diem, sader\u012bga ar vair\u0101kiem mode\u013ciem.<\/p>\n","protected":false},"featured_media":24734,"template":"","meta":{"_acf_changed":false},"product_brand":[11512],"product_cat":[13795,13777],"product_tag":[],"class_list":{"0":"post-689248","1":"product","2":"type-product","3":"status-publish","4":"has-post-thumbnail","6":"product_brand-kmr-precision","7":"product_cat-atsperes","8":"product_cat-kmr-detalas","10":"first","11":"instock","12":"taxable","13":"shipping-taxable","14":"product-type-simple"},"acf":[],"_links":{"self":[{"href":"https:\/\/nbg.eu\/lv\/wp-json\/wp\/v2\/product\/689248","targetHints":{"allow":["GET"]}}],"collection":[{"href":"https:\/\/nbg.eu\/lv\/wp-json\/wp\/v2\/product"}],"about":[{"href":"https:\/\/nbg.eu\/lv\/wp-json\/wp\/v2\/types\/product"}],"wp:featuredmedia":[{"embeddable":true,"href":"https:\/\/nbg.eu\/lv\/wp-json\/wp\/v2\/media\/24734"}],"wp:attachment":[{"href":"https:\/\/nbg.eu\/lv\/wp-json\/wp\/v2\/media?parent=689248"}],"wp:term":[{"taxonomy":"product_brand","embeddable":true,"href":"https:\/\/nbg.eu\/lv\/wp-json\/wp\/v2\/product_brand?post=689248"},{"taxonomy":"product_cat","embeddable":true,"href":"https:\/\/nbg.eu\/lv\/wp-json\/wp\/v2\/product_cat?post=689248"},{"taxonomy":"product_tag","embeddable":true,"href":"https:\/\/nbg.eu\/lv\/wp-json\/wp\/v2\/product_tag?post=689248"}],"curies":[{"name":"wp","href":"https:\/\/api.w.org\/{rel}","templated":true}]}}