{"id":689288,"date":"2024-09-17T07:54:09","date_gmt":"2024-09-17T04:54:09","guid":{"rendered":"https:\/\/nbg.eu\/product\/extractor-40-sw-kmr\/"},"modified":"2026-04-16T17:49:24","modified_gmt":"2026-04-16T14:49:24","slug":"extractor-40-sw-kmr","status":"publish","type":"product","link":"https:\/\/nbg.eu\/lv\/product\/extractor-40-sw-kmr\/","title":{"rendered":"KMR Ekstraktors .40 S&amp;W"},"content":{"rendered":"<h2>KMR prec\u012bzijas ekstrakcija &#8211; .40 S&amp;W<\/h2>\n<p>Nodro\u0161iniet, ka j\u016bsu KMR pistole ciklu ar absol\u016btu autoritate ar \u0161o velt\u012bt\u0101 .40 S&amp;W ekstraktorku. Konstru\u0113ts liel\u0101kiem spiedieniem un specifiskai patronas \u0123eometrijai no .40 kalibra, \u0161is komponents ir galvenais, lai uztur\u0113tu uzticamu ieroci.<\/p>\n<h3>Tehnisk\u0101 izcil\u012bba:<\/h3>\n<ul>\n<li><strong>Kalibrsp\u0113c\u012bgs dizains:<\/strong> At\u0161\u0137ir\u012bb\u0101 no univers\u0101l\u0101m deta\u013c\u0101m, \u0161is ekstrakcijas ir prec\u012bzi apstr\u0101d\u0101ts, lai atbilstu .40 S&amp;W patronas atlokam cie\u0161a pielaide un pozit\u012bv\u0101ka ekstrakcija.<\/li>\n<li><strong>Uzlabota notur\u012bba:<\/strong> Izgatavots no r\u016bd\u012bta t\u0113raudu sakaus\u0113juma, lai notur\u0113tu palielin\u0101tas sl\u012bd\u0146a \u0101trumu un atsitiensp\u0113ku, kas saist\u012btas ar .40 S&amp;W kalibru.<\/li>\n<li><strong>Beznorau\u0161anas darb\u012bba:<\/strong> Ir koroziju nov\u0113r\u0161o\u0161s apdare, kas samazina berzi un nov\u0113r\u0161 oglek\u013ca uzkr\u0101\u0161anos, kas trauc\u0113 ekstrakcijas \u0101\u0137im.<\/li>\n<li><strong>Perfekta piek\u013cuve:<\/strong> Paredz\u0113ts bezprobl\u0113miskai integr\u0101cijai ar KMR sl\u012bd\u0146a mezgliem, saglab\u0101jot nepiecie\u0161amo sp\u0113ku profesion\u0101lai lieto\u0161anai.<\/li>\n<\/ul>\n<p>Ekstrakcijas ir kritisks nolietojuma elements. Uzlabojot to ar \u0161o ori\u0123in\u0101lo KMR deta\u013cu, j\u016bs nov\u0113rs\u012bsiet iesp\u0113jam\u0101s cikla probl\u0113mas un nodro\u0161in\u0101siet, ka j\u016bsu pistole ir gatava IPSC\/USPSA sacens\u012bbu vai dienesta pien\u0101kumu izpildei.<\/p>\n","protected":false},"excerpt":{"rendered":"<p>1080-00302-0400<\/p>\n","protected":false},"featured_media":25709,"template":"","meta":{"_acf_changed":false},"product_brand":[11512],"product_cat":[13777],"product_tag":[],"class_list":{"0":"post-689288","1":"product","2":"type-product","3":"status-publish","4":"has-post-thumbnail","6":"product_brand-kmr-precision","7":"product_cat-kmr-detalas","9":"first","10":"instock","11":"taxable","12":"shipping-taxable","13":"product-type-simple"},"acf":[],"_links":{"self":[{"href":"https:\/\/nbg.eu\/lv\/wp-json\/wp\/v2\/product\/689288","targetHints":{"allow":["GET"]}}],"collection":[{"href":"https:\/\/nbg.eu\/lv\/wp-json\/wp\/v2\/product"}],"about":[{"href":"https:\/\/nbg.eu\/lv\/wp-json\/wp\/v2\/types\/product"}],"wp:featuredmedia":[{"embeddable":true,"href":"https:\/\/nbg.eu\/lv\/wp-json\/wp\/v2\/media\/25709"}],"wp:attachment":[{"href":"https:\/\/nbg.eu\/lv\/wp-json\/wp\/v2\/media?parent=689288"}],"wp:term":[{"taxonomy":"product_brand","embeddable":true,"href":"https:\/\/nbg.eu\/lv\/wp-json\/wp\/v2\/product_brand?post=689288"},{"taxonomy":"product_cat","embeddable":true,"href":"https:\/\/nbg.eu\/lv\/wp-json\/wp\/v2\/product_cat?post=689288"},{"taxonomy":"product_tag","embeddable":true,"href":"https:\/\/nbg.eu\/lv\/wp-json\/wp\/v2\/product_tag?post=689288"}],"curies":[{"name":"wp","href":"https:\/\/api.w.org\/{rel}","templated":true}]}}