{"id":689308,"date":"2024-08-18T11:36:41","date_gmt":"2024-08-18T08:36:41","guid":{"rendered":"https:\/\/nbg.eu\/product\/extractor-9x19-kmr\/"},"modified":"2026-04-16T17:50:37","modified_gmt":"2026-04-16T14:50:37","slug":"extractor-9x19-kmr","status":"publish","type":"product","link":"https:\/\/nbg.eu\/lv\/product\/extractor-9x19-kmr\/","title":{"rendered":"KMR Ekstraktors 9&#215;19"},"content":{"rendered":"<h2>KMR prec\u012bzs ekstraktors &#8211; 9x19mm<\/h2>\n<p>\u0160is prec\u012bzi izstr\u0101d\u0101tais ekstraktors ir vit\u0101li svar\u012bga rezerves da\u013ca, kas speci\u0101li konstru\u0113ta 9x19mm KMR pistol\u0113m. Izgatavots, lai iztur\u0113tu lielas slodzes augsta apjoma profesion\u0101lajos sacens\u012bb\u0101s, tas nodro\u0161ina nevainojamu iztuk\u0161oto 9mm g\u013cot\u0146u iz\u0146em\u0161anu no kameras ar katru \u0161\u0101vienu.<\/p>\n<h3>Tehnisk\u0101 izcil\u012bba:<\/h3>\n<ul>\n<li><strong>Optimiz\u0113ts 9x19mm izm\u0113ram:<\/strong> \u012apa\u0161i piel\u0101gots 9mm Luger patronu izm\u0113ram, lai nodro\u0161in\u0101tu maksim\u0101lu sa\u0137eri un uzticam\u012bbu.<\/li>\n<li><strong>Augstas kvalit\u0101tes t\u0113rauds:<\/strong> Izgatavotas no augstas kvalit\u0101tes, termoapstr\u0101d\u0101ta t\u0113rauda, lai nov\u0113rstu \u0101\u0137a nodilumu un iztur\u0113tu augsta trieciena slodzes no \u0161\u013c\u016btenes cikla.<\/li>\n<li><strong>OEM savietojam\u012bba:<\/strong> Tie\u0161a ievietojama aizvietot\u0101ja KMR mode\u013ciem, piem\u0113ram, L-02 un W-02, garant\u0113jot ide\u0101lu r\u016bpn\u012bcas piel\u0101gojumu.<\/li>\n<li><strong>Konsekventa veiktsp\u0113ja:<\/strong> Specializ\u0113t\u0101 gr\u0101b\u0161anas \u0123eometrija minimiz\u0113 &#8220;neizdo\u0161an\u0101s iz\u0146emt&#8221; (FTE) darb\u012bbas trauc\u0113jumus, pat \u0101tr\u0101 \u0161au\u0161an\u0101.<\/li>\n<\/ul>\n<p>Uzturiet savas pistoles sacens\u012bbu sp\u0113ku, nodro\u0161inot, ka j\u016bsu iz\u0146em\u0161anas sist\u0113ma ir lab\u0101 st\u0101vokl\u012b. \u0160\u012b ori\u0123in\u0101l\u0101 KMR da\u013ca ir b\u016btiska jebkuram \u0161\u0101v\u0113jam, kas pieprasa 100% uzticam\u012bbu t\u012br\u0101 vai sacens\u012bbu laik\u0101.<\/p>\n","protected":false},"excerpt":{"rendered":"<p>1080-00301-0400<\/p>\n","protected":false},"featured_media":25709,"template":"","meta":{"_acf_changed":false},"product_brand":[11512],"product_cat":[13777],"product_tag":[],"class_list":{"0":"post-689308","1":"product","2":"type-product","3":"status-publish","4":"has-post-thumbnail","6":"product_brand-kmr-precision","7":"product_cat-kmr-detalas","9":"first","10":"instock","11":"taxable","12":"shipping-taxable","13":"product-type-simple"},"acf":[],"_links":{"self":[{"href":"https:\/\/nbg.eu\/lv\/wp-json\/wp\/v2\/product\/689308","targetHints":{"allow":["GET"]}}],"collection":[{"href":"https:\/\/nbg.eu\/lv\/wp-json\/wp\/v2\/product"}],"about":[{"href":"https:\/\/nbg.eu\/lv\/wp-json\/wp\/v2\/types\/product"}],"wp:featuredmedia":[{"embeddable":true,"href":"https:\/\/nbg.eu\/lv\/wp-json\/wp\/v2\/media\/25709"}],"wp:attachment":[{"href":"https:\/\/nbg.eu\/lv\/wp-json\/wp\/v2\/media?parent=689308"}],"wp:term":[{"taxonomy":"product_brand","embeddable":true,"href":"https:\/\/nbg.eu\/lv\/wp-json\/wp\/v2\/product_brand?post=689308"},{"taxonomy":"product_cat","embeddable":true,"href":"https:\/\/nbg.eu\/lv\/wp-json\/wp\/v2\/product_cat?post=689308"},{"taxonomy":"product_tag","embeddable":true,"href":"https:\/\/nbg.eu\/lv\/wp-json\/wp\/v2\/product_tag?post=689308"}],"curies":[{"name":"wp","href":"https:\/\/api.w.org\/{rel}","templated":true}]}}