{"id":689327,"date":"2024-08-17T15:16:22","date_gmt":"2024-08-17T12:16:22","guid":{"rendered":"https:\/\/nbg.eu\/product\/extractor-pin-22-lr-2x10-kmr\/"},"modified":"2026-02-25T17:52:55","modified_gmt":"2026-02-25T14:52:55","slug":"extractor-pin-22-lr-2x10-kmr","status":"publish","type":"product","link":"https:\/\/nbg.eu\/lv\/product\/extractor-pin-22-lr-2x10-kmr\/","title":{"rendered":"Ekstraktora tapina 22 Lr 2X10 KMR"},"content":{"rendered":"<h2>Ekstraktora tapskr\u016bve 22 Lr 2X10 KMR &#8211; prec\u012bzs savienojuma punkts uzticamai ekstrakcijai<\/h2>\n<p>Izstr\u0101d\u0101ta .22 LR KMR \u0161\u0101viena platformai, ekstraktora tapskr\u016bve 22 Lr 2X10 KMR nodro\u0161ina kritisku savienojuma punktu ekstraktora meh\u0101nismam, lai tas darbotos uzticami. Izgatavota no r\u016bd\u012bta t\u0113rauda, \u0161\u012b prec\u012bzi dimension\u0113t\u0101 tapskr\u016bve (2x10mm) nodro\u0161ina konsekventa sprieguma uztur\u0113\u0161anu un nov\u0113r\u0161 tapskr\u016bves nob\u012bdi vai norau\u0161anu \u0101tras \u0161au\u0161anas laik\u0101, garant\u0113jot j\u016bsu KMR pistoles uzticamu izliestos \u010daulu ekstrakciju.<\/p>\n<p>Ekstraktora tapskr\u016bve 22 Lr 2X10 KMR ir b\u016btiska sast\u0101vda\u013ca .22 LR KMR optim\u0101l\u0101s veiktsp\u0113jas uztur\u0113\u0161anai. T\u0101s iztur\u012bg\u0101 konstrukcija un r\u016bp\u012bgs dizains nodro\u0161ina nepiecie\u0161amo savienojuma atbalstu, lai j\u016bsu ekstraktoram darboties nevainojami, \u0161\u0101viens p\u0113c \u0161\u0101viena. Neatkar\u012bgi no t\u0101, vai j\u016bs \u0161aujat m\u0113r\u0137i, pie\u0146emtos vai sacen\u0161aties, \u0161\u012b ekstraktora tapskr\u016bve ir neatsverama uzlabojums, lai j\u016bsu KMR pistole darbotos t\u0101s maksim\u0101l\u0101 potenci\u0101l\u0101.<\/p>\n<p>Uzlabojiet savu .22 LR KMR ar ekstraktora tapskr\u016bvi 22 Lr 2X10 KMR un izbaudiet p\u0101rliec\u012bbu par uzticamu, augstas kvalit\u0101tes savienojuma punktu, kas nodro\u0161ina, ka j\u016bsu ekstraktoram darbojas ar precizit\u0101ti un konsekvenci. Invest\u0113jiet deta\u013c\u0101s, kas dara at\u0161\u0137ir\u012bbu, un baudiet miera saj\u016btu, kas n\u0101k ar iero\u010diem, kuriem izliesst\u010daulas tiek ekstrakc\u0113jamas ar nenoliedzamu uzticam\u012bbu.<\/p>\n","protected":false},"excerpt":{"rendered":"<p>Prec\u012bza 2x10mm ekstrakcijas ass tapas .22 LR KMR pistol\u0113m; r\u016bd\u012bta t\u0113rauda konstrukcija.<\/p>\n","protected":false},"featured_media":24065,"template":"","meta":{"_acf_changed":false},"product_brand":[11512],"product_cat":[13777],"product_tag":[],"class_list":{"0":"post-689327","1":"product","2":"type-product","3":"status-publish","4":"has-post-thumbnail","6":"product_brand-kmr-precision","7":"product_cat-kmr-detalas","9":"first","10":"instock","11":"taxable","12":"shipping-taxable","13":"product-type-simple"},"acf":[],"_links":{"self":[{"href":"https:\/\/nbg.eu\/lv\/wp-json\/wp\/v2\/product\/689327","targetHints":{"allow":["GET"]}}],"collection":[{"href":"https:\/\/nbg.eu\/lv\/wp-json\/wp\/v2\/product"}],"about":[{"href":"https:\/\/nbg.eu\/lv\/wp-json\/wp\/v2\/types\/product"}],"wp:featuredmedia":[{"embeddable":true,"href":"https:\/\/nbg.eu\/lv\/wp-json\/wp\/v2\/media\/24065"}],"wp:attachment":[{"href":"https:\/\/nbg.eu\/lv\/wp-json\/wp\/v2\/media?parent=689327"}],"wp:term":[{"taxonomy":"product_brand","embeddable":true,"href":"https:\/\/nbg.eu\/lv\/wp-json\/wp\/v2\/product_brand?post=689327"},{"taxonomy":"product_cat","embeddable":true,"href":"https:\/\/nbg.eu\/lv\/wp-json\/wp\/v2\/product_cat?post=689327"},{"taxonomy":"product_tag","embeddable":true,"href":"https:\/\/nbg.eu\/lv\/wp-json\/wp\/v2\/product_tag?post=689327"}],"curies":[{"name":"wp","href":"https:\/\/api.w.org\/{rel}","templated":true}]}}