{"id":689348,"date":"2024-08-16T23:18:23","date_gmt":"2024-08-16T20:18:23","guid":{"rendered":"https:\/\/nbg.eu\/product\/extractor-pin-kmr\/"},"modified":"2026-04-16T17:53:26","modified_gmt":"2026-04-16T14:53:26","slug":"extractor-pin-kmr","status":"publish","type":"product","link":"https:\/\/nbg.eu\/lv\/product\/extractor-pin-kmr\/","title":{"rendered":"KMR Ekstraktora Tapa"},"content":{"rendered":"<h2>Ekstrakcijas \u0161\u0137eltn iekpisKMR pistol\u0113m<\/h2>\n<p>Uzlabojiet sava KMR pistoles veiktsp\u0113ju un uzticam\u012bbu ar Ekstrakcijas \u0161\u0137elt\u0146u iekpi. Izgatavots no r\u016bd\u012bta darba t\u0113rauda un konstru\u0113ts atbilsto\u0161i prec\u012bz\u0101m r\u016bpn\u012bcas specifik\u0101cij\u0101m, \u0161is komponents nodro\u0161ina ide\u0101lu piek\u013cuvi j\u016bsu sl\u012bd\u0146a mont\u0101\u017e\u0101. T\u0101 nodilumiztur\u012bgais p\u0101rkl\u0101jums garant\u0113 ilgsto\u0161u iztur\u012bbu, kam\u0113r t\u0101 augsts stiepes stiprums aizsarg\u0101 kritisku ekstraktora ass sist\u0113mu.<\/p>\n<p>K\u0101 ass ekstraktora kust\u012bbai, \u0161\u012b tapskrita b\u016btiskarolli ekstrakcijas cikl\u0101. Uzturot stabilu atsperes spriegumu, t\u0101 nov\u0113r\u0161 meh\u0101niskus darb\u012bbas trauc\u0113jumus un nodro\u0161ina vienm\u0113r\u012bgu, uzticamu darb\u012bbu ar katru \u0161\u0101vienu. Vai j\u016bs esat azart\u012bgs m\u0113r\u0137a \u0161\u0101v\u0113js vai pa\u0161aizsardz\u012bbas entuziasts, Ekstrakcijas \u0161\u0137elt\u0146u iekpe ir b\u016btisks uzlabojums j\u016bsu KMR pistolei, nodro\u0161inot veiktsp\u0113ju un mieru, ko v\u0113laties.<\/p>\n","protected":false},"excerpt":{"rendered":"<p>Augsta sprieguma sp\u0113ka ekstraktora pievieno\u0161anas tapas KMR pistol\u0113m; prec\u012bza pieg\u0101de un notur\u012bga apdare.<\/p>\n","protected":false},"featured_media":23781,"template":"","meta":{"_acf_changed":false},"product_brand":[11512],"product_cat":[13777],"product_tag":[],"class_list":{"0":"post-689348","1":"product","2":"type-product","3":"status-publish","4":"has-post-thumbnail","6":"product_brand-kmr-precision","7":"product_cat-kmr-detalas","9":"first","10":"instock","11":"taxable","12":"shipping-taxable","13":"product-type-simple"},"acf":[],"_links":{"self":[{"href":"https:\/\/nbg.eu\/lv\/wp-json\/wp\/v2\/product\/689348","targetHints":{"allow":["GET"]}}],"collection":[{"href":"https:\/\/nbg.eu\/lv\/wp-json\/wp\/v2\/product"}],"about":[{"href":"https:\/\/nbg.eu\/lv\/wp-json\/wp\/v2\/types\/product"}],"wp:featuredmedia":[{"embeddable":true,"href":"https:\/\/nbg.eu\/lv\/wp-json\/wp\/v2\/media\/23781"}],"wp:attachment":[{"href":"https:\/\/nbg.eu\/lv\/wp-json\/wp\/v2\/media?parent=689348"}],"wp:term":[{"taxonomy":"product_brand","embeddable":true,"href":"https:\/\/nbg.eu\/lv\/wp-json\/wp\/v2\/product_brand?post=689348"},{"taxonomy":"product_cat","embeddable":true,"href":"https:\/\/nbg.eu\/lv\/wp-json\/wp\/v2\/product_cat?post=689348"},{"taxonomy":"product_tag","embeddable":true,"href":"https:\/\/nbg.eu\/lv\/wp-json\/wp\/v2\/product_tag?post=689348"}],"curies":[{"name":"wp","href":"https:\/\/api.w.org\/{rel}","templated":true}]}}