{"id":689377,"date":"2024-08-18T12:25:44","date_gmt":"2024-08-18T09:25:44","guid":{"rendered":"https:\/\/nbg.eu\/product\/extractor-spring-kmr\/"},"modified":"2026-04-16T17:49:55","modified_gmt":"2026-04-16T14:49:55","slug":"extractor-spring-kmr","status":"publish","type":"product","link":"https:\/\/nbg.eu\/lv\/product\/extractor-spring-kmr\/","title":{"rendered":"KMR Ekstraktora Atspere"},"content":{"rendered":"<h2>Atsperes Atspere KMR &#8211; Uzticama iero\u010du veiktsp\u0113ja<\/h2>\n<p>Uzlabojiet sava iero\u010da veiktsp\u0113ju ar Atsperes Atsperi KMR, b\u016btisku komponentu, kas paredz\u0113ts noteiktiem KMR mode\u013ciem. \u0160\u012b augstas kvalit\u0101tes atspere nodro\u0161ina gludo un uzticamo darb\u012bbu, uzlabojot j\u016bsu iero\u010da funkcionalit\u0101ti.<\/p>\n<p>Ar prec\u012bzu in\u017eenierzin\u0101tni izgatavotas, Atsperes Atspere KMR ir izveidota no iztur\u012bgiem materi\u0101liem, kas var iztur\u0113t regul\u0101ras lieto\u0161anas rad\u012btos gr\u016bdumus. T\u0101s konstrukcija un izgatavo\u0161ana samazina nepareizas darb\u012bbas risku, nodro\u0161inot jums mieru pr\u0101t\u0101 un p\u0101rliec\u012bbu par j\u016bsu iero\u010da uzticam\u012bbu. Uzlabojiet savu KMR ar \u0161o atsperi un izbaudiet gludas, vienm\u0113r\u012bgas un uzticamas darb\u012bbas at\u0161\u0137ir\u012bbu.<\/p>\n<p>Vai j\u016bs esat pieredz\u0113jis liel\u0161\u0101v\u0113js vai profesion\u0101lis, atsperes atspere ir neaizst\u0101jams piederums j\u016bsu KMR apr\u012bkotajam ierocim. Ieguldiet \u0161aj\u0101 b\u016btiskaj\u0101 komponent\u0113 un paaugstiniet savu \u0161au\u0161anas pieredzi uz jauniem augstumiem.<\/p>\n<p>Iero\u010diem KMR:<\/p>\n<p>KMR L-02 EMIQ<\/p>\n<p>KMR L-02 ORCA l\u012bdz 2023.<\/p>\n<p>KMR W-02 UMBRA<\/p>\n","protected":false},"excerpt":{"rendered":"<p>Ekstrakcijas atspere KMR iero\u010diem, sader\u012bga ar L-02 EMIQ, L-02 ORCA (l\u012bdz 2023. gadam) un W-02 UMBRA mode\u013ciem.<\/p>\n","protected":false},"featured_media":26077,"template":"","meta":{"_acf_changed":false},"product_brand":[11512],"product_cat":[13795,13777],"product_tag":[],"class_list":{"0":"post-689377","1":"product","2":"type-product","3":"status-publish","4":"has-post-thumbnail","6":"product_brand-kmr-precision","7":"product_cat-atsperes","8":"product_cat-kmr-detalas","10":"first","11":"instock","12":"taxable","13":"shipping-taxable","14":"product-type-simple"},"acf":[],"_links":{"self":[{"href":"https:\/\/nbg.eu\/lv\/wp-json\/wp\/v2\/product\/689377","targetHints":{"allow":["GET"]}}],"collection":[{"href":"https:\/\/nbg.eu\/lv\/wp-json\/wp\/v2\/product"}],"about":[{"href":"https:\/\/nbg.eu\/lv\/wp-json\/wp\/v2\/types\/product"}],"wp:featuredmedia":[{"embeddable":true,"href":"https:\/\/nbg.eu\/lv\/wp-json\/wp\/v2\/media\/26077"}],"wp:attachment":[{"href":"https:\/\/nbg.eu\/lv\/wp-json\/wp\/v2\/media?parent=689377"}],"wp:term":[{"taxonomy":"product_brand","embeddable":true,"href":"https:\/\/nbg.eu\/lv\/wp-json\/wp\/v2\/product_brand?post=689377"},{"taxonomy":"product_cat","embeddable":true,"href":"https:\/\/nbg.eu\/lv\/wp-json\/wp\/v2\/product_cat?post=689377"},{"taxonomy":"product_tag","embeddable":true,"href":"https:\/\/nbg.eu\/lv\/wp-json\/wp\/v2\/product_tag?post=689377"}],"curies":[{"name":"wp","href":"https:\/\/api.w.org\/{rel}","templated":true}]}}