{"id":689397,"date":"2024-08-17T17:59:06","date_gmt":"2024-08-17T14:59:06","guid":{"rendered":"https:\/\/nbg.eu\/product\/extractor-spring-kmr-s\/"},"modified":"2026-02-26T14:11:10","modified_gmt":"2026-02-26T11:11:10","slug":"extractor-spring-kmr-s","status":"publish","type":"product","link":"https:\/\/nbg.eu\/lv\/product\/extractor-spring-kmr-s\/","title":{"rendered":"Iz\u0146em\u0161anas atspere KMR S"},"content":{"rendered":"<h2>Extractor Atspere KMR S: prec\u012bzi izstr\u0101d\u0101ta, lai nodro\u0161in\u0101tu optim\u0101lu ieroci sniegumu<\/h2>\n<p>Extractor Atspere ir r\u016bp\u012bgi izstr\u0101d\u0101ta komponente, kas konstru\u0113ta, lai nodro\u0161in\u0101tu izcilu sniegumu un uzticam\u012bbu da\u017e\u0101d\u0101s KMR iero\u010du sist\u0113m\u0101s.<\/p>\n<p>Izstr\u0101d\u0101ta, piev\u0113r\u0161ot uzman\u012bbu precizit\u0101tei un iztur\u012bbai, \u0161\u012b atspere sp\u0113l\u0113 iz\u0161\u0137iro\u0161u lomu \u0161o progres\u012bvo iero\u010du sist\u0113mu vienm\u0113r\u012bg\u0101 un uzticam\u0101 darb\u012bb\u0101. T\u0101s r\u016bp\u012bgi kalibr\u0113tais dizains nodro\u0161ina konsekventa un uzticama ekstrakcija, \u013caujot lietot\u0101jiem uztic\u0113ties sav\u0101m iek\u0101rt\u0101m pat vissmag\u0101kaj\u0101s situ\u0101cij\u0101s.<\/p>\n<p>Iero\u010diem KMR:<\/p>\n<p>KMR S-01 LANCE (OR)<\/p>\n<p>KMR S-02 10 (OR) SR ADA<\/p>\n<p>KMR S-02 75 (OR) SR ADA<\/p>\n<p>KMR S-02 no 2024<\/p>\n<p>KMR S-02 SH1 (OR) SR ADA<\/p>\n<p>KMR S-02 SH2 (OR) SR ADA<\/p>\n<p>KMR S-02 TS (OR) SR ADA<\/p>\n<p>KMR S-02 l\u012bdz 2023<\/p>\n","protected":false},"excerpt":{"rendered":"<p>Ekstraktora atspere da\u017e\u0101diem KMR iero\u010diem, sader\u012bga no 2024. gada.<\/p>\n","protected":false},"featured_media":24757,"template":"","meta":{"_acf_changed":false},"product_brand":[11512],"product_cat":[13795,13777],"product_tag":[],"class_list":{"0":"post-689397","1":"product","2":"type-product","3":"status-publish","4":"has-post-thumbnail","6":"product_brand-kmr-precision","7":"product_cat-atsperes","8":"product_cat-kmr-detalas","10":"first","11":"instock","12":"taxable","13":"shipping-taxable","14":"product-type-simple"},"acf":[],"_links":{"self":[{"href":"https:\/\/nbg.eu\/lv\/wp-json\/wp\/v2\/product\/689397","targetHints":{"allow":["GET"]}}],"collection":[{"href":"https:\/\/nbg.eu\/lv\/wp-json\/wp\/v2\/product"}],"about":[{"href":"https:\/\/nbg.eu\/lv\/wp-json\/wp\/v2\/types\/product"}],"wp:featuredmedia":[{"embeddable":true,"href":"https:\/\/nbg.eu\/lv\/wp-json\/wp\/v2\/media\/24757"}],"wp:attachment":[{"href":"https:\/\/nbg.eu\/lv\/wp-json\/wp\/v2\/media?parent=689397"}],"wp:term":[{"taxonomy":"product_brand","embeddable":true,"href":"https:\/\/nbg.eu\/lv\/wp-json\/wp\/v2\/product_brand?post=689397"},{"taxonomy":"product_cat","embeddable":true,"href":"https:\/\/nbg.eu\/lv\/wp-json\/wp\/v2\/product_cat?post=689397"},{"taxonomy":"product_tag","embeddable":true,"href":"https:\/\/nbg.eu\/lv\/wp-json\/wp\/v2\/product_tag?post=689397"}],"curies":[{"name":"wp","href":"https:\/\/api.w.org\/{rel}","templated":true}]}}