{"id":689448,"date":"2024-08-17T15:26:35","date_gmt":"2024-08-17T12:26:35","guid":{"rendered":"https:\/\/nbg.eu\/product\/fiber-optic-front-sight-kmr-625xd1x3-red\/"},"modified":"2026-02-05T18:22:04","modified_gmt":"2026-02-05T15:22:04","slug":"fiber-optic-front-sight-kmr-625xd1x3-red","status":"publish","type":"product","link":"https:\/\/nbg.eu\/lv\/product\/fiber-optic-front-sight-kmr-625xd1x3-red\/","title":{"rendered":"\u0161\u0137iedru optisk\u0101 priek\u0161\u0113j\u0101 t\u0113m\u0113k\u013ca KMR 6,25xD1x3 SARKANA"},"content":{"rendered":"<h2>Uzlabojiet savu iero\u010da t\u0113m\u0113\u0161anu ar FIBER OPTIC FRONT SIGHT KMR 6,25xD1x3 RED<\/h2>\n<p>Skata izm\u0113ri 6,25 x D1 x 3 to padara par ide\u0101lu pievienojumu j\u016bsu ierocim, nodro\u0161inot bez\u0161uvumu integr\u0101ciju, netrauc\u0113jot kop\u0113jo dizainu. Iztur\u012bg\u0101 konstrukcija un iztur\u012bgie materi\u0101li, kas izmantotas t\u0101 izgatavo\u0161an\u0101, garant\u0113 ilgsto\u0161u veiktsp\u0113ju, pat pras\u012bgos apst\u0101k\u013cos.<\/p>\n<p>Vai j\u016bs iesaist\u0101ties taktiskaj\u0101s oper\u0101cij\u0101s, sacens\u012bb\u0101s \u0161au\u0161an\u0101 vai atp\u016btas lieto\u0161an\u0101, \u0161\u0137iedras optiskais priek\u0161\u0113jais SIGHT uzlabos j\u016bsu t\u0113m\u0113\u0161anas sp\u0113jas un dos jums nepiecie\u0161amo priek\u0161roc\u012bbu. Uzticieties \u0161im uzticamajam un augstas kvalit\u0101tes piederumam, lai uzlabotu j\u016bsu iero\u010da precizit\u0101ti un precizit\u0101ti.<\/p>\n<p>Iero\u010diem KMR:<\/p>\n<p>KMR L-02 ORCA L\u012aDZ 2023<\/p>\n<p>KMR W-02 UMBRA<\/p>\n<p>Atsauce: 0501-04605-0001<\/p>\n","protected":false},"excerpt":{"rendered":"<p>\u0160\u0137iedras optiskie priek\u0161\u0113jie t\u0113mek\u013ci KMR iero\u010diem, 6,25xD1x3, sarkan\u0101 kr\u0101s\u0101.<\/p>\n","protected":false},"featured_media":24134,"template":"","meta":{"_acf_changed":false},"product_brand":[11512],"product_cat":[13777],"product_tag":[],"class_list":{"0":"post-689448","1":"product","2":"type-product","3":"status-publish","4":"has-post-thumbnail","6":"product_brand-kmr-precision","7":"product_cat-kmr-detalas","9":"first","10":"instock","11":"taxable","12":"shipping-taxable","13":"product-type-simple"},"acf":[],"_links":{"self":[{"href":"https:\/\/nbg.eu\/lv\/wp-json\/wp\/v2\/product\/689448","targetHints":{"allow":["GET"]}}],"collection":[{"href":"https:\/\/nbg.eu\/lv\/wp-json\/wp\/v2\/product"}],"about":[{"href":"https:\/\/nbg.eu\/lv\/wp-json\/wp\/v2\/types\/product"}],"wp:featuredmedia":[{"embeddable":true,"href":"https:\/\/nbg.eu\/lv\/wp-json\/wp\/v2\/media\/24134"}],"wp:attachment":[{"href":"https:\/\/nbg.eu\/lv\/wp-json\/wp\/v2\/media?parent=689448"}],"wp:term":[{"taxonomy":"product_brand","embeddable":true,"href":"https:\/\/nbg.eu\/lv\/wp-json\/wp\/v2\/product_brand?post=689448"},{"taxonomy":"product_cat","embeddable":true,"href":"https:\/\/nbg.eu\/lv\/wp-json\/wp\/v2\/product_cat?post=689448"},{"taxonomy":"product_tag","embeddable":true,"href":"https:\/\/nbg.eu\/lv\/wp-json\/wp\/v2\/product_tag?post=689448"}],"curies":[{"name":"wp","href":"https:\/\/api.w.org\/{rel}","templated":true}]}}