{"id":689736,"date":"2024-08-17T15:11:05","date_gmt":"2024-08-17T12:11:05","guid":{"rendered":"https:\/\/nbg.eu\/product\/firing-pin-3x16-kmr\/"},"modified":"2026-04-16T17:52:51","modified_gmt":"2026-04-16T14:52:51","slug":"firing-pin-3x16-kmr","status":"publish","type":"product","link":"https:\/\/nbg.eu\/lv\/product\/firing-pin-3x16-kmr\/","title":{"rendered":"KMR \u0160\u0101v\u0113jadatas Aiztures Tapa 3&#215;16 S-02"},"content":{"rendered":"<h2>Aizdedzes poga 3X16 KMR: uzticama aizdedze, kas izstr\u0101d\u0101ta sacens\u012bbu \u0161au\u0161anai<\/h2>\n<p>Izstr\u0101d\u0101ts sacens\u012bbu \u0161au\u0161anas vajadz\u012bb\u0101m, Aizdedzes poga 3X16 KMR nodro\u0161ina kompromisu neierosino\u0161u aizdedzes uzticam\u012bbu un triecieniztur\u012bbu. Prec\u012bzi apstr\u0101d\u0101ta 3x16mm izm\u0113r\u0101 no augstas kvalit\u0101tes cietin\u0101ta t\u0113rauda, \u0161\u012b aizdedzes poga ir konstru\u0113ta, lai iztur\u0113tu atk\u0101rtotu meh\u0101nisku spriedzi no \u0101tr\u0101s \u0161au\u0161anas bez gala deform\u0101cijas vai norau\u0161anas.<\/p>\n<p>Konsekventi, centr\u0113ti spild\u0146a sitieni nov\u0113r\u0161 vieglos sitienos vai nepareizas aizdedzes, nodro\u0161inot uzticamu aizdedzi katr\u0101 \u0161\u0101vien\u0101. Aizdedzes pogas 3X16 KMR iztur\u012bg\u0101 konstrukcija un prec\u012bzie pielaides to padara par b\u016btisku uzlabojumu nopietniem sacens\u012bbu \u0161\u0101v\u0113jiem, kas mekl\u0113 maksim\u0101lu sniegumu un nepiln\u012bbu nov\u0113r\u0161anu.<\/p>\n<p>Nol\u016bkt vai nu 3 iero\u010du sacens\u012bbu izaicin\u0101jumus, vai ar\u012b p\u0101rsniegt sava KMR pistoles sp\u0113jas robe\u017eas, Aizdedzes poga 3X16 KMR nodro\u0161ina uzticamu aizdedzi un ilgsto\u0161u notur\u012bbu, k\u0101da nepiecie\u0161ama pan\u0101kumiem. Uzlabojiet savu KMR \u0161odien un izbaudiet precizit\u0101tes in\u017eenierijas ietekmi.<\/p>\n","protected":false},"excerpt":{"rendered":"<p>Prec\u012bzs 3x16mm t\u0113rauda \u0161au\u0161anas tapskr\u016bve, konstru\u0113ta uzticamam aizdedzei un trieciena iztur\u012bbai KMR pistol\u0113s.<\/p>\n","protected":false},"featured_media":23996,"template":"","meta":{"_acf_changed":false},"product_brand":[11512],"product_cat":[13777,14771],"product_tag":[],"class_list":{"0":"post-689736","1":"product","2":"type-product","3":"status-publish","4":"has-post-thumbnail","6":"product_brand-kmr-precision","7":"product_cat-kmr-detalas","8":"product_cat-sausanas-tapas","10":"first","11":"instock","12":"taxable","13":"shipping-taxable","14":"product-type-simple"},"acf":[],"_links":{"self":[{"href":"https:\/\/nbg.eu\/lv\/wp-json\/wp\/v2\/product\/689736","targetHints":{"allow":["GET"]}}],"collection":[{"href":"https:\/\/nbg.eu\/lv\/wp-json\/wp\/v2\/product"}],"about":[{"href":"https:\/\/nbg.eu\/lv\/wp-json\/wp\/v2\/types\/product"}],"wp:featuredmedia":[{"embeddable":true,"href":"https:\/\/nbg.eu\/lv\/wp-json\/wp\/v2\/media\/23996"}],"wp:attachment":[{"href":"https:\/\/nbg.eu\/lv\/wp-json\/wp\/v2\/media?parent=689736"}],"wp:term":[{"taxonomy":"product_brand","embeddable":true,"href":"https:\/\/nbg.eu\/lv\/wp-json\/wp\/v2\/product_brand?post=689736"},{"taxonomy":"product_cat","embeddable":true,"href":"https:\/\/nbg.eu\/lv\/wp-json\/wp\/v2\/product_cat?post=689736"},{"taxonomy":"product_tag","embeddable":true,"href":"https:\/\/nbg.eu\/lv\/wp-json\/wp\/v2\/product_tag?post=689736"}],"curies":[{"name":"wp","href":"https:\/\/api.w.org\/{rel}","templated":true}]}}