{"id":689753,"date":"2024-08-17T18:12:25","date_gmt":"2024-08-17T15:12:25","guid":{"rendered":"https:\/\/nbg.eu\/product\/firing-pin-spring-kmr-s\/"},"modified":"2026-04-16T17:51:35","modified_gmt":"2026-04-16T14:51:35","slug":"firing-pin-spring-kmr-s","status":"publish","type":"product","link":"https:\/\/nbg.eu\/lv\/product\/firing-pin-spring-kmr-s\/","title":{"rendered":"KMR \u0160\u0101v\u0113jadatas Atspere S"},"content":{"rendered":"<h2>\u0160aujam\u0101s adatas atspere KMR S<\/h2>\n<p>\u0160aujam\u0101s adatas atspere KMR S ir augstas kvalit\u0101tes rezerves atspere, kas paredz\u0113ta da\u017e\u0101d\u0101m KMR iero\u010du sist\u0113m\u0101m.<\/p>\n<p>Izgatavota ar precizit\u0101ti un r\u016bp\u012bbu, \u0161\u012b \u0161aujam\u0101s adatas atspere nodro\u0161ina uzticamu un vienm\u0113r\u012bgu darb\u012bbu j\u016bsu KMR iero\u010du sist\u0113m\u0101. T\u0101s iztur\u012bg\u0101 konstrukcija un augstas kvalit\u0101tes materi\u0101li to padara par ilgm\u016b\u017e\u012bgu rezerves da\u013cu, lai saglab\u0101tu j\u016bsu iero\u010da optim\u0101lo darb\u012bbu.<\/p>\n<p>Neatkar\u012bgi no t\u0101, vai esat profesion\u0101ls \u0161\u0101v\u0113js vai aizraut\u012bgs entuziasts, \u0161\u012b \u0161aujam\u0101 adatas atspere ir b\u016btisks piederums, lai j\u016bsu KMR ierocis darbotos vislab\u0101k. Uzlabojiet savu iero\u010di ar \u0161o uzticamo un atkar\u012bbu inspir\u0113jo\u0161o komponentu un izbaudiet at\u0161\u0137ir\u012bbu sav\u0101 \u0161au\u0161anas veiktsp\u0113j\u0101.<\/p>\n<p>Iero\u010diem KMR:<\/p>\n<p>KMR S-01 LANCE (OR)<\/p>\n<p>KMR S-02 10 (OR) SR ADA<\/p>\n<p>KMR S-02 75 (OR) SR ADA<\/p>\n<p>KMR S-02 NO 2024<\/p>\n<p>KMR S-02 SH1 (OR) SR ADA<\/p>\n<p>KMR S-02 SH2 (OR) SR ADA<\/p>\n<p>KMR S-02 TS (OR) SR ADA<\/p>\n<p>KMR S-02 L\u012aDZ 2023<\/p>\n","protected":false},"excerpt":{"rendered":"<p>Dedzin\u0101\u0161anas tapas atspere KMR S &#8211; paredz\u0113ta mode\u013ciem KMR S-01, KMR S-02 un to modifik\u0101cij\u0101m.<\/p>\n","protected":false},"featured_media":24970,"template":"","meta":{"_acf_changed":false},"product_brand":[11512],"product_cat":[13795,13777],"product_tag":[],"class_list":{"0":"post-689753","1":"product","2":"type-product","3":"status-publish","4":"has-post-thumbnail","6":"product_brand-kmr-precision","7":"product_cat-atsperes","8":"product_cat-kmr-detalas","10":"first","11":"instock","12":"taxable","13":"shipping-taxable","14":"product-type-simple"},"acf":[],"_links":{"self":[{"href":"https:\/\/nbg.eu\/lv\/wp-json\/wp\/v2\/product\/689753","targetHints":{"allow":["GET"]}}],"collection":[{"href":"https:\/\/nbg.eu\/lv\/wp-json\/wp\/v2\/product"}],"about":[{"href":"https:\/\/nbg.eu\/lv\/wp-json\/wp\/v2\/types\/product"}],"wp:featuredmedia":[{"embeddable":true,"href":"https:\/\/nbg.eu\/lv\/wp-json\/wp\/v2\/media\/24970"}],"wp:attachment":[{"href":"https:\/\/nbg.eu\/lv\/wp-json\/wp\/v2\/media?parent=689753"}],"wp:term":[{"taxonomy":"product_brand","embeddable":true,"href":"https:\/\/nbg.eu\/lv\/wp-json\/wp\/v2\/product_brand?post=689753"},{"taxonomy":"product_cat","embeddable":true,"href":"https:\/\/nbg.eu\/lv\/wp-json\/wp\/v2\/product_cat?post=689753"},{"taxonomy":"product_tag","embeddable":true,"href":"https:\/\/nbg.eu\/lv\/wp-json\/wp\/v2\/product_tag?post=689753"}],"curies":[{"name":"wp","href":"https:\/\/api.w.org\/{rel}","templated":true}]}}