{"id":689781,"date":"2024-08-18T11:10:20","date_gmt":"2024-08-18T08:10:20","guid":{"rendered":"https:\/\/nbg.eu\/product\/firing-pin-screw-m4x5-din-913-kmr\/"},"modified":"2026-04-16T17:51:19","modified_gmt":"2026-04-16T14:51:19","slug":"firing-pin-screw-m4x5-din-913-kmr","status":"publish","type":"product","link":"https:\/\/nbg.eu\/lv\/product\/firing-pin-screw-m4x5-din-913-kmr\/","title":{"rendered":"KMR \u0160\u0101v\u0113jadatas Skr\u016bve M4x5 DIN 913"},"content":{"rendered":"<h2>\u0160autuves iz\u0161\u0101v\u0113ja skr\u016bve M4X5 Din 913 KMR<\/h2>\n<p>Prec\u012bzi izstr\u0101d\u0101ta atbilsto\u0161i stingr\u0101m specifik\u0101cij\u0101m, \u0160autuves iz\u0161\u0101v\u0113ja skr\u016bve M4X5 Din 913 KMR ir izgatavota no augstas kvalit\u0101tes materi\u0101liem, lai iztur\u0113tu smagus lieto\u0161anas apst\u0101k\u013cus. T\u0101s 4 mm x 5 mm izm\u0113ri un DIN 913 konfigur\u0101cija to padara par perfektu sast\u0101vda\u013cu nor\u0101d\u012btajiem KMR iero\u010du mode\u013ciem, nodro\u0161inot dro\u0161u un uzticamu savienojumu punktu \u0161au\u0161anas meh\u0101nismam.<\/p>\n<p>Vai nu j\u016bs veicat sava KMR iero\u010du sist\u0113mas apkopi, remontu vai uzlabo\u0161anu, \u0160autuves iz\u0161\u0101v\u0113ja skr\u016bve M4X5 Din 913 KMR ir b\u016btiska sast\u0101vda\u013ca, kas ir j\u0101b\u016bt pie rokas. T\u0101s iztur\u012bba un prec\u012bzi konstru\u0113tais dizains nodro\u0161ina konsekventa un uzticama veiktsp\u0113ja, kas veicina j\u016bsu iero\u010da kop\u0113jo uzticam\u012bbu un efektivit\u0101ti.<\/p>\n<p>Iero\u010diem KMR:<\/p>\n<p>KMR S-01 LANCE (OR)<\/p>\n<p>KMR S-02 10 (OR) SR ADA<\/p>\n<p>KMR S-02 75 (OR) SR ADA<\/p>\n<p>KMR S-02 NO 2024<\/p>\n<p>KMR S-02 SH1 (OR) SR ADA<\/p>\n<p>KMR S-02 SH2 (OR) SR ADA<\/p>\n<p>KMR S-02 TS (OR) SR ADA<\/p>\n<p>KMR S-02 L\u012aDZ 2023<\/p>\n","protected":false},"excerpt":{"rendered":"<p>\u0160autuves skava M4X5 Din 913 KMR mode\u013ciem.<\/p>\n","protected":false},"featured_media":25339,"template":"","meta":{"_acf_changed":false},"product_brand":[11512],"product_cat":[13777,14771],"product_tag":[],"class_list":{"0":"post-689781","1":"product","2":"type-product","3":"status-publish","4":"has-post-thumbnail","6":"product_brand-kmr-precision","7":"product_cat-kmr-detalas","8":"product_cat-sausanas-tapas","10":"first","11":"instock","12":"taxable","13":"shipping-taxable","14":"product-type-simple"},"acf":[],"_links":{"self":[{"href":"https:\/\/nbg.eu\/lv\/wp-json\/wp\/v2\/product\/689781","targetHints":{"allow":["GET"]}}],"collection":[{"href":"https:\/\/nbg.eu\/lv\/wp-json\/wp\/v2\/product"}],"about":[{"href":"https:\/\/nbg.eu\/lv\/wp-json\/wp\/v2\/types\/product"}],"wp:featuredmedia":[{"embeddable":true,"href":"https:\/\/nbg.eu\/lv\/wp-json\/wp\/v2\/media\/25339"}],"wp:attachment":[{"href":"https:\/\/nbg.eu\/lv\/wp-json\/wp\/v2\/media?parent=689781"}],"wp:term":[{"taxonomy":"product_brand","embeddable":true,"href":"https:\/\/nbg.eu\/lv\/wp-json\/wp\/v2\/product_brand?post=689781"},{"taxonomy":"product_cat","embeddable":true,"href":"https:\/\/nbg.eu\/lv\/wp-json\/wp\/v2\/product_cat?post=689781"},{"taxonomy":"product_tag","embeddable":true,"href":"https:\/\/nbg.eu\/lv\/wp-json\/wp\/v2\/product_tag?post=689781"}],"curies":[{"name":"wp","href":"https:\/\/api.w.org\/{rel}","templated":true}]}}