{"id":689836,"date":"2025-03-02T20:05:35","date_gmt":"2025-03-02T17:05:35","guid":{"rendered":"https:\/\/nbg.eu\/product\/fox-classic-hunter\/"},"modified":"2026-05-13T15:11:51","modified_gmt":"2026-05-13T12:11:51","slug":"fox-classic-hunter","status":"publish","type":"product","link":"https:\/\/nbg.eu\/lv\/product\/fox-classic-hunter\/","title":{"rendered":"Fox Classic hunter"},"content":{"rendered":"<h2>Fox Classic Hunter lodes: \u013coti prec\u012bzs un svina br\u012bvs sniegums<\/h2>\n<p>Izstr\u0101d\u0101ts, lai atbilstu Eiropas med\u012bbu stingr\u0101m pras\u012bb\u0101m, Fox Classic Hunter lodes nodro\u0161ina nekompromisosu sniegumu un \u0113tisku, svinu nesaturo\u0161u med\u012bbu. Izgatavoti no ciet\u0101 vara-cinka sakaus\u0113juma, \u0161\u012bs augstas klases lodes ir apr\u012bkotas ar dubult\u0101 diametra izple\u0161anas konstrukciju un augstu ballistisk\u0101 koeficienta (BC) ar plakanu trajektoriju un izn\u012bcino\u0161u termin\u0101lo ballistiku.<\/p>\n<p>Mednieki, kas mekl\u0113 uzticamu, svinu nesaturo\u0161u mun\u012bcijas opciju, var pa\u013cauties uz Fox Classic Hunter, lai nodro\u0161in\u0101tu dzi\u013cu ievadi un maksim\u0101lu svara saglab\u0101\u0161anu, kas nepiecie\u0161ama t\u012bram un \u0113tiskam nogalin\u0101\u0161anas c\u0113lienam. Elimin\u0113jot svina pies\u0101r\u0146ojumu, \u0161\u012bs lodes nodro\u0161ina, ka ga\u013ca paliek neskartas un dro\u0161a lieto\u0161anai, \u013caujot jums piln\u012bb\u0101 izbaud\u012bt sava med\u012bjuma aug\u013cus.<\/p>\n<p>Ar savu progres\u012bvo dizainu un materi\u0101la sast\u0101vu Fox Classic Hunter nodro\u0161ina sniegumu, k\u0101du j\u016bs v\u0113laties, neskarot j\u016bsu v\u0113rt\u012bbas. Izbaudiet precizit\u0101tes, sp\u0113ka un vides atbild\u012bbas ide\u0101lo l\u012bdzsvaru ar katru \u0161\u0101vienu.<\/p>\n","protected":false},"excerpt":{"rendered":"<p>Lapsa Klasisk\u0101 Med\u012bbu: Svina nesaturo\u0161as med\u012bbu lodes, kas nodro\u0161ina izn\u012bcino\u0161u gal\u0113jo balistiku.<\/p>\n","protected":false},"featured_media":0,"template":"","meta":{"_acf_changed":false},"product_brand":[],"product_cat":[13843],"product_tag":[],"class_list":{"0":"post-689836","1":"product","2":"type-product","3":"status-publish","5":"product_cat-nekategorizets","7":"first","8":"instock","9":"taxable","10":"shipping-taxable","11":"purchasable","12":"product-type-variable","13":"wvs-archive-product-wrapper"},"acf":[],"_links":{"self":[{"href":"https:\/\/nbg.eu\/lv\/wp-json\/wp\/v2\/product\/689836","targetHints":{"allow":["GET"]}}],"collection":[{"href":"https:\/\/nbg.eu\/lv\/wp-json\/wp\/v2\/product"}],"about":[{"href":"https:\/\/nbg.eu\/lv\/wp-json\/wp\/v2\/types\/product"}],"wp:attachment":[{"href":"https:\/\/nbg.eu\/lv\/wp-json\/wp\/v2\/media?parent=689836"}],"wp:term":[{"taxonomy":"product_brand","embeddable":true,"href":"https:\/\/nbg.eu\/lv\/wp-json\/wp\/v2\/product_brand?post=689836"},{"taxonomy":"product_cat","embeddable":true,"href":"https:\/\/nbg.eu\/lv\/wp-json\/wp\/v2\/product_cat?post=689836"},{"taxonomy":"product_tag","embeddable":true,"href":"https:\/\/nbg.eu\/lv\/wp-json\/wp\/v2\/product_tag?post=689836"}],"curies":[{"name":"wp","href":"https:\/\/api.w.org\/{rel}","templated":true}]}}