{"id":68987,"date":"2023-01-30T18:17:49","date_gmt":"2023-01-30T18:17:49","guid":{"rendered":"https:\/\/nbg.eu\/product\/geissele-super-duty-mod1-rifle-14-5-5-56mm-ddc\/"},"modified":"2026-04-22T12:30:02","modified_gmt":"2026-04-22T09:30:02","slug":"geissele-super-duty-mod1-rifle-14-5-5-56mm-ddc","status":"publish","type":"product","link":"https:\/\/nbg.eu\/lv\/product\/geissele-super-duty-mod1-rifle-14-5-5-56mm-ddc\/","title":{"rendered":"Geissele Pusautom\u0101tiskais Karab\u012bns Super Duty 14.5&#8243; 5.56MM &#8211; DDC"},"content":{"rendered":"<h2>Geissele Super Duty &#8211; 14.5&#8243; 5.56MM<\/h2>\n<p>Geissele Super Duty ir 14.5&#8243; \u0161aujamierocis 5.56 NATO kalibr\u0101.<\/p>\n<h2>Galven\u0101s \u012bpa\u0161\u012bbas:<\/h2>\n<ul>\n<li>14.5&#8243; auksti kalts, ar hromu p\u0101rkl\u0101ts stobrs (1:7&#8243; v\u012btne)<\/li>\n<li>Izgatavots Geissele r\u016bpn\u012bc\u0101 Nortveils\u0101, Pensilv\u0101nij\u0101<\/li>\n<li>Karab\u012bnes garuma g\u0101zes sist\u0113ma ar kompaktu g\u0101zes bloku<\/li>\n<li>14&#8243; SMR MK14.5 modul\u0101r\u0101 sliede ar M-LOK sader\u012bbu<\/li>\n<li>7075-T6 alum\u012bnija apak\u0161\u0113jais uztv\u0113r\u0113js ar Ultra Duty deta\u013cu komplektu<\/li>\n<li>Abpus\u0113js konfigur\u0113jams dro\u0161in\u0101t\u0101js<\/li>\n<li>Super-42 atsitiena atspere un H3 buferis<\/li>\n<\/ul>\n<h2>Specifik\u0101cijas:<\/h2>\n<ul>\n<li>Kalibrs: 5.56 NATO<\/li>\n<li>Stobrs: Geissele auksti kalts, ar hromu p\u0101rkl\u0101ts, 1\/7 v\u012btne<\/li>\n<li>Uztv\u0113r\u0113ji: Kalts 7075-T6, cietais anod\u0113ts III tips<\/li>\n<li>Aizsl\u0113ga nes\u0113js: REBCG (uzlabots uzticam\u012bbas aizsl\u0113ga nes\u0113js)<\/li>\n<li>Spr\u016bds: SSA-X ar Lightning Bow<\/li>\n<li>Stobra uzgalis: Geissele Sparkout liesmas sl\u0101p\u0113t\u0101js<\/li>\n<li>Uzvilc\u0113js: Airborne<\/li>\n<li>Kr\u0101sa: DDC (tuksne\u0161a net\u012brumu kr\u0101sa)*<\/li>\n<\/ul>\n<p><em>*Piez\u012bme: DDC anod\u0113\u0161anas tonis var at\u0161\u0137irties<\/em><\/p>\n<p>Geissele Super Duty \u0161autene ir kompakts un augstas veiktsp\u0113jas ierocis.<\/p>\n","protected":false},"excerpt":{"rendered":"<p>Geissele Super Duty: 14,5 collu 5,56 mm, moderna tehnolo\u0123ija, augstas precizit\u0101tes izstr\u0101d\u0101jums.<\/p>\n","protected":false},"featured_media":68988,"template":"","meta":{"_acf_changed":false},"product_brand":[11383],"product_cat":[15125,13759,13827,15126],"product_tag":[],"class_list":{"0":"post-68987","1":"product","2":"type-product","3":"status-publish","4":"has-post-thumbnail","6":"product_brand-geissele","7":"product_cat-ar-15-rifles-lv","8":"product_cat-karabineri","9":"product_cat-sautene","10":"product_cat-semi-automatic-rifles-lv","12":"first","13":"outofstock","14":"taxable","15":"shipping-taxable","16":"product-type-simple"},"acf":[],"_links":{"self":[{"href":"https:\/\/nbg.eu\/lv\/wp-json\/wp\/v2\/product\/68987","targetHints":{"allow":["GET"]}}],"collection":[{"href":"https:\/\/nbg.eu\/lv\/wp-json\/wp\/v2\/product"}],"about":[{"href":"https:\/\/nbg.eu\/lv\/wp-json\/wp\/v2\/types\/product"}],"wp:featuredmedia":[{"embeddable":true,"href":"https:\/\/nbg.eu\/lv\/wp-json\/wp\/v2\/media\/68988"}],"wp:attachment":[{"href":"https:\/\/nbg.eu\/lv\/wp-json\/wp\/v2\/media?parent=68987"}],"wp:term":[{"taxonomy":"product_brand","embeddable":true,"href":"https:\/\/nbg.eu\/lv\/wp-json\/wp\/v2\/product_brand?post=68987"},{"taxonomy":"product_cat","embeddable":true,"href":"https:\/\/nbg.eu\/lv\/wp-json\/wp\/v2\/product_cat?post=68987"},{"taxonomy":"product_tag","embeddable":true,"href":"https:\/\/nbg.eu\/lv\/wp-json\/wp\/v2\/product_tag?post=68987"}],"curies":[{"name":"wp","href":"https:\/\/api.w.org\/{rel}","templated":true}]}}