{"id":690279,"date":"2024-09-17T22:42:30","date_gmt":"2024-09-17T19:42:30","guid":{"rendered":"https:\/\/nbg.eu\/product\/firing-pin-spring-kmr\/"},"modified":"2026-04-16T17:49:02","modified_gmt":"2026-04-16T14:49:02","slug":"firing-pin-spring-kmr","status":"publish","type":"product","link":"https:\/\/nbg.eu\/lv\/product\/firing-pin-spring-kmr\/","title":{"rendered":"KMR \u0160\u0101v\u0113jadatas Atspere"},"content":{"rendered":"<h2>\u0160autuves kapsules atspere KMR<\/h2>\n<p>\u0160autuves kapsules atspere KMR ir kritiska komponente da\u017e\u0101du iero\u010du sist\u0113m\u0101m, kas paredz\u0113ta, lai nodro\u0161in\u0101tu uzticamu un konsekventa darb\u012bbu j\u016bsu KMR iero\u010dos. \u0160\u012b atspere ir konstru\u0113ta, lai nodro\u0161in\u0101tu nepiecie\u0161amo spriegumu un sp\u0113ku, lai aktiviz\u0113tu kapsuli, nodro\u0161inot vieglu un uzticamu spr\u016bda darb\u012bbu katru reizi.<\/p>\n<p>\u0160\u012b kapsules atspere ir oblig\u0101ts rezerves da\u013cas nomai\u0146as komponents, lai uztur\u0113tu j\u016bsu iero\u010da darb\u012bbu lab\u0101kaj\u0101 st\u0101vokl\u012b.<\/p>\n<p>Izgatavota no augstas kvalit\u0101tes materi\u0101liem un prec\u012bzi konstru\u0113ta atbilsto\u0161i standartiem, \u0160autuves kapsules atspere KMR nodro\u0161ina optim\u0101lu veiktsp\u0113ju un ilgm\u016b\u017e\u012bbu pat vissmag\u0101kajos apst\u0101k\u013cos. Neatkar\u012bgi no t\u0101, vai j\u016bs esat sacens\u012bbu \u0161\u0101v\u0113js vai atbild\u012bgs \u0161aujamiero\u010du \u012bpa\u0161nieks, \u0161\u012b kapsules atspere ir kritiska komponente, lai uztur\u0113tu j\u016bsu KMR iero\u010da uzticam\u012bbu un veiktsp\u0113ju.<\/p>\n<\/p>\n<p>Iero\u010diem KMR:\n<\/p>\n<p>KMR L-02 EMIQ<\/p>\n<\/p>\n<p>KMR L-02 EMIQ (OR)<\/p>\n<\/p>\n<p>KMR L-02 ORCA NO 2024<\/p>\n<\/p>\n<p>KMR L-02 ORCA L\u012aDZ 2023<\/p>\n<\/p>\n<p>KMR L-02 SPECTRA NO 2024<\/p>\n<\/p>\n<p>KMR L-02 SPECTRA L\u012aDZ 2023<\/p>\n<\/p>\n<p>KMR L-02 UMBRA (OR) SR<\/p>\n<\/p>\n<p>KMR W-02 CUDA (OR)<\/p>\n<\/p>\n<p>KMR W-02 UMBRA<\/p>\n<\/p>\n<p>KMR W-02 UMBRA (OR)<\/p>\n","protected":false},"excerpt":{"rendered":"<p>At\u0161aujam\u0101 tapas atspere KMR s\u0113rijas iero\u010diem, sader\u012bgiem mode\u013ciem nor\u0101d\u012bts.<\/p>\n","protected":false},"featured_media":24947,"template":"","meta":{"_acf_changed":false},"product_brand":[11512],"product_cat":[13795,13777],"product_tag":[],"class_list":{"0":"post-690279","1":"product","2":"type-product","3":"status-publish","4":"has-post-thumbnail","6":"product_brand-kmr-precision","7":"product_cat-atsperes","8":"product_cat-kmr-detalas","10":"first","11":"instock","12":"taxable","13":"shipping-taxable","14":"product-type-simple"},"acf":[],"_links":{"self":[{"href":"https:\/\/nbg.eu\/lv\/wp-json\/wp\/v2\/product\/690279","targetHints":{"allow":["GET"]}}],"collection":[{"href":"https:\/\/nbg.eu\/lv\/wp-json\/wp\/v2\/product"}],"about":[{"href":"https:\/\/nbg.eu\/lv\/wp-json\/wp\/v2\/types\/product"}],"wp:featuredmedia":[{"embeddable":true,"href":"https:\/\/nbg.eu\/lv\/wp-json\/wp\/v2\/media\/24947"}],"wp:attachment":[{"href":"https:\/\/nbg.eu\/lv\/wp-json\/wp\/v2\/media?parent=690279"}],"wp:term":[{"taxonomy":"product_brand","embeddable":true,"href":"https:\/\/nbg.eu\/lv\/wp-json\/wp\/v2\/product_brand?post=690279"},{"taxonomy":"product_cat","embeddable":true,"href":"https:\/\/nbg.eu\/lv\/wp-json\/wp\/v2\/product_cat?post=690279"},{"taxonomy":"product_tag","embeddable":true,"href":"https:\/\/nbg.eu\/lv\/wp-json\/wp\/v2\/product_tag?post=690279"}],"curies":[{"name":"wp","href":"https:\/\/api.w.org\/{rel}","templated":true}]}}