{"id":690526,"date":"2024-08-18T11:12:46","date_gmt":"2024-08-18T08:12:46","guid":{"rendered":"https:\/\/nbg.eu\/product\/front-sight-screw-m3x3-din-914-kmr\/"},"modified":"2026-04-16T17:51:08","modified_gmt":"2026-04-16T14:51:08","slug":"front-sight-screw-m3x3-din-914-kmr","status":"publish","type":"product","link":"https:\/\/nbg.eu\/lv\/product\/front-sight-screw-m3x3-din-914-kmr\/","title":{"rendered":"KMR Priek\u0161\u0113j\u0101 T\u0113m\u0113k\u013ca Skr\u016bve M3x3 DIN 914"},"content":{"rendered":"<h2>Priek\u0161\u0113j\u0101 t\u0113m\u0113\u0161anas skr\u016bve M3X3 Din 914 KMR<\/h2>\n<p>Uzlabojiet sava iero\u010dam\u0101trumu ar Priek\u0161\u0113j\u0101 t\u0113m\u0113\u0161anas skr\u016bvi M3X3 Din 914 KMR. \u0160\u012b skr\u016bve ir paredz\u0113ta darbam ar pla\u0161u KMR mode\u013cu kl\u0101stu, nodro\u0161inot stabilu un prec\u012bzu piestiprin\u0101\u0161anu, uzlabojot j\u016bsu iero\u010da stabilit\u0101ti un precizit\u0101ti. Priek\u0161\u0113j\u0101 t\u0113m\u0113\u0161anas skr\u016bve M3X3 Din 914 KMR ir izgatavota no augstas kvalit\u0101tes materi\u0101liem, lai iztur\u0113tu taktisk\u0101s un sacens\u012bbu \u0161au\u0161anas vides pras\u012bbas.<\/p>\n<p>Iero\u010diem KMR:<\/p>\n<p>KMR L-02 EMIQ (OR)<\/p>\n<p>KMR L-02 ORCA NO 2024<\/p>\n<p>KMR L-02 ORCA L\u012aDZ 2023<\/p>\n<p>KMR L-02 SPECTRA NO 2024<\/p>\n<p>KMR L-02 SPECTRA L\u012aDZ 2023<\/p>\n<p>KMR L-02 UMBRA (OR) SR<\/p>\n<p>KMR S-01 LANCE (OR)<\/p>\n<p>KMR S-02 10 (OR) SR ADA<\/p>\n<p>KMR S-02 75 (OR) SR ADA<\/p>\n<p>KMR S-02 NO 2024<\/p>\n<p>KMR S-02 SH1 (OR) SR ADA<\/p>\n<p>KMR S-02 SH2 (OR) SR ADA<\/p>\n<p>KMR S-02 TS (OR) SR ADA<\/p>\n<p>KMR S-02 L\u012aDZ 2023<\/p>\n<p>KMR W-02 CUDA (OR)<\/p>\n<p>KMR W-02 UMBRA<\/p>\n<p>KMR W-02 UMBRA (OR)<\/p>\n","protected":false},"excerpt":{"rendered":"<p>Priek\u0161\u0113j\u0101 t\u0113m\u0113\u0161anas skr\u016bve M3X3 Din 914 KMR iero\u010diem.<\/p>\n","protected":false},"featured_media":25408,"template":"","meta":{"_acf_changed":false},"product_brand":[11512],"product_cat":[13777],"product_tag":[],"class_list":{"0":"post-690526","1":"product","2":"type-product","3":"status-publish","4":"has-post-thumbnail","6":"product_brand-kmr-precision","7":"product_cat-kmr-detalas","9":"first","10":"instock","11":"taxable","12":"shipping-taxable","13":"product-type-simple"},"acf":[],"_links":{"self":[{"href":"https:\/\/nbg.eu\/lv\/wp-json\/wp\/v2\/product\/690526","targetHints":{"allow":["GET"]}}],"collection":[{"href":"https:\/\/nbg.eu\/lv\/wp-json\/wp\/v2\/product"}],"about":[{"href":"https:\/\/nbg.eu\/lv\/wp-json\/wp\/v2\/types\/product"}],"wp:featuredmedia":[{"embeddable":true,"href":"https:\/\/nbg.eu\/lv\/wp-json\/wp\/v2\/media\/25408"}],"wp:attachment":[{"href":"https:\/\/nbg.eu\/lv\/wp-json\/wp\/v2\/media?parent=690526"}],"wp:term":[{"taxonomy":"product_brand","embeddable":true,"href":"https:\/\/nbg.eu\/lv\/wp-json\/wp\/v2\/product_brand?post=690526"},{"taxonomy":"product_cat","embeddable":true,"href":"https:\/\/nbg.eu\/lv\/wp-json\/wp\/v2\/product_cat?post=690526"},{"taxonomy":"product_tag","embeddable":true,"href":"https:\/\/nbg.eu\/lv\/wp-json\/wp\/v2\/product_tag?post=690526"}],"curies":[{"name":"wp","href":"https:\/\/api.w.org\/{rel}","templated":true}]}}