{"id":690556,"date":"2024-11-27T10:37:53","date_gmt":"2024-11-27T07:37:53","guid":{"rendered":"https:\/\/nbg.eu\/product\/geissele-20-round-6mm-arc-magazine-black\/"},"modified":"2026-05-13T16:02:29","modified_gmt":"2026-05-13T13:02:29","slug":"geissele-20-round-6mm-arc-magazine-black","status":"publish","type":"product","link":"https:\/\/nbg.eu\/lv\/product\/geissele-20-round-6mm-arc-magazine-black\/","title":{"rendered":"Geissele Aptvere 6mm ARC 20 Patronu &#8211; Black"},"content":{"rendered":"<h2>Geissele 20 round 6mm ARC Magazine \u2013 Black<\/h2>\n<p><strong><span style=\"font-size: 170%\">Geissele 20 round 6mm ARC Magazine \u2013 Black<\/span><\/strong><\/p>\n<p>Piedz\u012bvojiet nep\u0101rsp\u0113jamu iztur\u012bbu un uzticam\u012bbu ar Geissele 6mm ARC magaz\u012bnu. Prec\u012bzi konstru\u0113ta 6mm ARC patronai, \u0161\u012b 20 patronu magaz\u012bna lepojas ar iztur\u012bgu viengabala konstrukciju un l\u0101zersavieno\u0161anu, lai nodro\u0161in\u0101tu lielisku iztur\u012bbu.<\/p>\n<ul>\n<li>Ultra iztur\u012bga 410 ner\u016bs\u0113jo\u0161\u0101 t\u0113rauda korpuss ar melno nitr\u012bda p\u0101rkl\u0101jumu<\/li>\n<li>Pretgrie\u0161an\u0101s padev\u0113js nodro\u0161ina vienm\u0113r\u012bgu padevi<\/li>\n<li>Korozijas notur\u012bgs dizains ilgm\u016b\u017e\u012bbai<\/li>\n<li>Ner\u016bs\u0113jo\u0161\u0101 t\u0113rauda atspere nodro\u0161ina stabilu darb\u012bbu<\/li>\n<li>Kop\u0113jais garums: 6,1 collas<\/li>\n<li>Ar lepnumu ra\u017eots ASV<\/li>\n<\/ul>\n<p>Uzlabojiet savu \u0161au\u0161anas pieredzi, pateicoties Geissele kvalit\u0101tes un precizit\u0101tes ap\u0146\u0113m\u012bbai. \u0160\u012b magaz\u012bna ir veidota, lai iztur\u0113tu intens\u012bvu lieto\u0161anu, vienlaikus saglab\u0101jot nevainojamu funkcionalit\u0101ti. Izv\u0113lieties Geissele, lai nodro\u0161in\u0101tu nekompromisosu sniegumu katr\u0101 patron\u0101.<\/p>\n","protected":false},"excerpt":{"rendered":"<p>Iztur\u012bgs 20 patronu 6mm ARC l\u0101d\u0113t\u0101js. Pret-sl\u012bd\u0113\u0161anas, korozijas notur\u012bgs. Ra\u017eots ASV.<\/p>\n","protected":false},"featured_media":81846,"template":"","meta":{"_acf_changed":false},"product_brand":[11383],"product_cat":[13827,13834],"product_tag":[],"class_list":{"0":"post-690556","1":"product","2":"type-product","3":"status-publish","4":"has-post-thumbnail","6":"product_brand-geissele","7":"product_cat-sautene","8":"product_cat-sautenes-magazinas","10":"first","11":"instock","12":"taxable","13":"shipping-taxable","14":"product-type-simple"},"acf":[],"_links":{"self":[{"href":"https:\/\/nbg.eu\/lv\/wp-json\/wp\/v2\/product\/690556","targetHints":{"allow":["GET"]}}],"collection":[{"href":"https:\/\/nbg.eu\/lv\/wp-json\/wp\/v2\/product"}],"about":[{"href":"https:\/\/nbg.eu\/lv\/wp-json\/wp\/v2\/types\/product"}],"wp:featuredmedia":[{"embeddable":true,"href":"https:\/\/nbg.eu\/lv\/wp-json\/wp\/v2\/media\/81846"}],"wp:attachment":[{"href":"https:\/\/nbg.eu\/lv\/wp-json\/wp\/v2\/media?parent=690556"}],"wp:term":[{"taxonomy":"product_brand","embeddable":true,"href":"https:\/\/nbg.eu\/lv\/wp-json\/wp\/v2\/product_brand?post=690556"},{"taxonomy":"product_cat","embeddable":true,"href":"https:\/\/nbg.eu\/lv\/wp-json\/wp\/v2\/product_cat?post=690556"},{"taxonomy":"product_tag","embeddable":true,"href":"https:\/\/nbg.eu\/lv\/wp-json\/wp\/v2\/product_tag?post=690556"}],"curies":[{"name":"wp","href":"https:\/\/api.w.org\/{rel}","templated":true}]}}