{"id":690581,"date":"2025-08-20T18:30:18","date_gmt":"2025-08-20T15:30:18","guid":{"rendered":"https:\/\/nbg.eu\/product\/german-tactical-systems-adjustable-ak-rear-sight\/"},"modified":"2026-05-13T16:48:56","modified_gmt":"2026-05-13T13:48:56","slug":"german-tactical-systems-adjustable-ak-rear-sight","status":"publish","type":"product","link":"https:\/\/nbg.eu\/lv\/product\/german-tactical-systems-adjustable-ak-rear-sight\/","title":{"rendered":"GERMAN TACTICAL SYSTEMS Adjustable AK Rear Sight"},"content":{"rendered":"<h2>GERMAN TACTICAL SYSTEMS piel\u0101gojams AK aizmugures t\u0113meklis<\/h2>\n<p>Uzlabojiet sava AK platformas precizit\u0101ti ar \u0161o prec\u012bzi izstr\u0101d\u0101to aizmugures t\u0113mekli. At\u0161\u0137ir\u012bb\u0101 no tradicion\u0101lajiem AK t\u0113mek\u013ciem, \u0161is novatoriskais dizains pied\u0101v\u0101 gan virziena, gan augstuma regul\u0113\u0161anu, lai nodro\u0161in\u0101tu nep\u0101rsp\u0113jamu \u0161\u0101viena novieto\u0161anu.<\/p>\n<ul>\n<li>Divk\u0101r\u0161a regul\u0113\u0161ana virziena un augstuma zi\u0146\u0101<\/li>\n<li>Iztur\u012bga t\u0113rauda konstrukcija<\/li>\n<li>Regul\u0113\u0161ana bez instrumentiem, \u0101tri<\/li>\n<li>Sader\u012bgs ar liel\u0101ko da\u013cu AK variantu<\/li>\n<li>Zema profila dizains<\/li>\n<\/ul>\n<p>Piem\u0113rots sacens\u012bbu \u0161\u0101v\u0113jiem, taktiskajiem operatoriem un AK entuziastiem. Uzlabojiet sava AK veiktsp\u0113ju un est\u0113tiku ar \u0161o daudzfunkcion\u0101lo, viegli lietojamo t\u0113mekli. Sasniedziet augst\u0101ku precizit\u0101ti jebk\u0101dos apst\u0101k\u013cos, s\u0101kot no apgabaliem l\u012bdz pat laukam.<\/p>\n","protected":false},"excerpt":{"rendered":"<p>Regul\u0113jams AK aizmugures t\u0113meklis: novirzes un pac\u0113luma vad\u012bba, iztur\u012bgs t\u0113rauds.<\/p>\n","protected":false},"featured_media":471146,"template":"","meta":{"_acf_changed":false},"product_brand":[],"product_cat":[13765,13827,13788],"product_tag":[],"class_list":{"0":"post-690581","1":"product","2":"type-product","3":"status-publish","4":"has-post-thumbnail","6":"product_cat-ak-uzlabosana","7":"product_cat-sautene","8":"product_cat-sautenes-uzlabosana","10":"first","11":"outofstock","12":"taxable","13":"shipping-taxable","14":"purchasable","15":"product-type-simple"},"acf":[],"_links":{"self":[{"href":"https:\/\/nbg.eu\/lv\/wp-json\/wp\/v2\/product\/690581","targetHints":{"allow":["GET"]}}],"collection":[{"href":"https:\/\/nbg.eu\/lv\/wp-json\/wp\/v2\/product"}],"about":[{"href":"https:\/\/nbg.eu\/lv\/wp-json\/wp\/v2\/types\/product"}],"wp:featuredmedia":[{"embeddable":true,"href":"https:\/\/nbg.eu\/lv\/wp-json\/wp\/v2\/media\/471146"}],"wp:attachment":[{"href":"https:\/\/nbg.eu\/lv\/wp-json\/wp\/v2\/media?parent=690581"}],"wp:term":[{"taxonomy":"product_brand","embeddable":true,"href":"https:\/\/nbg.eu\/lv\/wp-json\/wp\/v2\/product_brand?post=690581"},{"taxonomy":"product_cat","embeddable":true,"href":"https:\/\/nbg.eu\/lv\/wp-json\/wp\/v2\/product_cat?post=690581"},{"taxonomy":"product_tag","embeddable":true,"href":"https:\/\/nbg.eu\/lv\/wp-json\/wp\/v2\/product_tag?post=690581"}],"curies":[{"name":"wp","href":"https:\/\/api.w.org\/{rel}","templated":true}]}}