{"id":690600,"date":"2024-08-17T14:52:53","date_gmt":"2024-08-17T11:52:53","guid":{"rendered":"https:\/\/nbg.eu\/product\/fully-adjustable-sight-kmr-black-wide\/"},"modified":"2026-05-13T16:04:35","modified_gmt":"2026-05-13T13:04:35","slug":"fully-adjustable-sight-kmr-black-wide","status":"publish","type":"product","link":"https:\/\/nbg.eu\/lv\/product\/fully-adjustable-sight-kmr-black-wide\/","title":{"rendered":"KMR Piln\u012bgi Regul\u0113jams T\u0113m\u0113klis Melns Plats"},"content":{"rendered":"<h2>Piln\u012bb\u0101 regul\u0113jama viziera KMR Black-Wide: precizit\u0101tes p\u0101r\u0101kums sacens\u012bbu \u0161\u0101v\u0113jiem<\/h2>\n<p>Piln\u012bb\u0101 regul\u0113jamais vizieris KMR Black-Wide ir vislab\u0101kais piederums sacens\u012bbu \u0161\u0101v\u0113jiem, kas mekl\u0113 nep\u0101rsp\u0113jamu precizit\u0101ti un daudzpus\u012bbu. Tas ir izstr\u0101d\u0101ts ar uzsvaru uz elev\u0101cijas\/novirzes regul\u0113\u0161anu un kontrast\u0113jo\u0161u m\u0113r\u0137a uztveri, nodro\u0161inot jums nepiecie\u0161amo veiktsp\u0113ju, lai domin\u0113tu \u0161au\u0161anas laukum\u0101.<\/p>\n<p>Ar mikrometru klik\u0161\u0137u regul\u0113jumu KMR Black-Wide \u013cauj jums prec\u012bzi noregul\u0113t tr\u0101p\u012bjuma punktu atbilsto\u0161i j\u016bsu specifiskajam \u0161\u0101vi\u0146am un att\u0101lumam, nodro\u0161inot nep\u0101rsp\u0113jamu precizit\u0101ti. Pla\u0161ais aizmugur\u0113jais iedobums nodro\u0161ina labu vizu\u0101lo uztveri \u0101trai p\u0101rsl\u0113g\u0161anai, savuk\u0101rt pretsp\u012bduma, rievot\u0101 mat\u0113ta meln\u0101 apdare elimin\u0113 saules atsp\u012bdumu, lai sasniegtu skaidru melns-uz-melna profilu.<\/p>\n<p>Neatkar\u012bgi no t\u0101, vai j\u016bs piedal\u0101ties t\u0101la att\u0101luma precizit\u0101tes sacens\u012bb\u0101s vai navig\u0113jat pa dinamiskiem t\u0113rauda izaicin\u0101jumiem, Piln\u012bb\u0101 regul\u0113jamais vizieris KMR Black-Wide ir atsl\u0113ga, lai atbr\u012bvotu j\u016bsu patieso potenci\u0101lu. Uzlabojiet savu apr\u012bkojumu un paceliet savu \u0161au\u0161anu jaunos augstumos ar \u0161o izcilo t\u0113m\u0113\u0161anas sist\u0113mu.<\/p>\n","protected":false},"excerpt":{"rendered":"<p>Piln\u012bb\u0101 regul\u0113jams t\u0113meklis KMR melns-plats &#8211; prec\u012bza paaugstin\u0101\u0161anas\/s\u0101nvirziena regul\u0113\u0161ana un augstas kontrasta m\u0113r\u0137a uztvere.<\/p>\n","protected":false},"featured_media":30345,"template":"","meta":{"_acf_changed":false},"product_brand":[11512],"product_cat":[13777],"product_tag":[],"class_list":{"0":"post-690600","1":"product","2":"type-product","3":"status-publish","4":"has-post-thumbnail","6":"product_brand-kmr-precision","7":"product_cat-kmr-detalas","9":"first","10":"instock","11":"taxable","12":"shipping-taxable","13":"product-type-simple"},"acf":[],"_links":{"self":[{"href":"https:\/\/nbg.eu\/lv\/wp-json\/wp\/v2\/product\/690600","targetHints":{"allow":["GET"]}}],"collection":[{"href":"https:\/\/nbg.eu\/lv\/wp-json\/wp\/v2\/product"}],"about":[{"href":"https:\/\/nbg.eu\/lv\/wp-json\/wp\/v2\/types\/product"}],"wp:featuredmedia":[{"embeddable":true,"href":"https:\/\/nbg.eu\/lv\/wp-json\/wp\/v2\/media\/30345"}],"wp:attachment":[{"href":"https:\/\/nbg.eu\/lv\/wp-json\/wp\/v2\/media?parent=690600"}],"wp:term":[{"taxonomy":"product_brand","embeddable":true,"href":"https:\/\/nbg.eu\/lv\/wp-json\/wp\/v2\/product_brand?post=690600"},{"taxonomy":"product_cat","embeddable":true,"href":"https:\/\/nbg.eu\/lv\/wp-json\/wp\/v2\/product_cat?post=690600"},{"taxonomy":"product_tag","embeddable":true,"href":"https:\/\/nbg.eu\/lv\/wp-json\/wp\/v2\/product_tag?post=690600"}],"curies":[{"name":"wp","href":"https:\/\/api.w.org\/{rel}","templated":true}]}}